{"id":19679,"date":"2021-02-24T21:16:52","date_gmt":"2021-02-24T19:16:52","guid":{"rendered":"https:\/\/hookahshop.lt\/?post_type=product&#038;p=19679"},"modified":"2026-04-22T23:28:47","modified_gmt":"2026-04-22T20:28:47","slug":"apsauginis-sietelis-kaljanui-njn-juodas","status":"publish","type":"product","link":"https:\/\/hookahshop.lt\/pl\/produkt\/sitko-ochronne-do-sziszy-njn-czarne\/","title":{"rendered":"Sito ochronne do fajki wodnej NJN Czarne"},"content":{"rendered":"<h2>Sito ochronne do fajki wodnej NJN Czarne<\/h2>\n<p>Zapobiega przypadkowemu spaleniu przez w\u0119giel drzewny cennych rzeczy podczas palenia w domu.<\/p>\n<p><strong>Charakterystyka:<\/strong><br \/>\nWysoko\u015b\u0107: 200 mm.<br \/>\n\u015arednica: 98mm.<br \/>\nWaga: oko\u0142o 100 gr.<\/p>\n<p>Czy masz jakie\u015b pytania? Skontaktuj si\u0119 z nami\u00a0<a href=\"https:\/\/hookahshop.lt\/pl\/lacznosc\/\">strona z kontaktami<\/a>\u00a0lub napisz do nas na adres\u00a0<a href=\"https:\/\/facebook.com\/HookahShop.lt\/\" target=\"_blank\" rel=\"noopener noreferrer\">konto na Facebooku<\/a>\u00a0a my odpowiemy na Twoj\u0105 pro\u015bb\u0119 tego samego dnia.<\/p>","protected":false},"excerpt":{"rendered":"<p>Sitko ochronne do fajki wodnej NJN Black Zapobiega przypadkowemu spaleniu cennego mienia w\u0119glem podczas palenia w domu. Charakterystyka: Wysoko\u015b\u0107: 200 mm. \u015arednica: 98mm. Waga: oko\u0142o 100 gr. Czy masz jakie\u015b pytania? Skontaktuj si\u0119 z nami na stronie kontaktowej lub napisz do nas na Facebooku, a my odpowiemy na Twoj\u0105 pro\u015bb\u0119 jeszcze tego samego dnia.<\/p>","protected":false},"featured_media":19680,"comment_status":"open","ping_status":"closed","template":"","meta":[],"_links":{"self":[{"href":"https:\/\/hookahshop.lt\/pl\/wp-json\/wp\/v2\/product\/19679"}],"collection":[{"href":"https:\/\/hookahshop.lt\/pl\/wp-json\/wp\/v2\/product"}],"about":[{"href":"https:\/\/hookahshop.lt\/pl\/wp-json\/wp\/v2\/types\/product"}],"replies":[{"embeddable":true,"href":"https:\/\/hookahshop.lt\/pl\/wp-json\/wp\/v2\/comments?post=19679"}],"version-history":[{"count":4,"href":"https:\/\/hookahshop.lt\/pl\/wp-json\/wp\/v2\/product\/19679\/revisions"}],"predecessor-version":[{"id":28581,"href":"https:\/\/hookahshop.lt\/pl\/wp-json\/wp\/v2\/product\/19679\/revisions\/28581"}],"wp:featuredmedia":[{"embeddable":true,"href":"https:\/\/hookahshop.lt\/pl\/wp-json\/wp\/v2\/media\/19680"}],"wp:attachment":[{"href":"https:\/\/hookahshop.lt\/pl\/wp-json\/wp\/v2\/media?parent=19679"}],"curies":[{"name":"wp","href":"https:\/\/api.w.org\/{rel}","templated":true}]}}