{"id":19684,"date":"2021-02-24T21:59:01","date_gmt":"2021-02-24T19:59:01","guid":{"rendered":"https:\/\/hookahshop.lt\/?post_type=product&#038;p=19684"},"modified":"2026-04-19T23:29:21","modified_gmt":"2026-04-19T20:29:21","slug":"taurele-kaljanui-oblako-killer","status":"publish","type":"product","link":"https:\/\/hookahshop.lt\/pl\/produkt\/kubek-szisza-zabojca-chmur\/","title":{"rendered":"Kubek do fajki wodnej OBLAKO Killer"},"content":{"rendered":"<h2>Kubek do fajki wodnej OBLAKO Killer<\/h2>\n<p>Kubek przeznaczony jest do codziennego palenia, idealny do lekkiego i ci\u0119\u017ckiego tytoniu.<\/p>\n<p>Spo\u017cycie tytoniu 23-28 gram\u00f3w.<\/p>\n<p>Charakterystyka:<br \/>\nWysoko\u015b\u0107: 120mm.<br \/>\n\u015arednica (zewn\u0119trzna): 72 mm.<br \/>\n\u015arednica (wewn\u0119trzna): 63 mm.<br \/>\nG\u0142\u0119boko\u015b\u0107: 16 mm.<br \/>\nIlo\u015b\u0107 otwor\u00f3w: 5 szt.<br \/>\nWaga: oko\u0142o 184 gram\u00f3w.<\/p>\n<p>Czy masz jakie\u015b pytania? Skontaktuj si\u0119 z nami\u00a0<a href=\"https:\/\/hookahshop.lt\/pl\/lacznosc\/\">strona z kontaktami<\/a>\u00a0lub napisz do nas na adres\u00a0<a href=\"https:\/\/facebook.com\/HookahShop.lt\/\" target=\"_blank\" rel=\"noopener noreferrer\">konto na Facebooku<\/a>\u00a0a my odpowiemy na Twoj\u0105 pro\u015bb\u0119 tego samego dnia.<\/p>\n<p>&nbsp;<\/p>","protected":false},"excerpt":{"rendered":"<p>Kubek do fajki wodnej OBLAKO Killer Kubek przeznaczony do codziennego palenia, idealny do lekkich i ci\u0119\u017ckich tytoni. Konsumpcja tytoniu 23-28 gram\u00f3w. Charakterystyka: Wysoko\u015b\u0107: 120 mm. \u015arednica (zewn\u0119trzna): 72 mm. \u015arednica (wewn\u0119trzna): 63 mm. G\u0142\u0119boko\u015b\u0107: 16 mm. Ilo\u015b\u0107 otwor\u00f3w: 5 szt. Waga: oko\u0142o 184 gram\u00f3w. Czy masz jakie\u015b pytania? Skontaktuj si\u0119 z nami na stronie kontaktowej lub napisz do nas na naszym koncie na Facebooku, a my odpowiemy na Twoje zapytanie w [\u2026]<\/p>","protected":false},"featured_media":19685,"comment_status":"open","ping_status":"closed","template":"","meta":[],"_links":{"self":[{"href":"https:\/\/hookahshop.lt\/pl\/wp-json\/wp\/v2\/product\/19684"}],"collection":[{"href":"https:\/\/hookahshop.lt\/pl\/wp-json\/wp\/v2\/product"}],"about":[{"href":"https:\/\/hookahshop.lt\/pl\/wp-json\/wp\/v2\/types\/product"}],"replies":[{"embeddable":true,"href":"https:\/\/hookahshop.lt\/pl\/wp-json\/wp\/v2\/comments?post=19684"}],"version-history":[{"count":3,"href":"https:\/\/hookahshop.lt\/pl\/wp-json\/wp\/v2\/product\/19684\/revisions"}],"predecessor-version":[{"id":26690,"href":"https:\/\/hookahshop.lt\/pl\/wp-json\/wp\/v2\/product\/19684\/revisions\/26690"}],"wp:featuredmedia":[{"embeddable":true,"href":"https:\/\/hookahshop.lt\/pl\/wp-json\/wp\/v2\/media\/19685"}],"wp:attachment":[{"href":"https:\/\/hookahshop.lt\/pl\/wp-json\/wp\/v2\/media?parent=19684"}],"curies":[{"name":"wp","href":"https:\/\/api.w.org\/{rel}","templated":true}]}}