{"id":19689,"date":"2021-02-24T22:14:11","date_gmt":"2021-02-24T20:14:11","guid":{"rendered":"https:\/\/hookahshop.lt\/?post_type=product&#038;p=19689"},"modified":"2026-04-17T23:29:36","modified_gmt":"2026-04-17T20:29:36","slug":"taurele-kaljanui-lets-smoke-turkish-2","status":"publish","type":"product","link":"https:\/\/hookahshop.lt\/pl\/produkt\/filizanka-fajki-palimy-tureckiej-2\/","title":{"rendered":"Kubek do fajki wodnej LETS SMOKE Turecki"},"content":{"rendered":"<h2>Kubek do fajki wodnej LETS SMOKE Turecki<\/h2>\n<p>Kubek wykonany jest z wysokiej jako\u015bci gliny, dzi\u0119ki czemu r\u00f3wnomiernie rozprowadza ciep\u0142o i utrzymuje je przez ca\u0142y okres palenia.<\/p>\n<p>Pojemno\u015b\u0107 kubka to 14-18 gram\u00f3w.<\/p>\n<p>Czy masz jakie\u015b pytania? Skontaktuj si\u0119 z nami\u00a0<a href=\"https:\/\/hookahshop.lt\/pl\/lacznosc\/\">strona z kontaktami<\/a>\u00a0lub napisz do nas na adres\u00a0<a href=\"https:\/\/facebook.com\/HookahShop.lt\/\" target=\"_blank\" rel=\"noopener noreferrer\">konto na Facebooku<\/a>\u00a0a my odpowiemy na Twoj\u0105 pro\u015bb\u0119 tego samego dnia.<\/p>","protected":false},"excerpt":{"rendered":"<p>Miska na fajk\u0119 wodn\u0105 LETS SMOKE Turkish Misa wykonana jest z wysokiej jako\u015bci gliny, dzi\u0119ki czemu r\u00f3wnomiernie rozprowadza ciep\u0142o i utrzymuje je przez ca\u0142y okres w\u0119dzenia. Pojemno\u015b\u0107 kubka to 14-18 gram\u00f3w. Czy masz jakie\u015b pytania? Skontaktuj si\u0119 z nami na stronie kontaktowej lub napisz do nas na Facebooku, a my odpowiemy na Twoj\u0105 pro\u015bb\u0119 jeszcze tego samego dnia.<\/p>","protected":false},"featured_media":19690,"comment_status":"open","ping_status":"closed","template":"","meta":[],"_links":{"self":[{"href":"https:\/\/hookahshop.lt\/pl\/wp-json\/wp\/v2\/product\/19689"}],"collection":[{"href":"https:\/\/hookahshop.lt\/pl\/wp-json\/wp\/v2\/product"}],"about":[{"href":"https:\/\/hookahshop.lt\/pl\/wp-json\/wp\/v2\/types\/product"}],"replies":[{"embeddable":true,"href":"https:\/\/hookahshop.lt\/pl\/wp-json\/wp\/v2\/comments?post=19689"}],"version-history":[{"count":4,"href":"https:\/\/hookahshop.lt\/pl\/wp-json\/wp\/v2\/product\/19689\/revisions"}],"predecessor-version":[{"id":29540,"href":"https:\/\/hookahshop.lt\/pl\/wp-json\/wp\/v2\/product\/19689\/revisions\/29540"}],"wp:featuredmedia":[{"embeddable":true,"href":"https:\/\/hookahshop.lt\/pl\/wp-json\/wp\/v2\/media\/19690"}],"wp:attachment":[{"href":"https:\/\/hookahshop.lt\/pl\/wp-json\/wp\/v2\/media?parent=19689"}],"curies":[{"name":"wp","href":"https:\/\/api.w.org\/{rel}","templated":true}]}}