{"id":19693,"date":"2021-02-24T22:39:33","date_gmt":"2021-02-24T20:39:33","guid":{"rendered":"https:\/\/hookahshop.lt\/?post_type=product&#038;p=19693"},"modified":"2026-04-24T23:29:26","modified_gmt":"2026-04-24T20:29:26","slug":"taurele-kaljanui-japona-hookah-butterfly","status":"publish","type":"product","link":"https:\/\/hookahshop.lt\/pl\/produkt\/kubek-na-szisze-japonska-motyl\/","title":{"rendered":"Kubek do fajki wodnej JAPONA SZIO\u0141KA Motyl"},"content":{"rendered":"<h2>Kubek do fajki wodnej JAPONA SZIO\u0141KA Motyl<\/h2>\n<p>Ta miseczka na fajki wodne to kolejne arcydzie\u0142o japo\u0144skiego producenta. Wyj\u0105tkowy wygl\u0105d dodaje urody ka\u017cdej fajce wodnej. Kubek wykonany jest z czerwonej gliny i wykonany zosta\u0142 r\u0119kami mistrz\u00f3w na kole garncarskim.<\/p>\n<p>Pojemno\u015b\u0107 kubka 17 g.<\/p>\n<p><strong>Charakterystyka:<\/strong><br \/>\nWysoko\u015b\u0107: 116 mm;<br \/>\n\u015arednica (zewn\u0119trzna): 75 mm;<br \/>\n\u015arednica (wewn\u0119trzna): 65 mm;<br \/>\nG\u0142\u0119boko\u015b\u0107: 14mm;<br \/>\nIlo\u015b\u0107 otwor\u00f3w: 1 szt.;<br \/>\nWaga: oko\u0142o 155 gram\u00f3w.<\/p>\n<p>Czy masz jakie\u015b pytania? Skontaktuj si\u0119 z nami\u00a0<a href=\"https:\/\/hookahshop.lt\/pl\/lacznosc\/\">strona z kontaktami<\/a>\u00a0lub napisz do nas na adres\u00a0<a href=\"https:\/\/facebook.com\/HookahShop.lt\/\" target=\"_blank\" rel=\"noopener noreferrer\">konto na Facebooku<\/a>\u00a0a my odpowiemy na Twoj\u0105 pro\u015bb\u0119 tego samego dnia.<\/p>\n<p>&nbsp;<\/p>","protected":false},"excerpt":{"rendered":"<p>Kubek na fajk\u0119 wodn\u0105 JAPAN HOOKAH Butterfly Kubek na fajk\u0119 wodn\u0105 to kolejne arcydzie\u0142o japo\u0144skiego producenta. Wyj\u0105tkowy wygl\u0105d dodaje urody ka\u017cdej fajce wodnej. Kubek wykonany jest z czerwonej gliny i wykonany zosta\u0142 r\u0119kami mistrz\u00f3w na kole garncarskim. Pojemno\u015b\u0107 kubka 17 g. Charakterystyka: Wysoko\u015b\u0107: 116 mm; \u015arednica (zewn\u0119trzna): 75 mm; \u015arednica (wewn\u0119trzna): 65 mm; G\u0142\u0119boko\u015b\u0107: 14mm; Ilo\u015b\u0107 otwor\u00f3w: 1 szt.; Waga: [\u2026]<\/p>","protected":false},"featured_media":19694,"comment_status":"open","ping_status":"closed","template":"","meta":[],"_links":{"self":[{"href":"https:\/\/hookahshop.lt\/pl\/wp-json\/wp\/v2\/product\/19693"}],"collection":[{"href":"https:\/\/hookahshop.lt\/pl\/wp-json\/wp\/v2\/product"}],"about":[{"href":"https:\/\/hookahshop.lt\/pl\/wp-json\/wp\/v2\/types\/product"}],"replies":[{"embeddable":true,"href":"https:\/\/hookahshop.lt\/pl\/wp-json\/wp\/v2\/comments?post=19693"}],"version-history":[{"count":5,"href":"https:\/\/hookahshop.lt\/pl\/wp-json\/wp\/v2\/product\/19693\/revisions"}],"predecessor-version":[{"id":43016,"href":"https:\/\/hookahshop.lt\/pl\/wp-json\/wp\/v2\/product\/19693\/revisions\/43016"}],"wp:featuredmedia":[{"embeddable":true,"href":"https:\/\/hookahshop.lt\/pl\/wp-json\/wp\/v2\/media\/19694"}],"wp:attachment":[{"href":"https:\/\/hookahshop.lt\/pl\/wp-json\/wp\/v2\/media?parent=19693"}],"curies":[{"name":"wp","href":"https:\/\/api.w.org\/{rel}","templated":true}]}}