{"id":19704,"date":"2021-02-25T18:25:34","date_gmt":"2021-02-25T16:25:34","guid":{"rendered":"https:\/\/hookahshop.lt\/?post_type=product&#038;p=19704"},"modified":"2026-04-17T16:32:50","modified_gmt":"2026-04-17T13:32:50","slug":"individualus-kaljano-kandiklis-mun-pluto","status":"publish","type":"product","link":"https:\/\/hookahshop.lt\/pl\/produkt\/niestandardowy-ustnik-do-fajki-wodnej-mun-skorupa\/","title":{"rendered":"Hak indywidualny MUN Pluto"},"content":{"rendered":"<h2>Hak indywidualny MUN Pluto<\/h2>\n<p>Ustnik do fajki wodnej, kt\u00f3ry emanuje luksusem i estetyk\u0105, wykonany jest z naturalnego drewna. W komplecie tasiemka na karku z logo marki i pude\u0142kiem.<\/p>\n<p>Czy masz jakie\u015b pytania? Skontaktuj si\u0119 z nami\u00a0<a href=\"https:\/\/hookahshop.lt\/pl\/lacznosc\/\">strona z kontaktami<\/a>\u00a0lub napisz do nas na adres\u00a0<a href=\"https:\/\/facebook.com\/HookahShop.lt\/\" target=\"_blank\" rel=\"noopener noreferrer\">konto na Facebooku<\/a>\u00a0a my odpowiemy na Twoj\u0105 pro\u015bb\u0119 tego samego dnia.<\/p>","protected":false},"excerpt":{"rendered":"<p>Indywidualny ustnik do fajki wodnej MUN Pluto Luksusowy i estetyczny ustnik do fajki wodnej wykonany jest z naturalnego drewna. W zestawie markowy pasek na szyj\u0119 i pude\u0142ko. Czy masz jakie\u015b pytania? Skontaktuj si\u0119 z nami na stronie kontaktowej lub napisz do nas na naszym koncie na Facebooku, a my odpowiemy na Twoj\u0105 pro\u015bb\u0119 jeszcze tego samego dnia.<\/p>","protected":false},"featured_media":21125,"comment_status":"open","ping_status":"closed","template":"","meta":[],"_links":{"self":[{"href":"https:\/\/hookahshop.lt\/pl\/wp-json\/wp\/v2\/product\/19704"}],"collection":[{"href":"https:\/\/hookahshop.lt\/pl\/wp-json\/wp\/v2\/product"}],"about":[{"href":"https:\/\/hookahshop.lt\/pl\/wp-json\/wp\/v2\/types\/product"}],"replies":[{"embeddable":true,"href":"https:\/\/hookahshop.lt\/pl\/wp-json\/wp\/v2\/comments?post=19704"}],"version-history":[{"count":3,"href":"https:\/\/hookahshop.lt\/pl\/wp-json\/wp\/v2\/product\/19704\/revisions"}],"predecessor-version":[{"id":33275,"href":"https:\/\/hookahshop.lt\/pl\/wp-json\/wp\/v2\/product\/19704\/revisions\/33275"}],"wp:featuredmedia":[{"embeddable":true,"href":"https:\/\/hookahshop.lt\/pl\/wp-json\/wp\/v2\/media\/21125"}],"wp:attachment":[{"href":"https:\/\/hookahshop.lt\/pl\/wp-json\/wp\/v2\/media?parent=19704"}],"curies":[{"name":"wp","href":"https:\/\/api.w.org\/{rel}","templated":true}]}}