{"id":19714,"date":"2021-02-25T19:16:19","date_gmt":"2021-02-25T17:16:19","guid":{"rendered":"https:\/\/hookahshop.lt\/?post_type=product&#038;p=19714"},"modified":"2026-04-17T23:29:22","modified_gmt":"2026-04-17T20:29:22","slug":"kaljanas-nube-unique-volt-white","status":"publish","type":"product","link":"https:\/\/hookahshop.lt\/pl\/produkt\/fajka-wodna-nube-unique-volt-biala\/","title":{"rendered":"Fajka wodna NUBE Unique Volt White"},"content":{"rendered":"<h2>Fajka wodna NUBE UNIQUE Volt White<\/h2>\n<p>Szisza wykonana jest z drewna jesionowego i stali nierdzewnej AISI 321 z now\u0105 technologi\u0105 wydmuchu dymu. W fajce wodnej zastosowano system wydmuchu dymu Cool Down montowany w formie przycisku. Pozwala to kontrolowa\u0107 ciep\u0142o podczas u\u017cytkowania. Trzon i ustnik wykonane s\u0105 w wyrafinowanym stylu, ozdobne wstawki wykonane s\u0105 z naturalnego drewna i pomalowane na \u015bnie\u017cnobia\u0142y kolor. Za pomoc\u0105 pr\u0105du elektrycznego (wypalania tekstury drewna) na wyko\u0144czenie drewna nak\u0142adany jest wz\u00f3r w kszta\u0142cie b\u0142yskawicy.<\/p>\n<p><strong>Charakterystyka:<\/strong><br \/>\nWaga fajki wodnej: oko\u0142o 1895 gr.<br \/>\nWysoko\u015b\u0107 fajki wodnej: 530 mm.<br \/>\nTrzon: wysokoodporna stal nierdzewna AISI 321, mm 14D.<br \/>\nWyko\u0144czenie trzonka: drewno jesionowe.<br \/>\nUstnik: stal nierdzewna AISI 321 i drewno jesionowe.<br \/>\nD\u0142ugo\u015b\u0107 t\u0142umika: 310mm.<br \/>\nW\u0105\u017c: mi\u0119kki w dotyku.<br \/>\nD\u0142ugo\u015b\u0107 w\u0119\u017ca: 1500 mm.<\/p>\n<p>Czy masz jakie\u015b pytania? Skontaktuj si\u0119 z nami\u00a0<a href=\"https:\/\/hookahshop.lt\/pl\/lacznosc\/\">strona z kontaktami<\/a>\u00a0lub napisz do nas na adres\u00a0<a href=\"https:\/\/facebook.com\/HookahShop.lt\/\" target=\"_blank\" rel=\"noopener noreferrer\">konto na Facebooku<\/a>\u00a0a my odpowiemy na Twoj\u0105 pro\u015bb\u0119 tego samego dnia.<\/p>","protected":false},"excerpt":{"rendered":"<p>Fajka wodna NUBE UNIQUE Volt White wykonana jest z drewna jesionowego i stali nierdzewnej AISI 321, z now\u0105 technologi\u0105 odprowadzania dymu. W fajce zastosowano system odprowadzania dymu Cool Down, za pomoc\u0105 przycisku. Pozwala to na kontrol\u0119 temperatury podczas u\u017cytkowania. Trzonek i ustnik wykonane s\u0105 w wyrafinowanym stylu, a ozdobne wstawki z naturalnego drewna pomalowane s\u0105 na \u015bnie\u017cnobia\u0142y kolor. [\u2026]<\/p>","protected":false},"featured_media":19715,"comment_status":"open","ping_status":"closed","template":"","meta":[],"_links":{"self":[{"href":"https:\/\/hookahshop.lt\/pl\/wp-json\/wp\/v2\/product\/19714"}],"collection":[{"href":"https:\/\/hookahshop.lt\/pl\/wp-json\/wp\/v2\/product"}],"about":[{"href":"https:\/\/hookahshop.lt\/pl\/wp-json\/wp\/v2\/types\/product"}],"replies":[{"embeddable":true,"href":"https:\/\/hookahshop.lt\/pl\/wp-json\/wp\/v2\/comments?post=19714"}],"version-history":[{"count":6,"href":"https:\/\/hookahshop.lt\/pl\/wp-json\/wp\/v2\/product\/19714\/revisions"}],"predecessor-version":[{"id":34544,"href":"https:\/\/hookahshop.lt\/pl\/wp-json\/wp\/v2\/product\/19714\/revisions\/34544"}],"wp:featuredmedia":[{"embeddable":true,"href":"https:\/\/hookahshop.lt\/pl\/wp-json\/wp\/v2\/media\/19715"}],"wp:attachment":[{"href":"https:\/\/hookahshop.lt\/pl\/wp-json\/wp\/v2\/media?parent=19714"}],"curies":[{"name":"wp","href":"https:\/\/api.w.org\/{rel}","templated":true}]}}