{"id":19725,"date":"2021-02-25T20:13:15","date_gmt":"2021-02-25T18:13:15","guid":{"rendered":"https:\/\/hookahshop.lt\/?post_type=product&#038;p=19725"},"modified":"2026-04-21T23:29:12","modified_gmt":"2026-04-21T20:29:12","slug":"individualus-kaljano-kandiklis-lets-smoke","status":"publish","type":"product","link":"https:\/\/hookahshop.lt\/pl\/produkt\/niestandardowy-ustnik-do-fajki-wodnej-palmy\/","title":{"rendered":"Indywidualny ustnik do fajki wodnej LETS SMOKE"},"content":{"rendered":"<h2>Indywidualny ustnik do fajki wodnej LETS SMOKE<\/h2>\n<p>Jest to \u015bwietnie zaprojektowany ustnik osobisty, wykonany z wysokiej jako\u015bci tworzywa sztucznego, dzi\u0119ki czemu jest ca\u0142kowicie bezpieczny.<\/p>\n<p>Czy masz jakie\u015b pytania? Skontaktuj si\u0119 z nami\u00a0<a href=\"https:\/\/hookahshop.lt\/pl\/lacznosc\/\">strona z kontaktami<\/a>\u00a0lub napisz do nas na adres\u00a0<a href=\"https:\/\/facebook.com\/HookahShop.lt\/\" target=\"_blank\" rel=\"noopener noreferrer\">konto na Facebooku<\/a>\u00a0a my odpowiemy na Twoj\u0105 pro\u015bb\u0119 tego samego dnia.<\/p>","protected":false},"excerpt":{"rendered":"<p>Indywidualny ustnik do fajki wodnej LETS SMOKE Jest to pi\u0119knie zaprojektowany osobisty ustnik wykonany z wysokiej jako\u015bci tworzywa sztucznego, dzi\u0119ki czemu jest ca\u0142kowicie bezpieczny. Czy masz jakie\u015b pytania? Skontaktuj si\u0119 z nami na stronie kontaktowej lub napisz do nas na naszym koncie na Facebooku, a my odpowiemy na Twoj\u0105 pro\u015bb\u0119 jeszcze tego samego dnia.<\/p>","protected":false},"featured_media":19727,"comment_status":"open","ping_status":"closed","template":"","meta":[],"_links":{"self":[{"href":"https:\/\/hookahshop.lt\/pl\/wp-json\/wp\/v2\/product\/19725"}],"collection":[{"href":"https:\/\/hookahshop.lt\/pl\/wp-json\/wp\/v2\/product"}],"about":[{"href":"https:\/\/hookahshop.lt\/pl\/wp-json\/wp\/v2\/types\/product"}],"replies":[{"embeddable":true,"href":"https:\/\/hookahshop.lt\/pl\/wp-json\/wp\/v2\/comments?post=19725"}],"version-history":[{"count":5,"href":"https:\/\/hookahshop.lt\/pl\/wp-json\/wp\/v2\/product\/19725\/revisions"}],"predecessor-version":[{"id":29325,"href":"https:\/\/hookahshop.lt\/pl\/wp-json\/wp\/v2\/product\/19725\/revisions\/29325"}],"wp:featuredmedia":[{"embeddable":true,"href":"https:\/\/hookahshop.lt\/pl\/wp-json\/wp\/v2\/media\/19727"}],"wp:attachment":[{"href":"https:\/\/hookahshop.lt\/pl\/wp-json\/wp\/v2\/media?parent=19725"}],"curies":[{"name":"wp","href":"https:\/\/api.w.org\/{rel}","templated":true}]}}