{"id":19732,"date":"2021-02-25T20:41:19","date_gmt":"2021-02-25T18:41:19","guid":{"rendered":"https:\/\/hookahshop.lt\/?post_type=product&#038;p=19732"},"modified":"2026-05-13T13:52:17","modified_gmt":"2026-05-13T10:52:17","slug":"vienkartiniai-kandikliai-kaljanui-arma-3cm-100vnt-black","status":"publish","type":"product","link":"https:\/\/hookahshop.lt\/pl\/produkt\/jednorazowe-ustniki-do-fajki-wodnej-arma-3cm-100szt-czarne\/","title":{"rendered":"Jednorazowe haczyki do fajki wodnej ARMA 3cm 100szt Czarne"},"content":{"rendered":"<h2>Jednorazowe haczyki do fajki wodnej ARMA 3cm 100szt Czarne<\/h2>\n<p>Jedno opakowanie zawiera 100 szt. czarne jednorazowe ustniki do fajki wodnej. Wykonane z wysokiej jako\u015bci tworzywa sztucznego, dzi\u0119ki czemu wszystkie s\u0105 bezpieczne.<\/p>\n<p>Czy masz jakie\u015b pytania? Skontaktuj si\u0119 z nami\u00a0<a href=\"https:\/\/hookahshop.lt\/pl\/lacznosc\/\">strona z kontaktami<\/a>\u00a0lub napisz do nas na adres\u00a0<a href=\"https:\/\/facebook.com\/HookahShop.lt\/\" target=\"_blank\" rel=\"noopener noreferrer\">konto na Facebooku<\/a> a my odpowiemy na Twoj\u0105 pro\u015bb\u0119 tego samego dnia.<\/p>\n<p>&nbsp;<\/p>","protected":false},"excerpt":{"rendered":"<p>Jednorazowe ustniki do fajki wodnej ARMA 3cm 100szt Czarne Jedno opakowanie zawiera 100szt. czarne jednorazowe ustniki do fajki wodnej. Wykonane z wysokiej jako\u015bci tworzywa sztucznego, dzi\u0119ki czemu wszystkie s\u0105 bezpieczne. Czy masz jakie\u015b pytania? Skontaktuj si\u0119 z nami na stronie kontaktowej lub napisz do nas na naszym koncie na Facebooku, a my odpowiemy na Twoj\u0105 pro\u015bb\u0119 jeszcze tego samego dnia. &nbsp;<\/p>","protected":false},"featured_media":19737,"comment_status":"open","ping_status":"closed","template":"","meta":[],"_links":{"self":[{"href":"https:\/\/hookahshop.lt\/pl\/wp-json\/wp\/v2\/product\/19732"}],"collection":[{"href":"https:\/\/hookahshop.lt\/pl\/wp-json\/wp\/v2\/product"}],"about":[{"href":"https:\/\/hookahshop.lt\/pl\/wp-json\/wp\/v2\/types\/product"}],"replies":[{"embeddable":true,"href":"https:\/\/hookahshop.lt\/pl\/wp-json\/wp\/v2\/comments?post=19732"}],"version-history":[{"count":4,"href":"https:\/\/hookahshop.lt\/pl\/wp-json\/wp\/v2\/product\/19732\/revisions"}],"predecessor-version":[{"id":29327,"href":"https:\/\/hookahshop.lt\/pl\/wp-json\/wp\/v2\/product\/19732\/revisions\/29327"}],"wp:featuredmedia":[{"embeddable":true,"href":"https:\/\/hookahshop.lt\/pl\/wp-json\/wp\/v2\/media\/19737"}],"wp:attachment":[{"href":"https:\/\/hookahshop.lt\/pl\/wp-json\/wp\/v2\/media?parent=19732"}],"curies":[{"name":"wp","href":"https:\/\/api.w.org\/{rel}","templated":true}]}}