{"id":19750,"date":"2021-02-26T16:18:56","date_gmt":"2021-02-26T14:18:56","guid":{"rendered":"https:\/\/hookahshop.lt\/?post_type=product&#038;p=19750"},"modified":"2026-04-14T23:28:57","modified_gmt":"2026-04-14T20:28:57","slug":"kaljanas-voodoo-micro-blue-black","status":"publish","type":"product","link":"https:\/\/hookahshop.lt\/pl\/produkt\/fajka-wodna-mikro-niebiesko-czarna\/","title":{"rendered":"Fajka wodna VOODOO Micro Niebiesko-Czarna"},"content":{"rendered":"<h2>Fajka wodna VOODOO Micro Niebiesko-Czarna<\/h2>\n<p>Jest to fajka wodna o wysokiej jako\u015bci i niewielkich rozmiarach. Wykonany ze stali nierdzewnej, anodowanego aluminium oraz wysokiej jako\u015bci polimeru. Wyr\u00f3\u017cnia si\u0119 swoim rozmiarem, tylko 34 cm, jest praktyczny, dzi\u0119ki czemu mo\u017cna go zabra\u0107 ze sob\u0105 w podr\u00f3\u017c lub na wakacje.<\/p>\n<p>Czy masz jakie\u015b pytania? Skontaktuj si\u0119 z nami\u00a0<a href=\"https:\/\/hookahshop.lt\/pl\/lacznosc\/\">strona z kontaktami<\/a>\u00a0lub napisz do nas na adres\u00a0<a href=\"https:\/\/facebook.com\/HookahShop.lt\/\" target=\"_blank\" rel=\"noopener noreferrer\">konto na Facebooku<\/a>\u00a0a my odpowiemy na Twoj\u0105 pro\u015bb\u0119 tego samego dnia.<\/p>","protected":false},"excerpt":{"rendered":"<p>Hookah VOODOO Micro Blue-Black To wysokiej jako\u015bci i niewielkich rozmiar\u00f3w hookah. Wykonana ze stali nierdzewnej, anodowanego aluminium i wysokiej jako\u015bci polimeru. Wyr\u00f3\u017cnia si\u0119 rozmiarem, zaledwie 34 cm, jest praktyczna, wi\u0119c mo\u017cesz zabra\u0107 j\u0105 ze sob\u0105 w podr\u00f3\u017c lub na wakacje. Masz jakie\u015b pytania? Skontaktuj si\u0119 z nami na stronie kontaktowej lub napisz do nas na Facebooku, a my odpowiemy na Twoje zapytanie tak szybko, jak to mo\u017cliwe [\u2026]<\/p>","protected":false},"featured_media":19765,"comment_status":"open","ping_status":"closed","template":"","meta":[],"_links":{"self":[{"href":"https:\/\/hookahshop.lt\/pl\/wp-json\/wp\/v2\/product\/19750"}],"collection":[{"href":"https:\/\/hookahshop.lt\/pl\/wp-json\/wp\/v2\/product"}],"about":[{"href":"https:\/\/hookahshop.lt\/pl\/wp-json\/wp\/v2\/types\/product"}],"replies":[{"embeddable":true,"href":"https:\/\/hookahshop.lt\/pl\/wp-json\/wp\/v2\/comments?post=19750"}],"version-history":[{"count":3,"href":"https:\/\/hookahshop.lt\/pl\/wp-json\/wp\/v2\/product\/19750\/revisions"}],"predecessor-version":[{"id":22662,"href":"https:\/\/hookahshop.lt\/pl\/wp-json\/wp\/v2\/product\/19750\/revisions\/22662"}],"wp:featuredmedia":[{"embeddable":true,"href":"https:\/\/hookahshop.lt\/pl\/wp-json\/wp\/v2\/media\/19765"}],"wp:attachment":[{"href":"https:\/\/hookahshop.lt\/pl\/wp-json\/wp\/v2\/media?parent=19750"}],"curies":[{"name":"wp","href":"https:\/\/api.w.org\/{rel}","templated":true}]}}