{"id":19933,"date":"2021-03-04T21:09:06","date_gmt":"2021-03-04T19:09:06","guid":{"rendered":"https:\/\/hookahshop.lt\/?post_type=product&#038;p=19933"},"modified":"2026-04-15T12:29:02","modified_gmt":"2026-04-15T09:29:02","slug":"kandiklis-kaljanui-aliumininis-juodas","status":"publish","type":"product","link":"https:\/\/hookahshop.lt\/pl\/produkt\/ustnik-do-sziszy-aluminiowo-czarny\/","title":{"rendered":"Ustnik do fajki wodnej Aluminium Czarny"},"content":{"rendered":"<h2>Ustnik do fajki wodnej Aluminium Czarny<\/h2>\n<p>Jednocz\u0119\u015bciowy integralny ustnik, odpowiedni do prawie wszystkich w\u0119\u017cy silikonowych. Nadaje si\u0119 do r\u00f3\u017cnych rodzaj\u00f3w ustnik\u00f3w jednorazowych.<\/p>\n<p><strong>Specyfikacja:<\/strong><br \/>\nD\u0142ugo\u015b\u0107: 36,5 cm<br \/>\nSzeroko\u015b\u0107: 1,2 cm<br \/>\nCzarny kolor<\/p>\n<p>Czy masz jakie\u015b pytania? Skontaktuj si\u0119 z nami\u00a0<a href=\"https:\/\/hookahshop.lt\/pl\/lacznosc\/\">strona z kontaktami<\/a>\u00a0lub napisz do nas na adres\u00a0<a href=\"https:\/\/facebook.com\/HookahShop.lt\/\" target=\"_blank\" rel=\"noopener noreferrer\">konto na Facebooku<\/a>\u00a0a my odpowiemy na Twoj\u0105 pro\u015bb\u0119 tego samego dnia.<\/p>","protected":false},"excerpt":{"rendered":"<p>Ustnik do fajki wodnej Aluminium Czarny Jednocz\u0119\u015bciowy, zintegrowany ustnik, pasuj\u0105cy do prawie wszystkich w\u0119\u017cy silikonowych. Nadaje si\u0119 do r\u00f3\u017cnych typ\u00f3w ustnik\u00f3w jednorazowych. Specyfikacja: D\u0142ugo\u015b\u0107: 36,5 cm Szeroko\u015b\u0107: 1,2 cm Kolor: Czarny Masz pytania? Skontaktuj si\u0119 z nami na stronie kontaktowej lub napisz do nas na naszym koncie na Facebooku, a my odpowiemy na Twoj\u0105 pro\u015bb\u0119 jeszcze tego samego dnia.<\/p>","protected":false},"featured_media":32010,"comment_status":"open","ping_status":"closed","template":"","meta":[],"_links":{"self":[{"href":"https:\/\/hookahshop.lt\/pl\/wp-json\/wp\/v2\/product\/19933"}],"collection":[{"href":"https:\/\/hookahshop.lt\/pl\/wp-json\/wp\/v2\/product"}],"about":[{"href":"https:\/\/hookahshop.lt\/pl\/wp-json\/wp\/v2\/types\/product"}],"replies":[{"embeddable":true,"href":"https:\/\/hookahshop.lt\/pl\/wp-json\/wp\/v2\/comments?post=19933"}],"version-history":[{"count":5,"href":"https:\/\/hookahshop.lt\/pl\/wp-json\/wp\/v2\/product\/19933\/revisions"}],"predecessor-version":[{"id":36722,"href":"https:\/\/hookahshop.lt\/pl\/wp-json\/wp\/v2\/product\/19933\/revisions\/36722"}],"wp:featuredmedia":[{"embeddable":true,"href":"https:\/\/hookahshop.lt\/pl\/wp-json\/wp\/v2\/media\/32010"}],"wp:attachment":[{"href":"https:\/\/hookahshop.lt\/pl\/wp-json\/wp\/v2\/media?parent=19933"}],"curies":[{"name":"wp","href":"https:\/\/api.w.org\/{rel}","templated":true}]}}