{"id":19941,"date":"2021-03-04T21:32:47","date_gmt":"2021-03-04T19:32:47","guid":{"rendered":"https:\/\/hookahshop.lt\/?post_type=product&#038;p=19941"},"modified":"2026-04-17T23:29:09","modified_gmt":"2026-04-17T20:29:09","slug":"anglys-kaljanui-oasis-kaloud-edition-1kg","status":"publish","type":"product","link":"https:\/\/hookahshop.lt\/pl\/produkt\/wegiel-do-fajki-wodnej-oasis-kaloud-edition-1kg\/","title":{"rendered":"W\u0119giel do fajki wodnej OASIS Kaloud Edition 1kg"},"content":{"rendered":"<h2>W\u0119giel do fajki wodnej OASIS Kaloud Edition 1kg<\/h2>\n<p>Producent stworzy\u0142 specjalnie ukszta\u0142towane w\u0119gle, kt\u00f3re idealnie pasuj\u0105 i pasuj\u0105 do komory grzewczej. W\u0119gle produkowane s\u0105 z naturalnych surowc\u00f3w 100% wed\u0142ug unikalnej receptury. Dzi\u0119ki temu najwy\u017cszej jako\u015bci w\u0119glowi mo\u017cesz by\u0107 pewien ca\u0142kowitej przyjazno\u015bci dla \u015brodowiska.<\/p>\n<p>Czy masz jakie\u015b pytania? Skontaktuj si\u0119 z nami\u00a0<a href=\"https:\/\/hookahshop.lt\/pl\/lacznosc\/\">strona z kontaktami<\/a>\u00a0lub napisz do nas na adres\u00a0<a href=\"https:\/\/facebook.com\/HookahShop.lt\/\" target=\"_blank\" rel=\"noopener noreferrer\">konto na Facebooku<\/a>\u00a0a my odpowiemy na Twoj\u0105 pro\u015bb\u0119 tego samego dnia.<\/p>","protected":false},"excerpt":{"rendered":"<p>W\u0119giel do fajki wodnej OASIS Kaloud Edition 1kg Producent stworzy\u0142 w\u0119giel o specjalnym kszta\u0142cie, kt\u00f3ry idealnie pasuje i nadaje si\u0119 do komory grzewczej. W\u0119gle produkowane s\u0105 z naturalnych surowc\u00f3w 100% wed\u0142ug unikalnej receptury. Stosuj\u0105c ten najwy\u017cszej jako\u015bci w\u0119giel, mo\u017cesz by\u0107 pewien ca\u0142kowitej przyjazno\u015bci dla \u015brodowiska. Ty masz [\u2026]<\/p>","protected":false},"featured_media":19942,"comment_status":"open","ping_status":"closed","template":"","meta":[],"_links":{"self":[{"href":"https:\/\/hookahshop.lt\/pl\/wp-json\/wp\/v2\/product\/19941"}],"collection":[{"href":"https:\/\/hookahshop.lt\/pl\/wp-json\/wp\/v2\/product"}],"about":[{"href":"https:\/\/hookahshop.lt\/pl\/wp-json\/wp\/v2\/types\/product"}],"replies":[{"embeddable":true,"href":"https:\/\/hookahshop.lt\/pl\/wp-json\/wp\/v2\/comments?post=19941"}],"version-history":[{"count":2,"href":"https:\/\/hookahshop.lt\/pl\/wp-json\/wp\/v2\/product\/19941\/revisions"}],"predecessor-version":[{"id":20558,"href":"https:\/\/hookahshop.lt\/pl\/wp-json\/wp\/v2\/product\/19941\/revisions\/20558"}],"wp:featuredmedia":[{"embeddable":true,"href":"https:\/\/hookahshop.lt\/pl\/wp-json\/wp\/v2\/media\/19942"}],"wp:attachment":[{"href":"https:\/\/hookahshop.lt\/pl\/wp-json\/wp\/v2\/media?parent=19941"}],"curies":[{"name":"wp","href":"https:\/\/api.w.org\/{rel}","templated":true}]}}