{"id":19962,"date":"2021-03-05T22:07:36","date_gmt":"2021-03-05T20:07:36","guid":{"rendered":"https:\/\/hookahshop.lt\/?post_type=product&#038;p=19962"},"modified":"2026-04-17T23:29:09","modified_gmt":"2026-04-17T20:29:09","slug":"gaubtas-taureles-kaitinimui-blade-hookah","status":"publish","type":"product","link":"https:\/\/hookahshop.lt\/pl\/produkt\/kubki-do-ogrzewania-ostrza-fajki-wodnej\/","title":{"rendered":"Kubek grzewczy do fili\u017canek BLADE HOOKAH"},"content":{"rendered":"<h2>Kubek grzewczy do fili\u017canek BLADE HOOKAH<\/h2>\n<p>Chroni przed wiatrem podczas sesji fajki wodnej na \u015bwie\u017cym powietrzu. Mo\u017ce by\u0107 stosowany jako zabezpieczenie przed opadaniem w\u0119gli, a tak\u017ce przyspiesza czas przygotowania fajki wodnej, dlatego wskazane jest u\u017cycie go po za\u0142o\u017ceniu w\u0119gli na pocz\u0105tku sesji. Dzi\u0119ki naci\u0119ciom po bokach w\u0119gliki nie sp\u0142on\u0105, ale te\u017c si\u0119 nie przegrzej\u0105.<\/p>\n<p>Czy masz jakie\u015b pytania? Skontaktuj si\u0119 z nami\u00a0<a href=\"https:\/\/hookahshop.lt\/pl\/lacznosc\/\">strona z kontaktami<\/a>\u00a0lub napisz do nas na adres\u00a0<a href=\"https:\/\/facebook.com\/HookahShop.lt\/\" target=\"_blank\" rel=\"noopener noreferrer\">konto na Facebooku<\/a>\u00a0a my odpowiemy na Twoj\u0105 pro\u015bb\u0119 tego samego dnia.<\/p>","protected":false},"excerpt":{"rendered":"<p>OSTRZE Podgrzewanie kubka do sziszy Chroni przed wiatrem podczas fajki wodnej na \u015bwie\u017cym powietrzu. Mo\u017cna go stosowa\u0107 jako zabezpieczenie przed opadaniem w\u0119gli, a tak\u017ce przyspiesza czas przygotowania fajki wodnej, dlatego zaleca si\u0119 stosowa\u0107 go po za\u0142o\u017ceniu w\u0119gla na pocz\u0105tku sesji. Dzi\u0119ki naci\u0119ciom po bokach w\u0119gle nie spal\u0105 si\u0119, ale te\u017c nie przegrzej\u0105. Czy masz jakie\u015b pytania? Skontaktuj si\u0119 z nami na stronie kontaktowej lub napisz do nas na naszym koncie na Facebooku, a my odpowiemy na Twoje zapytanie w [\u2026]<\/p>","protected":false},"featured_media":19963,"comment_status":"open","ping_status":"closed","template":"","meta":[],"_links":{"self":[{"href":"https:\/\/hookahshop.lt\/pl\/wp-json\/wp\/v2\/product\/19962"}],"collection":[{"href":"https:\/\/hookahshop.lt\/pl\/wp-json\/wp\/v2\/product"}],"about":[{"href":"https:\/\/hookahshop.lt\/pl\/wp-json\/wp\/v2\/types\/product"}],"replies":[{"embeddable":true,"href":"https:\/\/hookahshop.lt\/pl\/wp-json\/wp\/v2\/comments?post=19962"}],"version-history":[{"count":4,"href":"https:\/\/hookahshop.lt\/pl\/wp-json\/wp\/v2\/product\/19962\/revisions"}],"predecessor-version":[{"id":33073,"href":"https:\/\/hookahshop.lt\/pl\/wp-json\/wp\/v2\/product\/19962\/revisions\/33073"}],"wp:featuredmedia":[{"embeddable":true,"href":"https:\/\/hookahshop.lt\/pl\/wp-json\/wp\/v2\/media\/19963"}],"wp:attachment":[{"href":"https:\/\/hookahshop.lt\/pl\/wp-json\/wp\/v2\/media?parent=19962"}],"curies":[{"name":"wp","href":"https:\/\/api.w.org\/{rel}","templated":true}]}}