{"id":19966,"date":"2021-03-05T22:20:27","date_gmt":"2021-03-05T20:20:27","guid":{"rendered":"https:\/\/hookahshop.lt\/?post_type=product&#038;p=19966"},"modified":"2026-04-26T23:29:20","modified_gmt":"2026-04-26T20:29:20","slug":"kaljano-tarpines-o-formos","status":"publish","type":"product","link":"https:\/\/hookahshop.lt\/pl\/produkt\/fajki-srednie-o-ksztalty\/","title":{"rendered":"Fajki wodne po\u015brednie w kszta\u0142cie litery O"},"content":{"rendered":"<h2>Fajki wodne po\u015brednie w kszta\u0142cie litery O<\/h2>\n<p>Zestaw oring\u00f3w. Pier\u015bcienie te przeznaczone s\u0105 do szczelnego po\u0142\u0105czenia w\u0119\u017ca lub innych gwintowanych cz\u0119\u015bci fajki wodnej. W zestawie znajduje si\u0119 5 sztuk.<\/p>\n<p>Rozmiary: od 1cm i wi\u0119ksze.<\/p>\n<p>Czy masz jakie\u015b pytania? Skontaktuj si\u0119 z nami\u00a0<a href=\"https:\/\/hookahshop.lt\/pl\/lacznosc\/\">strona z kontaktami<\/a>\u00a0lub napisz do nas na adres\u00a0<a href=\"https:\/\/facebook.com\/HookahShop.lt\/\" target=\"_blank\" rel=\"noopener noreferrer\">konto na Facebooku<\/a>\u00a0a my odpowiemy na Twoj\u0105 pro\u015bb\u0119 tego samego dnia.<\/p>\n<p>&nbsp;<\/p>","protected":false},"excerpt":{"rendered":"<p>Zestaw po\u015bredniego pier\u015bcienia O-ring do fajki wodnej. Pier\u015bcienie te przeznaczone s\u0105 do szczelnego po\u0142\u0105czenia w\u0119\u017ca lub innych gwintowanych cz\u0119\u015bci fajki wodnej. W zestawie znajduje si\u0119 5 sztuk. Rozmiary: od 1cm i wi\u0119ksze. Czy masz jakie\u015b pytania? Skontaktuj si\u0119 z nami na stronie kontaktowej lub napisz do nas na naszym koncie na Facebooku, a my odpowiemy na Twoj\u0105 pro\u015bb\u0119 jeszcze tego samego dnia. &nbsp;<\/p>","protected":false},"featured_media":19967,"comment_status":"open","ping_status":"closed","template":"","meta":[],"_links":{"self":[{"href":"https:\/\/hookahshop.lt\/pl\/wp-json\/wp\/v2\/product\/19966"}],"collection":[{"href":"https:\/\/hookahshop.lt\/pl\/wp-json\/wp\/v2\/product"}],"about":[{"href":"https:\/\/hookahshop.lt\/pl\/wp-json\/wp\/v2\/types\/product"}],"replies":[{"embeddable":true,"href":"https:\/\/hookahshop.lt\/pl\/wp-json\/wp\/v2\/comments?post=19966"}],"version-history":[{"count":4,"href":"https:\/\/hookahshop.lt\/pl\/wp-json\/wp\/v2\/product\/19966\/revisions"}],"predecessor-version":[{"id":45467,"href":"https:\/\/hookahshop.lt\/pl\/wp-json\/wp\/v2\/product\/19966\/revisions\/45467"}],"wp:featuredmedia":[{"embeddable":true,"href":"https:\/\/hookahshop.lt\/pl\/wp-json\/wp\/v2\/media\/19967"}],"wp:attachment":[{"href":"https:\/\/hookahshop.lt\/pl\/wp-json\/wp\/v2\/media?parent=19966"}],"curies":[{"name":"wp","href":"https:\/\/api.w.org\/{rel}","templated":true}]}}