{"id":19970,"date":"2021-03-05T22:36:26","date_gmt":"2021-03-05T20:36:26","guid":{"rendered":"https:\/\/hookahshop.lt\/?post_type=product&#038;p=19970"},"modified":"2026-04-16T23:29:35","modified_gmt":"2026-04-16T20:29:35","slug":"taurele-kaljanui-kaloud-samsaris-vitria-ii","status":"publish","type":"product","link":"https:\/\/hookahshop.lt\/pl\/produkt\/puchar-szisza-kaloud-samsaris-vitria-ii\/","title":{"rendered":"Kubek do fajki wodnej KALOUD Samsaris Vitria II"},"content":{"rendered":"<h2>Kubek do fajki wodnej KALOUD Samsaris Vitria II<\/h2>\n<p>Kubek charakteryzuje si\u0119 wyj\u0105tkowym designem i jako\u015bci\u0105. Wykonany jest z nietoksycznego silikonu zatwierdzonego przez FDA (Ameryka\u0144sk\u0105 Agencj\u0119 ds. \u017bywno\u015bci i Lek\u00f3w), dzi\u0119ki czemu kubek jest bezpieczny w u\u017cyciu. Bardzo \u0142atwe do spakowania i czyszczenia. Kubek nie wymaga dodatkowej uszczelki, gdy\u017c wykonany jest z silikonu i doskonale trzyma si\u0119 po umieszczeniu na fajce wodnej.<\/p>\n<p>Czy masz jakie\u015b pytania? Skontaktuj si\u0119 z nami\u00a0<a href=\"https:\/\/hookahshop.lt\/pl\/lacznosc\/\">strona z kontaktami<\/a>\u00a0lub napisz do nas na adres\u00a0<a href=\"https:\/\/facebook.com\/HookahShop.lt\/\" target=\"_blank\" rel=\"noopener noreferrer\">konto na Facebooku<\/a>\u00a0a my odpowiemy na Twoj\u0105 pro\u015bb\u0119 tego samego dnia.<\/p>","protected":false},"excerpt":{"rendered":"<p>Miska na fajk\u0119 wodn\u0105 KALOUD Samsaris Vitria II Miska o wyj\u0105tkowym designie i jako\u015bci. Wykonany jest z nietoksycznego silikonu zatwierdzonego przez FDA (Ameryka\u0144sk\u0105 Agencj\u0119 ds. \u017bywno\u015bci i Lek\u00f3w), dzi\u0119ki czemu kubek jest bezpieczny w u\u017cyciu. Bardzo \u0142atwe do spakowania i czyszczenia. Kubek nie wymaga dodatkowej uszczelki, gdy\u017c wykonany jest z silikonu i doskonale trzyma si\u0119 po umieszczeniu na fajce wodnej. Czy masz jakie\u015b pytania? Skontaktuj si\u0119 z nami na stronie kontaktowej lub [\u2026]<\/p>","protected":false},"featured_media":19971,"comment_status":"open","ping_status":"closed","template":"","meta":[],"_links":{"self":[{"href":"https:\/\/hookahshop.lt\/pl\/wp-json\/wp\/v2\/product\/19970"}],"collection":[{"href":"https:\/\/hookahshop.lt\/pl\/wp-json\/wp\/v2\/product"}],"about":[{"href":"https:\/\/hookahshop.lt\/pl\/wp-json\/wp\/v2\/types\/product"}],"replies":[{"embeddable":true,"href":"https:\/\/hookahshop.lt\/pl\/wp-json\/wp\/v2\/comments?post=19970"}],"version-history":[{"count":2,"href":"https:\/\/hookahshop.lt\/pl\/wp-json\/wp\/v2\/product\/19970\/revisions"}],"predecessor-version":[{"id":22336,"href":"https:\/\/hookahshop.lt\/pl\/wp-json\/wp\/v2\/product\/19970\/revisions\/22336"}],"wp:featuredmedia":[{"embeddable":true,"href":"https:\/\/hookahshop.lt\/pl\/wp-json\/wp\/v2\/media\/19971"}],"wp:attachment":[{"href":"https:\/\/hookahshop.lt\/pl\/wp-json\/wp\/v2\/media?parent=19970"}],"curies":[{"name":"wp","href":"https:\/\/api.w.org\/{rel}","templated":true}]}}