{"id":19974,"date":"2021-03-05T22:46:20","date_gmt":"2021-03-05T20:46:20","guid":{"rendered":"https:\/\/hookahshop.lt\/?post_type=product&#038;p=19974"},"modified":"2026-04-15T23:29:18","modified_gmt":"2026-04-15T20:29:18","slug":"znyples-kaljano-anglims-aladin-wing","status":"publish","type":"product","link":"https:\/\/hookahshop.lt\/pl\/produkt\/szczypce-szisza-wegiel-skrzydlo-aladyna\/","title":{"rendered":"Szczypce do w\u0119gla drzewnego ALADIN Wing"},"content":{"rendered":"<h2>Szczypce do w\u0119gla drzewnego ALADIN Wing<\/h2>\n<p>Egzotyczny i innowacyjny design zapewnia r\u00f3\u017cnorodno\u015b\u0107 asortymentu szczypiec w domu. Grubo\u015b\u0107 i materia\u0142 szczypiec r\u00f3wnie\u017c zosta\u0142y celowo dobrane, aby zapewni\u0107 maksymaln\u0105 stabilno\u015b\u0107. Jest to zauwa\u017calne r\u00f3wnie\u017c podczas obs\u0142ugi szczypiec, kt\u00f3re nale\u017cy operowa\u0107 z wi\u0119ksz\u0105 si\u0142\u0105 ni\u017c konwencjonalne szczypce w\u0119glowe. D\u0142ugo\u015b\u0107: 23 cm.<\/p>\n<p>Czy masz jakie\u015b pytania? Skontaktuj si\u0119 z nami\u00a0<a href=\"https:\/\/hookahshop.lt\/pl\/lacznosc\/\">strona z kontaktami<\/a>\u00a0lub napisz do nas na adres\u00a0<a href=\"https:\/\/facebook.com\/HookahShop.lt\/\" target=\"_blank\" rel=\"noopener noreferrer\">konto na Facebooku<\/a>\u00a0a my odpowiemy na Twoj\u0105 pro\u015bb\u0119 tego samego dnia.<\/p>","protected":false},"excerpt":{"rendered":"<p>Szczypce do w\u0119gla do fajki wodnej ALADIN Wing Egzotyczny i innowacyjny design zapewnia r\u00f3\u017cnorodno\u015b\u0107 asortymentu szczypiec w domu. Grubo\u015b\u0107 i materia\u0142 szczypiec r\u00f3wnie\u017c zosta\u0142y celowo dobrane, aby zapewni\u0107 maksymaln\u0105 stabilno\u015b\u0107. Jest to zauwa\u017calne r\u00f3wnie\u017c podczas obs\u0142ugi szczypiec, kt\u00f3re nale\u017cy operowa\u0107 z wi\u0119ksz\u0105 si\u0142\u0105 ni\u017c konwencjonalne szczypce w\u0119glowe. D\u0142ugo\u015b\u0107: 23 cm. Czy masz jakie\u015b pytania? Skontaktuj si\u0119 z nami na stronie kontaktowej lub napisz do nas [...]<\/p>","protected":false},"featured_media":19975,"comment_status":"open","ping_status":"closed","template":"","meta":[],"_links":{"self":[{"href":"https:\/\/hookahshop.lt\/pl\/wp-json\/wp\/v2\/product\/19974"}],"collection":[{"href":"https:\/\/hookahshop.lt\/pl\/wp-json\/wp\/v2\/product"}],"about":[{"href":"https:\/\/hookahshop.lt\/pl\/wp-json\/wp\/v2\/types\/product"}],"replies":[{"embeddable":true,"href":"https:\/\/hookahshop.lt\/pl\/wp-json\/wp\/v2\/comments?post=19974"}],"version-history":[{"count":5,"href":"https:\/\/hookahshop.lt\/pl\/wp-json\/wp\/v2\/product\/19974\/revisions"}],"predecessor-version":[{"id":45446,"href":"https:\/\/hookahshop.lt\/pl\/wp-json\/wp\/v2\/product\/19974\/revisions\/45446"}],"wp:featuredmedia":[{"embeddable":true,"href":"https:\/\/hookahshop.lt\/pl\/wp-json\/wp\/v2\/media\/19975"}],"wp:attachment":[{"href":"https:\/\/hookahshop.lt\/pl\/wp-json\/wp\/v2\/media?parent=19974"}],"curies":[{"name":"wp","href":"https:\/\/api.w.org\/{rel}","templated":true}]}}