{"id":19982,"date":"2021-03-06T00:42:14","date_gmt":"2021-03-05T22:42:14","guid":{"rendered":"https:\/\/hookahshop.lt\/?post_type=product&#038;p=19982"},"modified":"2026-04-15T23:28:45","modified_gmt":"2026-04-15T20:28:45","slug":"kaljanas-alpha-hookah-s-green-candy","status":"publish","type":"product","link":"https:\/\/hookahshop.lt\/pl\/produkt\/szisza-alfa-szisza-s-zielone-cukierki\/","title":{"rendered":"Fajka wodna ALPHA HOOKAH S Green Candy"},"content":{"rendered":"<h2>Fajka wodna ALPHA HOOKAH S Green Candy<\/h2>\n<p>Alpha Hookah Model S, Hookah of the Year w konkursie John Calliano Awards 2018 i Hookah Club Show 2020.<\/p>\n<p>Zwracaj\u0105c szczeg\u00f3ln\u0105 uwag\u0119 na jako\u015b\u0107 wszystkich element\u00f3w fajki wodnej, Alpha Hookah tworzy modele o minimalistycznym designie, ale bardzo charyzmatycznym, do u\u017cytku w domu i w instytucjach.<br \/>\nJe\u015bli wolisz nie tylko funkcjonalno\u015b\u0107, ale tak\u017ce zewn\u0119trzne zalety akcesori\u00f3w do palenia, warto kupi\u0107 Alpha Hookah S. Ka\u017cdy model z tej serii mo\u017ce sta\u0107 si\u0119 prawdziw\u0105 ozdob\u0105 sali klubowej lub restauracyjnej i harmonijnie b\u0119dzie wsp\u00f3\u0142gra\u0142 z wystrojem wn\u0119trza w\u0119dzarni w wiejskim domu lub mieszkaniu miejskim.<\/p>\n<p>Charakterystyka:<br \/>\n\u2013 Wysoko\u015b\u0107 500 mm<br \/>\n\u2013 Dekoracja z anodyzowanego aluminium, pomalowana odporn\u0105 farb\u0105.<br \/>\n\u2013 Podstawa wykonana z niemieckiego poliacetalu z oryginalnym systemem oczyszczania<br \/>\n\u2013 Wyjmowany dyfuzor<br \/>\n\u2013 Po\u0142\u0105czenie magnetyczne<\/p>\n<p><strong>Ekwipunek:<\/strong><br \/>\nWa\u0142, p\u0142yta, w\u0105\u017c, ustnik, uszczelki.<\/p>\n<p>Czy masz jakie\u015b pytania? Skontaktuj si\u0119 z nami\u00a0<a href=\"https:\/\/hookahshop.lt\/pl\/lacznosc\/\">strona z kontaktami<\/a>\u00a0lub napisz do nas na adres\u00a0<a href=\"https:\/\/facebook.com\/HookahShop.lt\/\" target=\"_blank\" rel=\"noopener noreferrer\">konto na Facebooku<\/a>\u00a0a my odpowiemy na Twoj\u0105 pro\u015bb\u0119 tego samego dnia.<\/p>","protected":false},"excerpt":{"rendered":"<p>Hookah ALPHA HOOKAH S Green Candy \u201eAlpha Hookah Model S\u201d, \u201eHookah of the Year\u201d wed\u0142ug \u201eJohn Calliano Awards 2018\u201d i \u201eHookah Club Show 2020\u201d. Zwracaj\u0105c szczeg\u00f3ln\u0105 uwag\u0119 na jako\u015b\u0107 wszystkich element\u00f3w hookah, \u201eAlpha Hookah\u201d tworzy minimalistyczne, ale bardzo charyzmatyczne modele do u\u017cytku domowego i instytucjonalnego. Je\u015bli wolisz nie tylko funkcjonalno\u015b\u0107, ale tak\u017ce zewn\u0119trzne akcesoria do palenia [\u2026]<\/p>","protected":false},"featured_media":19994,"comment_status":"open","ping_status":"closed","template":"","meta":[],"_links":{"self":[{"href":"https:\/\/hookahshop.lt\/pl\/wp-json\/wp\/v2\/product\/19982"}],"collection":[{"href":"https:\/\/hookahshop.lt\/pl\/wp-json\/wp\/v2\/product"}],"about":[{"href":"https:\/\/hookahshop.lt\/pl\/wp-json\/wp\/v2\/types\/product"}],"replies":[{"embeddable":true,"href":"https:\/\/hookahshop.lt\/pl\/wp-json\/wp\/v2\/comments?post=19982"}],"version-history":[{"count":5,"href":"https:\/\/hookahshop.lt\/pl\/wp-json\/wp\/v2\/product\/19982\/revisions"}],"predecessor-version":[{"id":42297,"href":"https:\/\/hookahshop.lt\/pl\/wp-json\/wp\/v2\/product\/19982\/revisions\/42297"}],"wp:featuredmedia":[{"embeddable":true,"href":"https:\/\/hookahshop.lt\/pl\/wp-json\/wp\/v2\/media\/19994"}],"wp:attachment":[{"href":"https:\/\/hookahshop.lt\/pl\/wp-json\/wp\/v2\/media?parent=19982"}],"curies":[{"name":"wp","href":"https:\/\/api.w.org\/{rel}","templated":true}]}}