{"id":20186,"date":"2021-03-07T01:21:27","date_gmt":"2021-03-06T23:21:27","guid":{"rendered":"https:\/\/hookahshop.lt\/?post_type=product&#038;p=20186"},"modified":"2026-04-14T23:29:02","modified_gmt":"2026-04-14T20:29:02","slug":"kandiklis-kaljanui-karma-white","status":"publish","type":"product","link":"https:\/\/hookahshop.lt\/pl\/produkt\/ustnik-do-fajki-wodnej-karma-bialy\/","title":{"rendered":"Fajka wodna KARMA Bia\u0142a"},"content":{"rendered":"<h2>Fajka wodna KARMA Bia\u0142a<\/h2>\n<p>To po\u0142\u0105czenie tureckiego stylu z oryginalnym designem. Wykonany od wewn\u0105trz ze stali nierdzewnej dopuszczonej do kontaktu z \u017cywno\u015bci\u0105, na zewn\u0105trz dekor drewno orzech, pokryty lakierem ochronnym. Dzi\u0119ki pokryciu kilkoma warstwami lakieru wytrzyma bardzo d\u0142ugo bez zmiany g\u0142\u00f3wnego koloru. Wyj\u0105tkowy design i najwy\u017cszej jako\u015bci materia\u0142y nie pozostawi\u0105 Ci\u0119 oboj\u0119tnym. W komplecie w\u0105\u017c silikonowy.<\/p>\n<p><strong>Charakterystyka:<\/strong><br \/>\nD\u0142ugo\u015b\u0107 t\u0142umika: 430 mm<br \/>\nUstnik wewn\u0119trzny: 10mm<br \/>\nD\u0142ugo\u015b\u0107 w\u0119\u017ca: 150mm<br \/>\n\u015arednica zewn\u0119trzna w\u0119\u017ca: 17mm<br \/>\nWewn\u0119trzna \u015brednica w\u0119\u017ca: 11mm<br \/>\nW\u0105\u017c: mi\u0119kki w dotyku<br \/>\nWaga t\u0142umika i w\u0119\u017ca: oko\u0142o 425 gram\u00f3w<\/p>\n<p>Czy masz jakie\u015b pytania? Skontaktuj si\u0119 z nami\u00a0<a href=\"https:\/\/hookahshop.lt\/pl\/lacznosc\/\">strona z kontaktami<\/a>\u00a0lub napisz do nas na adres\u00a0<a href=\"https:\/\/facebook.com\/HookahShop.lt\/\" target=\"_blank\" rel=\"noopener noreferrer\">konto na Facebooku<\/a>\u00a0a my odpowiemy na Twoj\u0105 pro\u015bb\u0119 tego samego dnia.<\/p>","protected":false},"excerpt":{"rendered":"<p>Ustnik do fajki wodnej KARMA White To po\u0142\u0105czenie tureckiego stylu z oryginalnym designem. Wykonane od wewn\u0105trz ze stali nierdzewnej przeznaczonej do kontaktu z \u017cywno\u015bci\u0105, z zewn\u0105trz ozdobione dekorem z drewna orzechowego i pokryte lakierem ochronnym. Dzi\u0119ki pokryciu kilkoma warstwami lakieru wytrzyma bardzo d\u0142ugo bez zmiany g\u0142\u00f3wnego koloru. Unikalny design i najwy\u017cszej jako\u015bci materia\u0142y nie pozostawi\u0105 Ci\u0119 oboj\u0119tnym. W komplecie z w\u0119\u017cem silikonowym. Charakterystyka: D\u0142ugo\u015b\u0107 t\u0142umika: 430 mm [\u2026]<\/p>","protected":false},"featured_media":20187,"comment_status":"open","ping_status":"closed","template":"","meta":[],"_links":{"self":[{"href":"https:\/\/hookahshop.lt\/pl\/wp-json\/wp\/v2\/product\/20186"}],"collection":[{"href":"https:\/\/hookahshop.lt\/pl\/wp-json\/wp\/v2\/product"}],"about":[{"href":"https:\/\/hookahshop.lt\/pl\/wp-json\/wp\/v2\/types\/product"}],"replies":[{"embeddable":true,"href":"https:\/\/hookahshop.lt\/pl\/wp-json\/wp\/v2\/comments?post=20186"}],"version-history":[{"count":4,"href":"https:\/\/hookahshop.lt\/pl\/wp-json\/wp\/v2\/product\/20186\/revisions"}],"predecessor-version":[{"id":37130,"href":"https:\/\/hookahshop.lt\/pl\/wp-json\/wp\/v2\/product\/20186\/revisions\/37130"}],"wp:featuredmedia":[{"embeddable":true,"href":"https:\/\/hookahshop.lt\/pl\/wp-json\/wp\/v2\/media\/20187"}],"wp:attachment":[{"href":"https:\/\/hookahshop.lt\/pl\/wp-json\/wp\/v2\/media?parent=20186"}],"curies":[{"name":"wp","href":"https:\/\/api.w.org\/{rel}","templated":true}]}}