{"id":20198,"date":"2021-03-07T01:52:12","date_gmt":"2021-03-06T23:52:12","guid":{"rendered":"https:\/\/hookahshop.lt\/?post_type=product&#038;p=20198"},"modified":"2026-04-14T23:28:41","modified_gmt":"2026-04-14T20:28:41","slug":"individualus-kaljano-kandiklis-cvp-yellow-2117","status":"publish","type":"product","link":"https:\/\/hookahshop.lt\/pl\/produkt\/niestandardowy-ustnik-do-fajki-wodnej-cvp-zolty-2117\/","title":{"rendered":"Indywidualny ustnik do fajki wodnej CVP \u017b\u00f3\u0142ty 2117"},"content":{"rendered":"<h2>Ind Indywidualny ustnik do fajki wodnej CVP \u017b\u00f3\u0142ty 2117<\/h2>\n<p>Designerski ustnik, dzie\u0142o jubilerskie, ameryka\u0144ski akryl, pier\u015bcionek i medalion z br\u0105zu z logo producenta. Przew\u00f3d jest tekstylny. Kolor jest \u017c\u00f3\u0142ty.<\/p>\n<p>Czy masz jakie\u015b pytania? Skontaktuj si\u0119 z nami\u00a0<a href=\"https:\/\/hookahshop.lt\/pl\/lacznosc\/\">strona z kontaktami<\/a>\u00a0lub napisz do nas na adres\u00a0<a href=\"https:\/\/facebook.com\/HookahShop.lt\/\" target=\"_blank\" rel=\"noopener noreferrer\">konto na Facebooku<\/a>\u00a0a my odpowiemy na Twoj\u0105 pro\u015bb\u0119 tego samego dnia.<\/p>","protected":false},"excerpt":{"rendered":"<p>IndIndividual hookah mouthpiece CVP Yellow 2117 Designerski ustnik, bi\u017cuteria, ameryka\u0144ski akryl, pier\u015bcie\u0144 z br\u0105zu i medalion z logo producenta. Przew\u00f3d - tekstylny. Kolor - \u017c\u00f3\u0142ty. Masz jakie\u015b pytania? Skontaktuj si\u0119 z nami na stronie kontaktowej lub napisz do nas na Facebooku, a my odpowiemy na Twoje zapytanie tego samego dnia.<\/p>","protected":false},"featured_media":20199,"comment_status":"open","ping_status":"closed","template":"","meta":[],"_links":{"self":[{"href":"https:\/\/hookahshop.lt\/pl\/wp-json\/wp\/v2\/product\/20198"}],"collection":[{"href":"https:\/\/hookahshop.lt\/pl\/wp-json\/wp\/v2\/product"}],"about":[{"href":"https:\/\/hookahshop.lt\/pl\/wp-json\/wp\/v2\/types\/product"}],"replies":[{"embeddable":true,"href":"https:\/\/hookahshop.lt\/pl\/wp-json\/wp\/v2\/comments?post=20198"}],"version-history":[{"count":6,"href":"https:\/\/hookahshop.lt\/pl\/wp-json\/wp\/v2\/product\/20198\/revisions"}],"predecessor-version":[{"id":36748,"href":"https:\/\/hookahshop.lt\/pl\/wp-json\/wp\/v2\/product\/20198\/revisions\/36748"}],"wp:featuredmedia":[{"embeddable":true,"href":"https:\/\/hookahshop.lt\/pl\/wp-json\/wp\/v2\/media\/20199"}],"wp:attachment":[{"href":"https:\/\/hookahshop.lt\/pl\/wp-json\/wp\/v2\/media?parent=20198"}],"curies":[{"name":"wp","href":"https:\/\/api.w.org\/{rel}","templated":true}]}}