{"id":20202,"date":"2021-03-07T01:57:07","date_gmt":"2021-03-06T23:57:07","guid":{"rendered":"https:\/\/hookahshop.lt\/?post_type=product&#038;p=20202"},"modified":"2026-04-14T23:28:41","modified_gmt":"2026-04-14T20:28:41","slug":"individualus-kaljano-kandiklis-cvp-red-2110","status":"publish","type":"product","link":"https:\/\/hookahshop.lt\/pl\/produkt\/niestandardowy-ustnik-do-fajki-wodnej-cvp-czerwony-2110\/","title":{"rendered":"Indywidualny ustnik do fajki wodnej CVP Czerwony 2110"},"content":{"rendered":"<h2>Indywidualny ustnik do fajki wodnej CVP Czerwony 2110<\/h2>\n<p>Designerski ustnik, dzie\u0142o jubilerskie, ameryka\u0144ski akryl, pier\u015bcionek i medalion z br\u0105zu z logo producenta. Przew\u00f3d jest tekstylny. Kolor to czerwie\u0144 z czarnym.<\/p>\n<p>Czy masz jakie\u015b pytania? Skontaktuj si\u0119 z nami\u00a0<a href=\"https:\/\/hookahshop.lt\/pl\/lacznosc\/\">strona z kontaktami<\/a>\u00a0lub napisz do nas na adres\u00a0<a href=\"https:\/\/facebook.com\/HookahShop.lt\/\" target=\"_blank\" rel=\"noopener noreferrer\">konto na Facebooku<\/a>\u00a0a my odpowiemy na Twoj\u0105 pro\u015bb\u0119 tego samego dnia.<\/p>","protected":false},"excerpt":{"rendered":"<p>Niestandardowy ustnik do fajki wodnej CVP Red 2110 Designerski ustnik, wyroby jubilerskie, ameryka\u0144ski akryl, pier\u015bcionek i medalion z br\u0105zu z logo producenta. Przew\u00f3d jest tekstylny. Kolor to czerwie\u0144 z czarnym. Czy masz jakie\u015b pytania? Skontaktuj si\u0119 z nami na stronie kontaktowej lub napisz do nas na naszym koncie na Facebooku, a my odpowiemy na Twoj\u0105 pro\u015bb\u0119 jeszcze tego samego dnia.<\/p>","protected":false},"featured_media":20203,"comment_status":"open","ping_status":"closed","template":"","meta":[],"_links":{"self":[{"href":"https:\/\/hookahshop.lt\/pl\/wp-json\/wp\/v2\/product\/20202"}],"collection":[{"href":"https:\/\/hookahshop.lt\/pl\/wp-json\/wp\/v2\/product"}],"about":[{"href":"https:\/\/hookahshop.lt\/pl\/wp-json\/wp\/v2\/types\/product"}],"replies":[{"embeddable":true,"href":"https:\/\/hookahshop.lt\/pl\/wp-json\/wp\/v2\/comments?post=20202"}],"version-history":[{"count":6,"href":"https:\/\/hookahshop.lt\/pl\/wp-json\/wp\/v2\/product\/20202\/revisions"}],"predecessor-version":[{"id":36747,"href":"https:\/\/hookahshop.lt\/pl\/wp-json\/wp\/v2\/product\/20202\/revisions\/36747"}],"wp:featuredmedia":[{"embeddable":true,"href":"https:\/\/hookahshop.lt\/pl\/wp-json\/wp\/v2\/media\/20203"}],"wp:attachment":[{"href":"https:\/\/hookahshop.lt\/pl\/wp-json\/wp\/v2\/media?parent=20202"}],"curies":[{"name":"wp","href":"https:\/\/api.w.org\/{rel}","templated":true}]}}