{"id":20206,"date":"2021-03-07T02:06:21","date_gmt":"2021-03-07T00:06:21","guid":{"rendered":"https:\/\/hookahshop.lt\/?post_type=product&#038;p=20206"},"modified":"2026-04-14T23:28:41","modified_gmt":"2026-04-14T20:28:41","slug":"individualus-kaljano-kandiklis-cvp-red-black-2110","status":"publish","type":"product","link":"https:\/\/hookahshop.lt\/pl\/produkt\/niestandardowy-ustnik-do-fajki-wodnej-cvp-czerwony-czarny-2110\/","title":{"rendered":"Indywidualny ustnik do fajki wodnej CVP Czerwony Czarny 2110"},"content":{"rendered":"<h2>Indywidualny ustnik do fajki wodnej CVP Czerwony Czarny 2110<\/h2>\n<p>Ustnik zaprojektowany przez projektanta, praca jubilerska, ameryka\u0144ski akryl, pier\u015bcionek z br\u0105zu i medalion z logo producenta. Sznurek - tekstylny. Kolor - r\u00f3\u017cnorodny.<\/p>\n<p>Czy masz jakie\u015b pytania? Skontaktuj si\u0119 z nami\u00a0<a href=\"https:\/\/hookahshop.lt\/pl\/lacznosc\/\">strona z kontaktami<\/a>\u00a0lub napisz do nas na adres\u00a0<a href=\"https:\/\/facebook.com\/HookahShop.lt\/\" target=\"_blank\" rel=\"noopener noreferrer\">konto na Facebooku<\/a>\u00a0a my odpowiemy na Twoj\u0105 pro\u015bb\u0119 jeszcze tego samego dnia<\/p>","protected":false},"excerpt":{"rendered":"<p>Indywidualny ustnik do fajki wodnej CVP Red Black 2110 Designerski ustnik, bi\u017cuteria, ameryka\u0144ski akryl, pier\u015bcie\u0144 z br\u0105zu i medalion z logo producenta. Przew\u00f3d - tekstylny. Kolor - pstrokaty. Masz jakie\u015b pytania? Skontaktuj si\u0119 z nami na stronie kontaktowej lub napisz do nas na Facebooku, a odpowiemy na Twoje zapytanie tego samego dnia<\/p>","protected":false},"featured_media":20207,"comment_status":"open","ping_status":"closed","template":"","meta":[],"_links":{"self":[{"href":"https:\/\/hookahshop.lt\/pl\/wp-json\/wp\/v2\/product\/20206"}],"collection":[{"href":"https:\/\/hookahshop.lt\/pl\/wp-json\/wp\/v2\/product"}],"about":[{"href":"https:\/\/hookahshop.lt\/pl\/wp-json\/wp\/v2\/types\/product"}],"replies":[{"embeddable":true,"href":"https:\/\/hookahshop.lt\/pl\/wp-json\/wp\/v2\/comments?post=20206"}],"version-history":[{"count":6,"href":"https:\/\/hookahshop.lt\/pl\/wp-json\/wp\/v2\/product\/20206\/revisions"}],"predecessor-version":[{"id":23343,"href":"https:\/\/hookahshop.lt\/pl\/wp-json\/wp\/v2\/product\/20206\/revisions\/23343"}],"wp:featuredmedia":[{"embeddable":true,"href":"https:\/\/hookahshop.lt\/pl\/wp-json\/wp\/v2\/media\/20207"}],"wp:attachment":[{"href":"https:\/\/hookahshop.lt\/pl\/wp-json\/wp\/v2\/media?parent=20206"}],"curies":[{"name":"wp","href":"https:\/\/api.w.org\/{rel}","templated":true}]}}