{"id":20235,"date":"2021-03-07T22:45:58","date_gmt":"2021-03-07T20:45:58","guid":{"rendered":"https:\/\/hookahshop.lt\/?post_type=product&#038;p=20235"},"modified":"2026-04-14T23:29:10","modified_gmt":"2026-04-14T20:29:10","slug":"sirupo-gaudykle-blade-hookah-gold","status":"publish","type":"product","link":"https:\/\/hookahshop.lt\/pl\/produkt\/syrop-pulapka-ostrze-szisza-zlota\/","title":{"rendered":"Syrop pu\u0142apka HACZYKA OSTRZOWA Z\u0142oto"},"content":{"rendered":"<h2>Syrop pu\u0142apka HACZYKA OSTRZOWA Z\u0142oto<\/h2>\n<p>Jest niezb\u0119dnym dodatkiem do ka\u017cdej fajki wodnej. Zapobiega przedostawaniu si\u0119 li\u015bci tytoniu i syropu do kolby i trzonu fajki wodnej. Zabezpiecza przed \u017c\u00f3\u0142kni\u0119ciem w kolbie, co jest szczeg\u00f3lnie wa\u017cne przy serwowaniu fajki wodnej na stole. Teraz przy zmianie kubka nie ma potrzeby ka\u017cdorazowego mycia fajki wodnej, aby usun\u0105\u0107 syrop i li\u015bcie tytoniu z dna. Kana\u0142 wewn\u0119trzny wykonany jest z aluminium, nie poch\u0142ania zapach\u00f3w i nie kurczy si\u0119 w przeciwie\u0144stwie do silikonu.<\/p>\n<p><strong>Specyfikacje:<\/strong><br \/>\nWysoko\u015b\u0107: 70mm<br \/>\n\u015arednica (zewn\u0119trzna): 50 mm<br \/>\n\u015arednica (wewn\u0119trzna): 23 mm<br \/>\nWaga: oko\u0142o 100 gr<\/p>\n<p>Czy masz jakie\u015b pytania? Skontaktuj si\u0119 z nami\u00a0<a href=\"https:\/\/hookahshop.lt\/pl\/lacznosc\/\">strona z kontaktami<\/a>\u00a0lub napisz do nas na adres\u00a0<a href=\"https:\/\/facebook.com\/HookahShop.lt\/\" target=\"_blank\" rel=\"noopener noreferrer\">konto na Facebooku<\/a>\u00a0a my odpowiemy na Twoj\u0105 pro\u015bb\u0119 tego samego dnia.<\/p>","protected":false},"excerpt":{"rendered":"<p>Pu\u0142apka na syrop BLADE HOOKAH Gold Jest to niezb\u0119dny dodatek do ka\u017cdej fajki wodnej. Zapobiega przedostawaniu si\u0119 li\u015bci tytoniu i syropu do kolby i trzonka fajki wodnej. Zapobiega \u017c\u00f3\u0142kni\u0119ciu kolby, co jest szczeg\u00f3lnie wa\u017cne podczas serwowania fajki wodnej w fajce wodnej na stole. Teraz nie musisz my\u0107 fajki wodnej przy ka\u017cdej zmianie kubka, aby usun\u0105\u0107 z dna syrop i li\u015bcie tytoniu. Wewn\u0119trzny kana\u0142 wykonany jest z [\u2026]<\/p>","protected":false},"featured_media":20383,"comment_status":"open","ping_status":"closed","template":"","meta":[],"_links":{"self":[{"href":"https:\/\/hookahshop.lt\/pl\/wp-json\/wp\/v2\/product\/20235"}],"collection":[{"href":"https:\/\/hookahshop.lt\/pl\/wp-json\/wp\/v2\/product"}],"about":[{"href":"https:\/\/hookahshop.lt\/pl\/wp-json\/wp\/v2\/types\/product"}],"replies":[{"embeddable":true,"href":"https:\/\/hookahshop.lt\/pl\/wp-json\/wp\/v2\/comments?post=20235"}],"version-history":[{"count":3,"href":"https:\/\/hookahshop.lt\/pl\/wp-json\/wp\/v2\/product\/20235\/revisions"}],"predecessor-version":[{"id":23688,"href":"https:\/\/hookahshop.lt\/pl\/wp-json\/wp\/v2\/product\/20235\/revisions\/23688"}],"wp:featuredmedia":[{"embeddable":true,"href":"https:\/\/hookahshop.lt\/pl\/wp-json\/wp\/v2\/media\/20383"}],"wp:attachment":[{"href":"https:\/\/hookahshop.lt\/pl\/wp-json\/wp\/v2\/media?parent=20235"}],"curies":[{"name":"wp","href":"https:\/\/api.w.org\/{rel}","templated":true}]}}