{"id":20239,"date":"2021-03-07T23:16:47","date_gmt":"2021-03-07T21:16:47","guid":{"rendered":"https:\/\/hookahshop.lt\/?post_type=product&#038;p=20239"},"modified":"2026-04-14T23:28:48","modified_gmt":"2026-04-14T20:28:48","slug":"kaljanas-honey-sigh-stick","status":"publish","type":"product","link":"https:\/\/hookahshop.lt\/pl\/produkt\/szisza-miod-westchnienie-kij\/","title":{"rendered":"Hookah HONEY SIGH Stick"},"content":{"rendered":"<h2>Hookah HONEY SIGH Stick<\/h2>\n<p>To niedroga, niezawodna fajka wodna wykonana ze stali nierdzewnej AISI 304 przeznaczonej do kontaktu z \u017cywno\u015bci\u0105. Wszystkie cz\u0119\u015bci fajki wykonane s\u0105 ze stali i poliacetalu. Honey Sigh Stick to w pe\u0142ni wyjmowany model, kt\u00f3ry pozwala zabra\u0107 go ze sob\u0105 w podr\u00f3\u017c lub wygodnie przechowywa\u0107 w domu.<\/p>\n<p id=\"tw-target-text\" class=\"tw-data-text tw-text-large XcVN5d tw-ta\" dir=\"ltr\" data-placeholder=\"Vertimas\"><strong>Charakterystyka:<\/strong><br \/>\nWaga fajki wodnej: oko\u0142o 940 gr<br \/>\nWysoko\u015b\u0107 fajki wodnej: 520 mm<br \/>\nUstnik: stal nierdzewna<br \/>\nD\u0142ugo\u015b\u0107 t\u0142umika: 297 mm.<\/p>\n<p><strong>Ekwipunek:<\/strong><\/p>\n<p>Wa\u0142, ustnik, p\u0142ytka, w\u0105\u017c, uszczelki<\/p>\n<p dir=\"ltr\" data-placeholder=\"Vertimas\">Czy masz jakie\u015b pytania? Skontaktuj si\u0119 z nami\u00a0<a href=\"https:\/\/hookahshop.lt\/pl\/lacznosc\/\">strona z kontaktami<\/a>\u00a0lub napisz do nas na adres\u00a0<a href=\"https:\/\/facebook.com\/HookahShop.lt\/\" target=\"_blank\" rel=\"noopener noreferrer\">konto na Facebooku<\/a>\u00a0a my odpowiemy na Twoj\u0105 pro\u015bb\u0119 tego samego dnia.<\/p>","protected":false},"excerpt":{"rendered":"<p>Szisza HONEY SIGH Stick Jest to niedroga, niezawodna szisza wykonana ze stali nierdzewnej AISI 304 dopuszczonej do kontaktu z \u017cywno\u015bci\u0105. Wszystkie cz\u0119\u015bci fajki wodnej wykonane s\u0105 ze stali i poliacetalu. Honey Sigh Stick to model w pe\u0142ni od\u0142\u0105czany, kt\u00f3ry pozwala zabra\u0107 go ze sob\u0105 w podr\u00f3\u017c lub wygodnie u\u0142o\u017cy\u0107 w domu. Charakterystyka: Waga fajki wodnej: oko\u0142o 940 gr Wysoko\u015b\u0107 fajki wodnej: 520 mm Ustnik: stal nierdzewna [...]<\/p>","protected":false},"featured_media":20240,"comment_status":"open","ping_status":"closed","template":"","meta":[],"_links":{"self":[{"href":"https:\/\/hookahshop.lt\/pl\/wp-json\/wp\/v2\/product\/20239"}],"collection":[{"href":"https:\/\/hookahshop.lt\/pl\/wp-json\/wp\/v2\/product"}],"about":[{"href":"https:\/\/hookahshop.lt\/pl\/wp-json\/wp\/v2\/types\/product"}],"replies":[{"embeddable":true,"href":"https:\/\/hookahshop.lt\/pl\/wp-json\/wp\/v2\/comments?post=20239"}],"version-history":[{"count":6,"href":"https:\/\/hookahshop.lt\/pl\/wp-json\/wp\/v2\/product\/20239\/revisions"}],"predecessor-version":[{"id":40046,"href":"https:\/\/hookahshop.lt\/pl\/wp-json\/wp\/v2\/product\/20239\/revisions\/40046"}],"wp:featuredmedia":[{"embeddable":true,"href":"https:\/\/hookahshop.lt\/pl\/wp-json\/wp\/v2\/media\/20240"}],"wp:attachment":[{"href":"https:\/\/hookahshop.lt\/pl\/wp-json\/wp\/v2\/media?parent=20239"}],"curies":[{"name":"wp","href":"https:\/\/api.w.org\/{rel}","templated":true}]}}