{"id":20243,"date":"2021-03-08T00:13:46","date_gmt":"2021-03-07T22:13:46","guid":{"rendered":"https:\/\/hookahshop.lt\/?post_type=product&#038;p=20243"},"modified":"2026-04-18T23:28:43","modified_gmt":"2026-04-18T20:28:43","slug":"kaljanas-honey-sigh-urban-s","status":"publish","type":"product","link":"https:\/\/hookahshop.lt\/pl\/produkt\/hookah-honey-sigh-urban-s\/","title":{"rendered":"Fajka wodna HONEY SIGH Urban S"},"content":{"rendered":"<h2>Fajka wodna HONEY SIGH Urban S<\/h2>\n<p>Fajka wodna \u201eHoney Sigh Urban S\u201d ma doskona\u0142\u0105 wydajno\u015b\u0107 i w\u0142a\u015bciwo\u015bci palenia. Wykonany jest ze stali nierdzewnej AISI 304. Zainstalowany jest 5-drogowy zaw\u00f3r odpowietrzaj\u0105cy.<\/p>\n<p><strong>Charakterystyka:<\/strong><br \/>\nWaga fajki wodnej: oko\u0142o 1625 gr<br \/>\nWysoko\u015b\u0107 fajki wodnej: 510 mm<br \/>\nUstnik: trawiona stal nierdzewna<br \/>\nD\u0142ugo\u015b\u0107 t\u0142umika: 297 mm.<\/p>\n<p>Czy masz jakie\u015b pytania? Skontaktuj si\u0119 z nami\u00a0<a href=\"https:\/\/hookahshop.lt\/pl\/lacznosc\/\">strona z kontaktami<\/a>\u00a0lub napisz do nas na adres\u00a0<a href=\"https:\/\/facebook.com\/HookahShop.lt\/\" target=\"_blank\" rel=\"noopener noreferrer\">konto na Facebooku<\/a>\u00a0a my odpowiemy na Twoj\u0105 pro\u015bb\u0119 tego samego dnia.<\/p>","protected":false},"excerpt":{"rendered":"<p>Hookah HONEY SIGH Urban S Hookah \u201eHoney Sigh Urban S\u201d ma doskona\u0142e w\u0142a\u015bciwo\u015bci u\u017cytkowe i dymne. Wykonana jest ze stali nierdzewnej AISI 304. Wbudowany zaw\u00f3r odpowietrzaj\u0105cy 5-portowy. Charakterystyka: Waga hookah: oko\u0142o 1625 gr Wysoko\u015b\u0107 hookah: 510 mm Ustnik: trawiona stal nierdzewna D\u0142ugo\u015b\u0107 ustnika: 297 mm. Masz pytania? Skontaktuj si\u0119 z nami na stronie kontaktowej lub napisz do nas na Facebooku [\u2026]<\/p>","protected":false},"featured_media":20244,"comment_status":"open","ping_status":"closed","template":"","meta":[],"_links":{"self":[{"href":"https:\/\/hookahshop.lt\/pl\/wp-json\/wp\/v2\/product\/20243"}],"collection":[{"href":"https:\/\/hookahshop.lt\/pl\/wp-json\/wp\/v2\/product"}],"about":[{"href":"https:\/\/hookahshop.lt\/pl\/wp-json\/wp\/v2\/types\/product"}],"replies":[{"embeddable":true,"href":"https:\/\/hookahshop.lt\/pl\/wp-json\/wp\/v2\/comments?post=20243"}],"version-history":[{"count":3,"href":"https:\/\/hookahshop.lt\/pl\/wp-json\/wp\/v2\/product\/20243\/revisions"}],"predecessor-version":[{"id":40047,"href":"https:\/\/hookahshop.lt\/pl\/wp-json\/wp\/v2\/product\/20243\/revisions\/40047"}],"wp:featuredmedia":[{"embeddable":true,"href":"https:\/\/hookahshop.lt\/pl\/wp-json\/wp\/v2\/media\/20244"}],"wp:attachment":[{"href":"https:\/\/hookahshop.lt\/pl\/wp-json\/wp\/v2\/media?parent=20243"}],"curies":[{"name":"wp","href":"https:\/\/api.w.org\/{rel}","templated":true}]}}