{"id":20352,"date":"2021-03-12T19:42:59","date_gmt":"2021-03-12T17:42:59","guid":{"rendered":"https:\/\/hookahshop.lt\/?post_type=product&#038;p=20352"},"modified":"2026-04-18T23:29:06","modified_gmt":"2026-04-18T20:29:06","slug":"taurele-kaljanui-oblako-mono-phunnel-m-glaze-black","status":"publish","type":"product","link":"https:\/\/hookahshop.lt\/pl\/produkt\/filizanka-szisza-oblako-mono-lejek-m-glazura-czarna\/","title":{"rendered":"Kubek do fajki wodnej OBLAKO Mono Phunnel M Glaze Black"},"content":{"rendered":"<h2>Kubek do fajki wodnej OBLAKO Mono Phunnel M Glaze Black<\/h2>\n<p>Jest to unowocze\u015bniony produkt firmy OBALAKO. Monolityczny, kolorowy, przeszklony kubek z efektem deszczu.<\/p>\n<p>Ze wzgl\u0119du na p\u0142ytk\u0105 g\u0142\u0119boko\u015b\u0107 i szeroko\u015b\u0107 kubka, mieszanka fajki wodnej nagrzewa si\u0119 r\u00f3wnomiernie na ca\u0142ej powierzchni, co pozwala na maksymalny transfer nikotyny i zapewnia maksymaln\u0105 wytrzyma\u0142o\u015b\u0107 podczas palenia. Kubek wykonany jest z niskotemperaturowej, barwionej porcelany, obszar roboczy pokryty jest bia\u0142\u0105 glazur\u0105.<\/p>\n<p>Fili\u017canka tytoniu zawiera 18-21 g.<\/p>\n<p>Specyfikacje:<br \/>\nWysoko\u015b\u0107: 114 mm<br \/>\n\u015arednica (zewn\u0119trzna): 76 mm<br \/>\n\u015arednica (wewn\u0119trzna): 70mm<br \/>\nG\u0142\u0119boko\u015b\u0107: 11 mm<br \/>\n\u015arednica otworu: 11mm<br \/>\nLiczba otwor\u00f3w: 1<br \/>\nWaga: oko\u0142o 194 g.<\/p>\n<p>Czy masz jakie\u015b pytania? Skontaktuj si\u0119 z nami\u00a0<a href=\"https:\/\/hookahshop.lt\/pl\/lacznosc\/\">strona z kontaktami<\/a>\u00a0lub napisz do nas na adres\u00a0<a href=\"https:\/\/facebook.com\/HookahShop.lt\/\" target=\"_blank\" rel=\"noopener noreferrer\">konto na Facebooku<\/a>\u00a0a my odpowiemy na Twoj\u0105 pro\u015bb\u0119 tego samego dnia.<\/p>","protected":false},"excerpt":{"rendered":"<p>Miska na fajk\u0119 wodn\u0105 OBLAKO Mono Phunnel M Glaze Black Jest to unowocze\u015bniony produkt firmy OBALAKO. Monolityczny, kolorowy, przeszklony kubek z efektem deszczu. Dzi\u0119ki ma\u0142ej g\u0142\u0119boko\u015bci i szeroko\u015bci kubka, mieszanka fajki wodnej nagrzewa si\u0119 r\u00f3wnomiernie na ca\u0142ej powierzchni, co pozwala na maksymalne dostarczenie nikotyny i zapewnia maksymaln\u0105 si\u0142\u0119 podczas palenia. Kubek wykonany jest z porcelany barwionej w niskich temperaturach, obszar roboczy pokryty jest bia\u0142\u0105 [...]<\/p>","protected":false},"featured_media":21286,"comment_status":"open","ping_status":"closed","template":"","meta":[],"_links":{"self":[{"href":"https:\/\/hookahshop.lt\/pl\/wp-json\/wp\/v2\/product\/20352"}],"collection":[{"href":"https:\/\/hookahshop.lt\/pl\/wp-json\/wp\/v2\/product"}],"about":[{"href":"https:\/\/hookahshop.lt\/pl\/wp-json\/wp\/v2\/types\/product"}],"replies":[{"embeddable":true,"href":"https:\/\/hookahshop.lt\/pl\/wp-json\/wp\/v2\/comments?post=20352"}],"version-history":[{"count":3,"href":"https:\/\/hookahshop.lt\/pl\/wp-json\/wp\/v2\/product\/20352\/revisions"}],"predecessor-version":[{"id":29280,"href":"https:\/\/hookahshop.lt\/pl\/wp-json\/wp\/v2\/product\/20352\/revisions\/29280"}],"wp:featuredmedia":[{"embeddable":true,"href":"https:\/\/hookahshop.lt\/pl\/wp-json\/wp\/v2\/media\/21286"}],"wp:attachment":[{"href":"https:\/\/hookahshop.lt\/pl\/wp-json\/wp\/v2\/media?parent=20352"}],"curies":[{"name":"wp","href":"https:\/\/api.w.org\/{rel}","templated":true}]}}