{"id":20375,"date":"2021-03-12T21:17:01","date_gmt":"2021-03-12T19:17:01","guid":{"rendered":"https:\/\/hookahshop.lt\/?post_type=product&#038;p=20375"},"modified":"2026-04-19T23:28:56","modified_gmt":"2026-04-19T20:28:56","slug":"kaljanas-hoob-atom-black","status":"publish","type":"product","link":"https:\/\/hookahshop.lt\/pl\/produkt\/fajka-wodna-hoob-atom-czarna\/","title":{"rendered":"Fajka wodna HOOB Atom czarna"},"content":{"rendered":"<h2>Fajki wodne HOOB Atom Black<\/h2>\n<p>Jest to jedna z najbardziej rewolucyjnych i kompaktowych fajek wodnych. Popularny ju\u017c czarny design Hooba i niestandardowe kszta\u0142ty tej fajki wodnej sprawiaj\u0105, \u017ce jest ona naprawd\u0119 wyj\u0105tkowa, mo\u017cna jej u\u017cywa\u0107 wsz\u0119dzie tam, gdzie chcesz, na \u0142onie natury, w domu, w biurze. Wysokiej jako\u015bci materia\u0142y s\u0105 idealnie dobrane, aby zapewni\u0107 najd\u0142u\u017csz\u0105 \u017cywotno\u015b\u0107 fajki wodnej i dopasowa\u0107 j\u0105 do nowoczesnego wygl\u0105du.<\/p>\n<p>Anodowana aluminiowa cz\u0119\u015b\u0107 do fajki wodnej ze specjaln\u0105 z\u0142ot\u0105 i czarn\u0105 matow\u0105 pow\u0142ok\u0105, z centraln\u0105 rur\u0105 ze stali nierdzewnej.<br \/>\nHoob Magnetic Lock\u00ae unikalny system po\u0142\u0105cze\u0144 fajki wodnej i magnetyczne z\u0142\u0105cza w\u0119\u017ca.<\/p>\n<p>Hookah Hoob Atom Black to przedmiot, kt\u00f3rego mo\u017cna u\u017cywa\u0107 z dowolnymi kubkami i w\u0119\u017cami silikonowymi.<\/p>\n<p><strong>Ekwipunek:<\/strong><br \/>\nWa\u0142 ze stali nierdzewnej<br \/>\nSystem mocowania Magnesy \u201eHoob Magnetic Lock\u00ae\u201d.<br \/>\nMagnetyczne z\u0142\u0105cze w\u0119\u017ca<br \/>\nPodstawa kolby z pleksiglasu z p\u0142atkami z\u0142ota<br \/>\nZintegrowany uchwyt i schowek na lampk\u0119 LED.<br \/>\nMini talerz ze stali nierdzewnej na w\u0119giel drzewny<br \/>\nWysoko\u015b\u0107: 21 cm<br \/>\n\u015arednica dolnej cz\u0119\u015bci: 13mm<br \/>\n\u015arednica z\u0142\u0105cza w\u0119\u017ca: 10mm<br \/>\nPodw\u00f3jny uk\u0142ad wydechowy;<br \/>\nIlo\u015b\u0107 przy\u0142\u0105czy do 2 w\u0119\u017cy;<\/p>\n<p><strong>Zestaw nie zawiera ustnika i w\u0119\u017cyka.<\/strong><\/p>\n<p>Czy masz jakie\u015b pytania? Skontaktuj si\u0119 z nami\u00a0<a href=\"https:\/\/hookahshop.lt\/pl\/lacznosc\/\">strona z kontaktami<\/a>\u00a0lub napisz do nas na adres\u00a0<a href=\"https:\/\/facebook.com\/HookahShop.lt\/\" target=\"_blank\" rel=\"noopener noreferrer\">konto na Facebooku<\/a>\u00a0a my odpowiemy na Twoj\u0105 pro\u015bb\u0119 tego samego dnia.<\/p>","protected":false},"excerpt":{"rendered":"<p>Fajka wodna HOOB Atom Black To jedna z najbardziej rewolucyjnych i kompaktowych fajek wodnych. Popularny, czarny design \u201eHoob\u201d i niestandardowe kszta\u0142ty tej fajki wodnej czyni\u0105 j\u0105 wyj\u0105tkow\u0105 i mo\u017cna jej u\u017cywa\u0107 wsz\u0119dzie \u2013 na \u0142onie natury, w domu i w biurze. Wysokiej jako\u015bci materia\u0142y zosta\u0142y idealnie dobrane, aby zapewni\u0107 d\u0142ug\u0105 \u017cywotno\u015b\u0107 fajki wodnej i harmonizowa\u0107 z nowoczesnym wygl\u0105dem. Anodowana aluminiowa cz\u0119\u015b\u0107 fajki wodnej [\u2026]<\/p>","protected":false},"featured_media":25062,"comment_status":"open","ping_status":"closed","template":"","meta":[],"_links":{"self":[{"href":"https:\/\/hookahshop.lt\/pl\/wp-json\/wp\/v2\/product\/20375"}],"collection":[{"href":"https:\/\/hookahshop.lt\/pl\/wp-json\/wp\/v2\/product"}],"about":[{"href":"https:\/\/hookahshop.lt\/pl\/wp-json\/wp\/v2\/types\/product"}],"replies":[{"embeddable":true,"href":"https:\/\/hookahshop.lt\/pl\/wp-json\/wp\/v2\/comments?post=20375"}],"version-history":[{"count":4,"href":"https:\/\/hookahshop.lt\/pl\/wp-json\/wp\/v2\/product\/20375\/revisions"}],"predecessor-version":[{"id":26713,"href":"https:\/\/hookahshop.lt\/pl\/wp-json\/wp\/v2\/product\/20375\/revisions\/26713"}],"wp:featuredmedia":[{"embeddable":true,"href":"https:\/\/hookahshop.lt\/pl\/wp-json\/wp\/v2\/media\/25062"}],"wp:attachment":[{"href":"https:\/\/hookahshop.lt\/pl\/wp-json\/wp\/v2\/media?parent=20375"}],"curies":[{"name":"wp","href":"https:\/\/api.w.org\/{rel}","templated":true}]}}