{"id":20380,"date":"2021-03-12T22:01:24","date_gmt":"2021-03-12T20:01:24","guid":{"rendered":"https:\/\/hookahshop.lt\/?post_type=product&#038;p=20380"},"modified":"2026-04-18T23:28:41","modified_gmt":"2026-04-18T20:28:41","slug":"kaljanas-amy-deluxe-073-02-juodas","status":"publish","type":"product","link":"https:\/\/hookahshop.lt\/pl\/produkt\/szisza-amy-deluxe-073-02-czarna\/","title":{"rendered":"Fajka wodna AMY DELUXE AMY073.02 Czarna"},"content":{"rendered":"<h2>Fajka wodna AMY DELUXE AMY073.02 Czarna<\/h2>\n<p>Jest to fajka wodna o ekskluzywnym designie, wykonana z aluminium.<\/p>\n<p><strong>W sk\u0142ad zestawu wchodz\u0105:<\/strong><br \/>\nNargile<br \/>\nKolba<br \/>\nUstnik<br \/>\nPuchar<br \/>\nW\u0105\u017c (silikon)<br \/>\nUchwyt na w\u0105\u017c<br \/>\nSzczypce<br \/>\nKomin<\/p>\n<p><strong>Specyfikacja:<\/strong><br \/>\nWysoko\u015b\u0107 fajki wodnej z kolb\u0105: oko\u0142o 58 cm<br \/>\nMateria\u0142: aluminium<br \/>\nTyp po\u0142\u0105czenia: Kliknij<br \/>\nCzarny kolor<br \/>\nDyfuzor: Niedost\u0119pny<br \/>\nKraj pochodzenia: Niemcy<\/p>\n<p>Czy masz jakie\u015b pytania? Skontaktuj si\u0119 z nami\u00a0<a href=\"https:\/\/hookahshop.lt\/pl\/lacznosc\/\">strona z kontaktami<\/a>\u00a0lub napisz do nas na adres\u00a0<a href=\"https:\/\/facebook.com\/HookahShop.lt\/\" target=\"_blank\" rel=\"noopener noreferrer\">konto na Facebooku<\/a>\u00a0a my odpowiemy na Twoj\u0105 pro\u015bb\u0119 tego samego dnia.<\/p>","protected":false},"excerpt":{"rendered":"<p>Fajka wodna AMY DELUXE AMY073.02 Czarna Fajka wodna o ekskluzywnym designie, wykonana z aluminium. W zestawie: Pojemnik na fajk\u0119 ustnik Kubek Przew\u00f3d (silikon) Uchwyt na w\u0119\u017cyk Szczypce Podudzie Specyfikacja: Wysoko\u015b\u0107 fajki wodnej wraz z kolb\u0105: ok. 58cm Materia\u0142: aluminium Rodzaj po\u0142\u0105czenia: Klikni\u0119cie Kolor: Czarny Dyfuzor: Brak Kraj pochodzenia: Niemcy Masz pytania? Skontaktuj si\u0119 z nami na stronie kontaktowej lub napisz do nas na naszym koncie na Facebooku, a my odpowiemy [\u2026]<\/p>","protected":false},"featured_media":20384,"comment_status":"open","ping_status":"closed","template":"","meta":[],"_links":{"self":[{"href":"https:\/\/hookahshop.lt\/pl\/wp-json\/wp\/v2\/product\/20380"}],"collection":[{"href":"https:\/\/hookahshop.lt\/pl\/wp-json\/wp\/v2\/product"}],"about":[{"href":"https:\/\/hookahshop.lt\/pl\/wp-json\/wp\/v2\/types\/product"}],"replies":[{"embeddable":true,"href":"https:\/\/hookahshop.lt\/pl\/wp-json\/wp\/v2\/comments?post=20380"}],"version-history":[{"count":5,"href":"https:\/\/hookahshop.lt\/pl\/wp-json\/wp\/v2\/product\/20380\/revisions"}],"predecessor-version":[{"id":25621,"href":"https:\/\/hookahshop.lt\/pl\/wp-json\/wp\/v2\/product\/20380\/revisions\/25621"}],"wp:featuredmedia":[{"embeddable":true,"href":"https:\/\/hookahshop.lt\/pl\/wp-json\/wp\/v2\/media\/20384"}],"wp:attachment":[{"href":"https:\/\/hookahshop.lt\/pl\/wp-json\/wp\/v2\/media?parent=20380"}],"curies":[{"name":"wp","href":"https:\/\/api.w.org\/{rel}","templated":true}]}}