{"id":20403,"date":"2021-03-12T23:06:20","date_gmt":"2021-03-12T21:06:20","guid":{"rendered":"https:\/\/hookahshop.lt\/?post_type=product&#038;p=20403"},"modified":"2026-05-12T23:28:51","modified_gmt":"2026-05-12T20:28:51","slug":"kaljanas-honey-sigh-urban-black","status":"publish","type":"product","link":"https:\/\/hookahshop.lt\/pl\/produkt\/hookah-miod-westchnienie-miejski-czarny\/","title":{"rendered":"Fajka wodna HONEY SIGH Urban Czarna"},"content":{"rendered":"<h2>Fajka wodna HONEY SIGH Urban Czarna<\/h2>\n<p>Posiada doskona\u0142e w\u0142a\u015bciwo\u015bci u\u017cytkowe i dymne. Efektywne pionowe p\u0142ukanie kolby. Podstawa acetalowa - trwa\u0142a i stylowa. Czarne zdobienie doskonale uzupe\u0142nia ca\u0142o\u015b\u0107. System wydmuchu sk\u0142ada si\u0119 z 5 zawor\u00f3w, za pomoc\u0105 kt\u00f3rych dym wydmuchuje si\u0119 z kolby za pierwszym razem, a tak\u017ce ch\u0142odzi kubek.<\/p>\n<p><strong>Specyfikacja:<\/strong><\/p>\n<p>Trakcja: Klasyczna (bez dyfuzora)<br \/>\nCzarny kolor<br \/>\nZ\u0142\u0105cze w\u0119\u017ca: O-ring<br \/>\nZawory wydmuchowe: 5 szt.<br \/>\nWa\u0142: stal nierdzewna<\/p>\n<p><strong>Ekwipunek:<\/strong><br \/>\nTrzonek (\u0142odyga) 53 cm<br \/>\nTalerz 20 cm<br \/>\nUstnik<br \/>\nZ\u0142\u0105cze w\u0119\u017ca<br \/>\nW\u0105\u017c (mi\u0119kki w dotyku)<br \/>\nUszczelki (2 szt.)<br \/>\nPlastikowy zaw\u00f3r upustowy (5 szt.)<br \/>\nPude\u0142ko na fajk\u0119 wodn\u0105<\/p>\n<p>Czy masz jakie\u015b pytania? Skontaktuj si\u0119 z nami\u00a0<a href=\"https:\/\/hookahshop.lt\/pl\/lacznosc\/\">strona z kontaktami<\/a>\u00a0lub napisz do nas na adres\u00a0<a href=\"https:\/\/facebook.com\/HookahShop.lt\/\" target=\"_blank\" rel=\"noopener noreferrer\">konto na Facebooku<\/a>\u00a0a my odpowiemy na Twoj\u0105 pro\u015bb\u0119 tego samego dnia.<\/p>","protected":false},"excerpt":{"rendered":"<p>Hookah HONEY SIGH Urban Black Charakteryzuje si\u0119 doskona\u0142\u0105 wydajno\u015bci\u0105 i w\u0142a\u015bciwo\u015bciami palenia. Efektywne pionowe dmuchanie z kolby. Podstawa z acetalu - trwa\u0142a i stylowa. Czarna dekoracja idealnie uzupe\u0142nia wygl\u0105d. System dmuchania sk\u0142ada si\u0119 z 5 zawor\u00f3w, kt\u00f3re pomagaj\u0105 wydmucha\u0107 dym z kolby za pierwszym razem, a tak\u017ce sch\u0142adzaj\u0105 kubek. Specyfikacja: Wersja robocza: Classic (bez dyfuzora) Kolor: czarny Przy\u0142\u0105cze w\u0119\u017ca: O-ring [\u2026]<\/p>","protected":false},"featured_media":20404,"comment_status":"open","ping_status":"closed","template":"","meta":[],"_links":{"self":[{"href":"https:\/\/hookahshop.lt\/pl\/wp-json\/wp\/v2\/product\/20403"}],"collection":[{"href":"https:\/\/hookahshop.lt\/pl\/wp-json\/wp\/v2\/product"}],"about":[{"href":"https:\/\/hookahshop.lt\/pl\/wp-json\/wp\/v2\/types\/product"}],"replies":[{"embeddable":true,"href":"https:\/\/hookahshop.lt\/pl\/wp-json\/wp\/v2\/comments?post=20403"}],"version-history":[{"count":5,"href":"https:\/\/hookahshop.lt\/pl\/wp-json\/wp\/v2\/product\/20403\/revisions"}],"predecessor-version":[{"id":29613,"href":"https:\/\/hookahshop.lt\/pl\/wp-json\/wp\/v2\/product\/20403\/revisions\/29613"}],"wp:featuredmedia":[{"embeddable":true,"href":"https:\/\/hookahshop.lt\/pl\/wp-json\/wp\/v2\/media\/20404"}],"wp:attachment":[{"href":"https:\/\/hookahshop.lt\/pl\/wp-json\/wp\/v2\/media?parent=20403"}],"curies":[{"name":"wp","href":"https:\/\/api.w.org\/{rel}","templated":true}]}}