{"id":20408,"date":"2021-03-12T23:40:35","date_gmt":"2021-03-12T21:40:35","guid":{"rendered":"https:\/\/hookahshop.lt\/?post_type=product&#038;p=20408"},"modified":"2026-04-18T23:28:37","modified_gmt":"2026-04-18T20:28:37","slug":"individualus-kaljano-kandiklis-japona-samurai-yellow","status":"publish","type":"product","link":"https:\/\/hookahshop.lt\/pl\/produkt\/indywidualny-ustnik-szisza-japonia-samuraj-zolty\/","title":{"rendered":"Niestandardowy ustnik do fajki wodnej JAPAN Samurai Yellow"},"content":{"rendered":"<h2>Niestandardowy ustnik do fajki wodnej JAPAN Samurai Yellow<\/h2>\n<p>Designerski ustnik, bi\u017cuteria, ameryka\u0144ski akryl, br\u0105zowy pier\u015bcionek z #japonahookah i medalion z mask\u0105 samuraja. Przew\u00f3d jest tekstylny. Kolor ustnika jest \u017c\u00f3\u0142to-czarny.<\/p>\n<p>Czy masz jakie\u015b pytania? Skontaktuj si\u0119 z nami\u00a0<a href=\"https:\/\/hookahshop.lt\/pl\/lacznosc\/\">strona z kontaktami<\/a>\u00a0lub napisz do nas na adres\u00a0<a href=\"https:\/\/facebook.com\/HookahShop.lt\/\" target=\"_blank\" rel=\"noopener noreferrer\">konto na Facebooku<\/a>\u00a0a my odpowiemy na Twoj\u0105 pro\u015bb\u0119 tego samego dnia.<\/p>","protected":false},"excerpt":{"rendered":"<p>Indywidualny ustnik do fajki wodnej JAPONA Samurai Yellow Designerski ustnik, bi\u017cuteria, ameryka\u0144ski akryl, pier\u015bcie\u0144 z br\u0105zu z #japonahookah i medalion z mask\u0105 samuraja. Przew\u00f3d \u2013 tekstylny. Kolor ustnika \u2013 \u017c\u00f3\u0142to-czarny. Masz jakie\u015b pytania? Skontaktuj si\u0119 z nami na stronie kontaktowej lub napisz do nas na Facebooku, a odpowiemy na Twoje zapytanie tego samego dnia.<\/p>","protected":false},"featured_media":20409,"comment_status":"open","ping_status":"closed","template":"","meta":[],"_links":{"self":[{"href":"https:\/\/hookahshop.lt\/pl\/wp-json\/wp\/v2\/product\/20408"}],"collection":[{"href":"https:\/\/hookahshop.lt\/pl\/wp-json\/wp\/v2\/product"}],"about":[{"href":"https:\/\/hookahshop.lt\/pl\/wp-json\/wp\/v2\/types\/product"}],"replies":[{"embeddable":true,"href":"https:\/\/hookahshop.lt\/pl\/wp-json\/wp\/v2\/comments?post=20408"}],"version-history":[{"count":5,"href":"https:\/\/hookahshop.lt\/pl\/wp-json\/wp\/v2\/product\/20408\/revisions"}],"predecessor-version":[{"id":31143,"href":"https:\/\/hookahshop.lt\/pl\/wp-json\/wp\/v2\/product\/20408\/revisions\/31143"}],"wp:featuredmedia":[{"embeddable":true,"href":"https:\/\/hookahshop.lt\/pl\/wp-json\/wp\/v2\/media\/20409"}],"wp:attachment":[{"href":"https:\/\/hookahshop.lt\/pl\/wp-json\/wp\/v2\/media?parent=20408"}],"curies":[{"name":"wp","href":"https:\/\/api.w.org\/{rel}","templated":true}]}}