{"id":20421,"date":"2021-03-12T23:59:43","date_gmt":"2021-03-12T21:59:43","guid":{"rendered":"https:\/\/hookahshop.lt\/?post_type=product&#038;p=20421"},"modified":"2026-05-14T23:28:41","modified_gmt":"2026-05-14T20:28:41","slug":"individualus-kaljano-kandiklis-japona-beads-yellow","status":"publish","type":"product","link":"https:\/\/hookahshop.lt\/pl\/produkt\/indywidualny-ustnik-szisza-japonia-koraliki-zolty\/","title":{"rendered":"Indywidualny ustnik do fajki wodnej JAPAN Beads Yellow"},"content":{"rendered":"<h2>Indywidualny ustnik do fajki wodnej JAPAN Beads Yellow<\/h2>\n<p>Designerski ustnik, bi\u017cuteria, ameryka\u0144ski akryl, pier\u015bcionek z br\u0105zu z #japonahookah i medalion z mask\u0105 samuraja. Koraliki - drewno, kamie\u0144 naturalny. Kolor ustnika jest \u017c\u00f3\u0142to-czarny.<\/p>\n<p>Czy masz jakie\u015b pytania? Skontaktuj si\u0119 z nami\u00a0<a href=\"https:\/\/hookahshop.lt\/pl\/lacznosc\/\">strona z kontaktami<\/a>\u00a0lub napisz do nas na adres\u00a0<a href=\"https:\/\/facebook.com\/HookahShop.lt\/\" target=\"_blank\" rel=\"noopener noreferrer\">konto na Facebooku<\/a>\u00a0a my odpowiemy na Twoj\u0105 pro\u015bb\u0119 tego samego dnia.<\/p>","protected":false},"excerpt":{"rendered":"<p>Niestandardowy ustnik do fajki wodnej JAPONA Koraliki \u017b\u00f3\u0142ty designerski ustnik Bi\u017cuteria Ameryka\u0144ski akrylowy pier\u015bcionek z br\u0105zu z #japonahookah i medalionem z mask\u0105 samuraja. Koraliki - drewno, kamie\u0144 naturalny. Kolor ustnika jest \u017c\u00f3\u0142to-czarny. Czy masz jakie\u015b pytania? Skontaktuj si\u0119 z nami na stronie kontaktowej lub napisz do nas na naszym koncie na Facebooku, a my odpowiemy na Twoj\u0105 pro\u015bb\u0119 jeszcze tego samego dnia.<\/p>","protected":false},"featured_media":20422,"comment_status":"open","ping_status":"closed","template":"","meta":[],"_links":{"self":[{"href":"https:\/\/hookahshop.lt\/pl\/wp-json\/wp\/v2\/product\/20421"}],"collection":[{"href":"https:\/\/hookahshop.lt\/pl\/wp-json\/wp\/v2\/product"}],"about":[{"href":"https:\/\/hookahshop.lt\/pl\/wp-json\/wp\/v2\/types\/product"}],"replies":[{"embeddable":true,"href":"https:\/\/hookahshop.lt\/pl\/wp-json\/wp\/v2\/comments?post=20421"}],"version-history":[{"count":7,"href":"https:\/\/hookahshop.lt\/pl\/wp-json\/wp\/v2\/product\/20421\/revisions"}],"predecessor-version":[{"id":33775,"href":"https:\/\/hookahshop.lt\/pl\/wp-json\/wp\/v2\/product\/20421\/revisions\/33775"}],"wp:featuredmedia":[{"embeddable":true,"href":"https:\/\/hookahshop.lt\/pl\/wp-json\/wp\/v2\/media\/20422"}],"wp:attachment":[{"href":"https:\/\/hookahshop.lt\/pl\/wp-json\/wp\/v2\/media?parent=20421"}],"curies":[{"name":"wp","href":"https:\/\/api.w.org\/{rel}","templated":true}]}}