{"id":20425,"date":"2021-03-13T00:03:54","date_gmt":"2021-03-12T22:03:54","guid":{"rendered":"https:\/\/hookahshop.lt\/?post_type=product&#038;p=20425"},"modified":"2026-04-14T23:28:41","modified_gmt":"2026-04-14T20:28:41","slug":"individualus-kaljano-kandiklis-japona-beads-white","status":"publish","type":"product","link":"https:\/\/hookahshop.lt\/pl\/produkt\/niestandardowe-szisza-ustnik-japonia-koraliki-biale\/","title":{"rendered":"Indywidualny ustnik do fajki wodnej JAPAN Beads Bia\u0142y"},"content":{"rendered":"<h2>Indywidualny ustnik do fajki wodnej JAPAN Beads Bia\u0142y<\/h2>\n<p>Ustnik projektanta, bi\u017cuteria, ameryka\u0144ski akryl, pier\u015bcionek z br\u0105zu z #japonahookah i medalion z mask\u0105 samuraja. Koraliki - drewno, kamie\u0144 naturalny. Kolor ustnika - bia\u0142o-czarny.<\/p>\n<p>Czy masz jakie\u015b pytania? Skontaktuj si\u0119 z nami\u00a0<a href=\"https:\/\/hookahshop.lt\/pl\/lacznosc\/\">strona z kontaktami<\/a>\u00a0lub napisz do nas na adres\u00a0<a href=\"https:\/\/facebook.com\/HookahShop.lt\/\" target=\"_blank\" rel=\"noopener noreferrer\">konto na Facebooku<\/a>\u00a0a my odpowiemy na Twoj\u0105 pro\u015bb\u0119 tego samego dnia.<\/p>","protected":false},"excerpt":{"rendered":"<p>Niestandardowy ustnik do fajki wodnej JAPONA Koraliki Bia\u0142y designerski ustnik Bi\u017cuteria Ameryka\u0144ski akrylowy pier\u015bcionek z br\u0105zu z #japonahookah i medalionem z mask\u0105 samuraja. Koraliki - drewno, kamie\u0144 naturalny. Kolor ustnika jest bia\u0142o-czarny. Czy masz jakie\u015b pytania? Skontaktuj si\u0119 z nami na stronie kontaktowej lub napisz do nas na naszym koncie na Facebooku, a my odpowiemy na Twoj\u0105 pro\u015bb\u0119 jeszcze tego samego dnia.<\/p>","protected":false},"featured_media":20426,"comment_status":"open","ping_status":"closed","template":"","meta":[],"_links":{"self":[{"href":"https:\/\/hookahshop.lt\/pl\/wp-json\/wp\/v2\/product\/20425"}],"collection":[{"href":"https:\/\/hookahshop.lt\/pl\/wp-json\/wp\/v2\/product"}],"about":[{"href":"https:\/\/hookahshop.lt\/pl\/wp-json\/wp\/v2\/types\/product"}],"replies":[{"embeddable":true,"href":"https:\/\/hookahshop.lt\/pl\/wp-json\/wp\/v2\/comments?post=20425"}],"version-history":[{"count":7,"href":"https:\/\/hookahshop.lt\/pl\/wp-json\/wp\/v2\/product\/20425\/revisions"}],"predecessor-version":[{"id":44189,"href":"https:\/\/hookahshop.lt\/pl\/wp-json\/wp\/v2\/product\/20425\/revisions\/44189"}],"wp:featuredmedia":[{"embeddable":true,"href":"https:\/\/hookahshop.lt\/pl\/wp-json\/wp\/v2\/media\/20426"}],"wp:attachment":[{"href":"https:\/\/hookahshop.lt\/pl\/wp-json\/wp\/v2\/media?parent=20425"}],"curies":[{"name":"wp","href":"https:\/\/api.w.org\/{rel}","templated":true}]}}