{"id":20435,"date":"2021-03-13T20:10:11","date_gmt":"2021-03-13T18:10:11","guid":{"rendered":"https:\/\/hookahshop.lt\/?post_type=product&#038;p=20435"},"modified":"2026-04-18T23:29:11","modified_gmt":"2026-04-18T20:29:11","slug":"zarna-silikonine-caesar-juoda","status":"publish","type":"product","link":"https:\/\/hookahshop.lt\/pl\/produkt\/waz-silikonowy-cezar-czarny\/","title":{"rendered":"W\u0105\u017c silikonowy CAESAR Czarny"},"content":{"rendered":"<h2>W\u0105\u017c silikonowy CAESAR Czarny<\/h2>\n<p>Wykonany z silikonu medycznego z pow\u0142ok\u0105 antystatyczn\u0105 \u201eSoft-Touch\u201d i nie posiada obcych zapach\u00f3w. Dzi\u0119ki tym w\u0142a\u015bciwo\u015bciom w\u0105\u017c pozostaje elastyczny.<br \/>\n<strong>Specyfikacje:<\/strong><br \/>\nD\u0142ugo\u015b\u0107: 1,50 m\u00b2<br \/>\n\u015arednica zewn\u0119trzna: 18 mm<br \/>\n\u015arednica wewn\u0119trzna w\u0119\u017ca: 11 mm<br \/>\nPow\u0142oka: mi\u0119kki mi\u0119kki w dotyku<br \/>\nWaga: oko\u0142o 240 g.<\/p>\n<p>Czy masz jakie\u015b pytania? Skontaktuj si\u0119 z nami\u00a0<a href=\"https:\/\/hookahshop.lt\/pl\/lacznosc\/\">strona z kontaktami<\/a>\u00a0lub napisz do nas na adres\u00a0<a href=\"https:\/\/facebook.com\/HookahShop.lt\/\" target=\"_blank\" rel=\"noopener noreferrer\">konto na Facebooku<\/a>\u00a0a my odpowiemy na Twoj\u0105 pro\u015bb\u0119 tego samego dnia.<\/p>","protected":false},"excerpt":{"rendered":"<p>W\u0105\u017c silikonowy CAESAR Czarny Wykonany z silikonu medycznego z antystatyczn\u0105 pow\u0142ok\u0105 Soft-Touch i nie posiada obcych zapach\u00f3w. Dzi\u0119ki tym w\u0142a\u015bciwo\u015bciom w\u0105\u017c jest elastyczny. Dane techniczne: D\u0142ugo\u015b\u0107: 1,50 m \u015arednica zewn\u0119trzna: 18 mm \u015arednica wewn\u0119trzna w\u0119\u017ca: 11 mm Pow\u0142oka: mi\u0119kka, mi\u0119kka w dotyku Waga: oko\u0142o 240 g. Czy masz jakie\u015b pytania? Skontaktuj si\u0119 z nami na stronie kontaktowej lub napisz do nas na naszym koncie na Facebooku, a my odpowiemy [\u2026]<\/p>","protected":false},"featured_media":20436,"comment_status":"open","ping_status":"closed","template":"","meta":[],"_links":{"self":[{"href":"https:\/\/hookahshop.lt\/pl\/wp-json\/wp\/v2\/product\/20435"}],"collection":[{"href":"https:\/\/hookahshop.lt\/pl\/wp-json\/wp\/v2\/product"}],"about":[{"href":"https:\/\/hookahshop.lt\/pl\/wp-json\/wp\/v2\/types\/product"}],"replies":[{"embeddable":true,"href":"https:\/\/hookahshop.lt\/pl\/wp-json\/wp\/v2\/comments?post=20435"}],"version-history":[{"count":5,"href":"https:\/\/hookahshop.lt\/pl\/wp-json\/wp\/v2\/product\/20435\/revisions"}],"predecessor-version":[{"id":35107,"href":"https:\/\/hookahshop.lt\/pl\/wp-json\/wp\/v2\/product\/20435\/revisions\/35107"}],"wp:featuredmedia":[{"embeddable":true,"href":"https:\/\/hookahshop.lt\/pl\/wp-json\/wp\/v2\/media\/20436"}],"wp:attachment":[{"href":"https:\/\/hookahshop.lt\/pl\/wp-json\/wp\/v2\/media?parent=20435"}],"curies":[{"name":"wp","href":"https:\/\/api.w.org\/{rel}","templated":true}]}}