{"id":20450,"date":"2021-03-15T11:50:32","date_gmt":"2021-03-15T09:50:32","guid":{"rendered":"https:\/\/hookahshop.lt\/?post_type=product&#038;p=20450"},"modified":"2026-04-06T23:29:04","modified_gmt":"2026-04-06T20:29:04","slug":"kuprine-kaljanui-alpe","status":"publish","type":"product","link":"https:\/\/hookahshop.lt\/pl\/produkt\/plecak-szisza-alpe\/","title":{"rendered":"Plecak na fajk\u0119 wodn\u0105 ALPE 48cm"},"content":{"rendered":"<h2>Plecak na fajk\u0119 wodn\u0105 ALPE 48cm<\/h2>\n<p>Wygodny plecak do transportu mini fajki wodnej posiada przegrody, kt\u00f3re mo\u017cna dowolnie zmienia\u0107.<\/p>\n<p>Wymiary zewn\u0119trzne: 48 x 33 x 20 cm<br \/>\nWymiary wewn\u0119trzne: 43 cm x 28 cm x 15 cm<br \/>\nWaga: 1 kg<br \/>\nOchrona przed deszczem: Tak<\/p>\n<p>Czy masz jakie\u015b pytania? Skontaktuj si\u0119 z nami\u00a0<a href=\"https:\/\/hookahshop.lt\/pl\/lacznosc\/\">strona z kontaktami<\/a>\u00a0lub napisz do nas na adres\u00a0<a href=\"https:\/\/facebook.com\/HookahShop.lt\/\" target=\"_blank\" rel=\"noopener noreferrer\">konto na Facebooku<\/a>\u00a0a my odpowiemy na Twoj\u0105 pro\u015bb\u0119 tego samego dnia.<\/p>","protected":false},"excerpt":{"rendered":"<p>Plecak na fajk\u0119 wodn\u0105 ALPE 48cm Wygodny plecak do transportu mini fajki wodnej posiada przegr\u00f3dki, kt\u00f3re mo\u017cna zmienia\u0107 wed\u0142ug \u017cyczenia. Wymiary zewn\u0119trzne: 48 x 33 x 20 cm Wymiary wewn\u0119trzne: 43 cm x 28 cm x 15 cm Waga: 1 kg Os\u0142ona przeciwdeszczowa: tak Masz pytania? Skontaktuj si\u0119 z nami na stronie kontaktowej lub napisz do nas na naszym koncie na Facebooku, a my odpowiemy na Twoje zapytanie w [\u2026]<\/p>","protected":false},"featured_media":20455,"comment_status":"open","ping_status":"closed","template":"","meta":[],"_links":{"self":[{"href":"https:\/\/hookahshop.lt\/pl\/wp-json\/wp\/v2\/product\/20450"}],"collection":[{"href":"https:\/\/hookahshop.lt\/pl\/wp-json\/wp\/v2\/product"}],"about":[{"href":"https:\/\/hookahshop.lt\/pl\/wp-json\/wp\/v2\/types\/product"}],"replies":[{"embeddable":true,"href":"https:\/\/hookahshop.lt\/pl\/wp-json\/wp\/v2\/comments?post=20450"}],"version-history":[{"count":4,"href":"https:\/\/hookahshop.lt\/pl\/wp-json\/wp\/v2\/product\/20450\/revisions"}],"predecessor-version":[{"id":26057,"href":"https:\/\/hookahshop.lt\/pl\/wp-json\/wp\/v2\/product\/20450\/revisions\/26057"}],"wp:featuredmedia":[{"embeddable":true,"href":"https:\/\/hookahshop.lt\/pl\/wp-json\/wp\/v2\/media\/20455"}],"wp:attachment":[{"href":"https:\/\/hookahshop.lt\/pl\/wp-json\/wp\/v2\/media?parent=20450"}],"curies":[{"name":"wp","href":"https:\/\/api.w.org\/{rel}","templated":true}]}}