{"id":20459,"date":"2021-03-15T12:25:25","date_gmt":"2021-03-15T10:25:25","guid":{"rendered":"https:\/\/hookahshop.lt\/?post_type=product&#038;p=20459"},"modified":"2026-04-06T23:29:04","modified_gmt":"2026-04-06T20:29:04","slug":"krepsys-kaljanui-34cm","status":"publish","type":"product","link":"https:\/\/hookahshop.lt\/pl\/produkt\/koszyk-na-fajke-wodna-34cm\/","title":{"rendered":"Torba na fajk\u0119 wodn\u0105 34cm"},"content":{"rendered":"<h2>Torba na fajk\u0119 wodn\u0105 34cm<\/h2>\n<p>Prosty i wygodny futera\u0142 do transportu fajki wodnej. Wewn\u0105trz masz mo\u017cliwo\u015b\u0107 zmiany sekcji i dostosowania ich indywidualnie do swoich potrzeb.<br \/>\nNajbardziej odpowiedni do transportu mini fajki wodnej lub akcesori\u00f3w do fajki wodnej.<br \/>\nWymiary: 34 x 22 x 17 cm<\/p>\n<p>Czy masz jakie\u015b pytania? Skontaktuj si\u0119 z nami\u00a0<a href=\"https:\/\/hookahshop.lt\/pl\/lacznosc\/\">strona z kontaktami<\/a>\u00a0lub napisz do nas na adres\u00a0<a href=\"https:\/\/facebook.com\/HookahShop.lt\/\" target=\"_blank\" rel=\"noopener noreferrer\">konto na Facebooku<\/a>\u00a0a my odpowiemy na Twoj\u0105 pro\u015bb\u0119 tego samego dnia.<\/p>","protected":false},"excerpt":{"rendered":"<p>Torba na fajki wodne 34cm Prosty i wygodny futera\u0142 do transportu fajki wodnej. Wewn\u0105trz masz mo\u017cliwo\u015b\u0107 zmiany sekcji i dostosowania ich indywidualnie do swoich potrzeb. Najbardziej odpowiedni do transportu mini fajki wodnej lub akcesori\u00f3w do fajki wodnej. Wymiary: 34 x 22 x 17 cm Masz pytania? Skontaktuj si\u0119 z nami na stronie kontaktowej lub napisz do nas na naszym koncie na Facebooku, a my odpowiemy na Twoj\u0105 pro\u015bb\u0119 jeszcze tego samego dnia.<\/p>","protected":false},"featured_media":20460,"comment_status":"open","ping_status":"closed","template":"","meta":[],"_links":{"self":[{"href":"https:\/\/hookahshop.lt\/pl\/wp-json\/wp\/v2\/product\/20459"}],"collection":[{"href":"https:\/\/hookahshop.lt\/pl\/wp-json\/wp\/v2\/product"}],"about":[{"href":"https:\/\/hookahshop.lt\/pl\/wp-json\/wp\/v2\/types\/product"}],"replies":[{"embeddable":true,"href":"https:\/\/hookahshop.lt\/pl\/wp-json\/wp\/v2\/comments?post=20459"}],"version-history":[{"count":3,"href":"https:\/\/hookahshop.lt\/pl\/wp-json\/wp\/v2\/product\/20459\/revisions"}],"predecessor-version":[{"id":26056,"href":"https:\/\/hookahshop.lt\/pl\/wp-json\/wp\/v2\/product\/20459\/revisions\/26056"}],"wp:featuredmedia":[{"embeddable":true,"href":"https:\/\/hookahshop.lt\/pl\/wp-json\/wp\/v2\/media\/20460"}],"wp:attachment":[{"href":"https:\/\/hookahshop.lt\/pl\/wp-json\/wp\/v2\/media?parent=20459"}],"curies":[{"name":"wp","href":"https:\/\/api.w.org\/{rel}","templated":true}]}}