{"id":20511,"date":"2021-03-18T22:32:21","date_gmt":"2021-03-18T20:32:21","guid":{"rendered":"https:\/\/hookahshop.lt\/?post_type=product&#038;p=20511"},"modified":"2026-04-16T23:29:03","modified_gmt":"2026-04-16T20:29:03","slug":"kaljanas-mexanika-smoke-steam-machine-a","status":"publish","type":"product","link":"https:\/\/hookahshop.lt\/pl\/produkt\/szisza-meksanika-dymna-parowa-maszyna-a\/","title":{"rendered":"Fajka wodna MEXANIKA Wytwornica pary A"},"content":{"rendered":"<h2>Fajka wodna MEXANIKA Wytwornica pary A<\/h2>\n<p>Model ten \u0142\u0105czy w sobie prostot\u0119 i elegancj\u0119. Wszystkie cz\u0119\u015bci wykonane s\u0105 ze stali nierdzewnej. Fajka wodna wyposa\u017cona jest w dyfuzor i specjalny system nadmuchu. To fajka wodna, kt\u00f3ra nie poddaje si\u0119 wsp\u00f3\u0142czesnym trendom.<\/p>\n<p><strong>Charakterystyka:<\/strong><br \/>\nWaga fajki wodnej: ~ 1085 gr.<br \/>\nWysoko\u015b\u0107 fajki wodnej: 505 mm.<br \/>\nZastosowany materia\u0142: stal nierdzewna<br \/>\nDyfuzor: wyjmowany gwintowany<br \/>\nUstnik: stal nierdzewna<br \/>\nD\u0142ugo\u015b\u0107 t\u0142umika: 363 mm.<\/p>\n<p>Czy masz jakie\u015b pytania? Skontaktuj si\u0119 z nami\u00a0<a href=\"https:\/\/hookahshop.lt\/pl\/lacznosc\/\">strona z kontaktami<\/a>\u00a0lub napisz do nas na adres\u00a0<a href=\"https:\/\/facebook.com\/HookahShop.lt\/\" target=\"_blank\" rel=\"noopener noreferrer\">konto na Facebooku<\/a>\u00a0a my odpowiemy na Twoj\u0105 pro\u015bb\u0119 tego samego dnia.<\/p>","protected":false},"excerpt":{"rendered":"<p>Fajka wodna MEXANIKA Maszyna do dymu A Model ten \u0142\u0105czy w sobie prostot\u0119 i elegancj\u0119. Wszystkie cz\u0119\u015bci wykonane s\u0105 ze stali nierdzewnej. Fajka wodna wyposa\u017cona jest w dyfuzor i specjalny system nadmuchu. To fajka wodna, kt\u00f3ra nie poddaje si\u0119 wsp\u00f3\u0142czesnym trendom. Charakterystyka: Waga fajki wodnej: ~ 1085 gr. Wysoko\u015b\u0107 fajki wodnej: 505 mm. Zastosowany materia\u0142: stal nierdzewna Dyfuzor: wyjmowany gwintowany Ustnik: stal nierdzewna D\u0142ugo\u015b\u0107 ustnika: 363 mm. [\u2026]<\/p>","protected":false},"featured_media":20512,"comment_status":"open","ping_status":"closed","template":"","meta":[],"_links":{"self":[{"href":"https:\/\/hookahshop.lt\/pl\/wp-json\/wp\/v2\/product\/20511"}],"collection":[{"href":"https:\/\/hookahshop.lt\/pl\/wp-json\/wp\/v2\/product"}],"about":[{"href":"https:\/\/hookahshop.lt\/pl\/wp-json\/wp\/v2\/types\/product"}],"replies":[{"embeddable":true,"href":"https:\/\/hookahshop.lt\/pl\/wp-json\/wp\/v2\/comments?post=20511"}],"version-history":[{"count":3,"href":"https:\/\/hookahshop.lt\/pl\/wp-json\/wp\/v2\/product\/20511\/revisions"}],"predecessor-version":[{"id":42208,"href":"https:\/\/hookahshop.lt\/pl\/wp-json\/wp\/v2\/product\/20511\/revisions\/42208"}],"wp:featuredmedia":[{"embeddable":true,"href":"https:\/\/hookahshop.lt\/pl\/wp-json\/wp\/v2\/media\/20512"}],"wp:attachment":[{"href":"https:\/\/hookahshop.lt\/pl\/wp-json\/wp\/v2\/media?parent=20511"}],"curies":[{"name":"wp","href":"https:\/\/api.w.org\/{rel}","templated":true}]}}