{"id":20515,"date":"2021-03-18T22:46:54","date_gmt":"2021-03-18T20:46:54","guid":{"rendered":"https:\/\/hookahshop.lt\/?post_type=product&#038;p=20515"},"modified":"2026-04-22T23:29:04","modified_gmt":"2026-04-22T20:29:04","slug":"kaljanas-mexanika-smoke-steam-machine-graphics","status":"publish","type":"product","link":"https:\/\/hookahshop.lt\/pl\/produkt\/szisza-meksanika-dym-maszyna-parowa-grafika\/","title":{"rendered":"Szisza MEXANIKA Grafika maszyny parowej do dymu"},"content":{"rendered":"<h2>Szisza MEXANIKA Grafika maszyny parowej do dymu<\/h2>\n<p>Ta fajka wodna zosta\u0142a zaprojektowana z my\u015bl\u0105 o wszystkich podstawowych potrzebach. Jego niezr\u00f3wnany wygl\u0105d i doskona\u0142e w\u0142a\u015bciwo\u015bci techniczne sprawiaj\u0105, \u017ce jest bardzo popularny i poszukiwany w\u015br\u00f3d konsument\u00f3w. Jego g\u0142\u00f3wnymi zaletami s\u0105 lekko\u015b\u0107, zwarto\u015b\u0107, stylowy lakoniczny design. To naprawd\u0119 godna uwagi opcja, kt\u00f3ra zaspokoi ka\u017cde, nawet najbardziej wyrafinowane potrzeby klienta.<\/p>\n<p><strong>Charakterystyka:<\/strong><br \/>\nWaga fajki wodnej: ~ 1420 gr.<br \/>\nWysoko\u015b\u0107 fajki wodnej: 520 mm.<br \/>\nZastosowany materia\u0142: stal nierdzewna.<br \/>\nDyfuzor: wyjmowany gwintowany.<br \/>\nUstnik: stal nierdzewna.<br \/>\nD\u0142ugo\u015b\u0107 t\u0142umika: 363 mm.<\/p>\n<p>Czy masz jakie\u015b pytania? Skontaktuj si\u0119 z nami\u00a0<a href=\"https:\/\/hookahshop.lt\/pl\/lacznosc\/\">strona z kontaktami<\/a>\u00a0lub napisz do nas na adres\u00a0<a href=\"https:\/\/facebook.com\/HookahShop.lt\/\" target=\"_blank\" rel=\"noopener noreferrer\">konto na Facebooku<\/a>\u00a0a my odpowiemy na Twoj\u0105 pro\u015bb\u0119 tego samego dnia.<\/p>","protected":false},"excerpt":{"rendered":"<p>Hookah MEXANIKA Smoke Steam Machine Graphics Ta hookah zosta\u0142a zaprojektowana z uwzgl\u0119dnieniem wszystkich podstawowych potrzeb. Ze wzgl\u0119du na sw\u00f3j niezr\u00f3wnany wygl\u0105d i doskona\u0142e parametry techniczne staje si\u0119 bardzo popularna i po\u017c\u0105dana w\u015br\u00f3d konsument\u00f3w. Jej g\u0142\u00f3wne zalety to lekko\u015b\u0107, kompaktowo\u015b\u0107, stylowy, lakoniczny design. Jest to naprawd\u0119 godna uwagi opcja, kt\u00f3ra zaspokoi wszystkie potrzeby nawet najbardziej wyrafinowanego klienta. Charakterystyka: Waga hookah: ~ [\u2026]<\/p>","protected":false},"featured_media":20516,"comment_status":"open","ping_status":"closed","template":"","meta":[],"_links":{"self":[{"href":"https:\/\/hookahshop.lt\/pl\/wp-json\/wp\/v2\/product\/20515"}],"collection":[{"href":"https:\/\/hookahshop.lt\/pl\/wp-json\/wp\/v2\/product"}],"about":[{"href":"https:\/\/hookahshop.lt\/pl\/wp-json\/wp\/v2\/types\/product"}],"replies":[{"embeddable":true,"href":"https:\/\/hookahshop.lt\/pl\/wp-json\/wp\/v2\/comments?post=20515"}],"version-history":[{"count":2,"href":"https:\/\/hookahshop.lt\/pl\/wp-json\/wp\/v2\/product\/20515\/revisions"}],"predecessor-version":[{"id":20518,"href":"https:\/\/hookahshop.lt\/pl\/wp-json\/wp\/v2\/product\/20515\/revisions\/20518"}],"wp:featuredmedia":[{"embeddable":true,"href":"https:\/\/hookahshop.lt\/pl\/wp-json\/wp\/v2\/media\/20516"}],"wp:attachment":[{"href":"https:\/\/hookahshop.lt\/pl\/wp-json\/wp\/v2\/media?parent=20515"}],"curies":[{"name":"wp","href":"https:\/\/api.w.org\/{rel}","templated":true}]}}