{"id":20519,"date":"2021-03-18T22:57:13","date_gmt":"2021-03-18T20:57:13","guid":{"rendered":"https:\/\/hookahshop.lt\/?post_type=product&#038;p=20519"},"modified":"2026-04-18T23:28:47","modified_gmt":"2026-04-18T20:28:47","slug":"kaljanas-mexanika-smoke-steam-machine-mechanical-steel","status":"publish","type":"product","link":"https:\/\/hookahshop.lt\/pl\/produkt\/hookah-mexanika-dym-maszyna-parowa-mechaniczna-stal\/","title":{"rendered":"Fajka wodna MEXANIKA Maszyna parowa do dymu Stal mechaniczna"},"content":{"rendered":"<h2>Fajka wodna MEXANIKA Maszyna parowa do dymu Stal mechaniczna<\/h2>\n<p>Fajka wodna (STM MS) jest prosta, ale bardzo funkcjonalna, co w pe\u0142ni spe\u0142nia wszelkie normy jako\u015bciowe i stwarza powa\u017cn\u0105 konkurencj\u0119 dla innych podobnych produkt\u00f3w. Do\u015b\u0107 masywny wa\u0142 z wygrawerowanymi laserowo r\u00f3\u017cnymi z\u0119batkami. Wykonany jest z najwy\u017cszej jako\u015bci stali nierdzewnej.<\/p>\n<p><strong>Charakterystyka:<\/strong><br \/>\nWaga fajki wodnej: ~ 1370 gr.<br \/>\nWysoko\u015b\u0107 fajki wodnej: 520 mm.<br \/>\nZastosowany materia\u0142: stal nierdzewna.<br \/>\nDyfuzor: wyjmowany gwintowany.<br \/>\nUstnik: stal nierdzewna<br \/>\nD\u0142ugo\u015b\u0107 t\u0142umika: 363 mm.<\/p>\n<p>Czy masz jakie\u015b pytania? Skontaktuj si\u0119 z nami\u00a0<a href=\"https:\/\/hookahshop.lt\/pl\/lacznosc\/\">strona z kontaktami<\/a>\u00a0lub napisz do nas na adres\u00a0<a href=\"https:\/\/facebook.com\/HookahShop.lt\/\" target=\"_blank\" rel=\"noopener noreferrer\">konto na Facebooku<\/a>\u00a0a my odpowiemy na Twoj\u0105 pro\u015bb\u0119 tego samego dnia.<\/p>","protected":false},"excerpt":{"rendered":"<p>Fajka wodna MEXANIKA Mechaniczna stalowa szisza dymna (STM MS) to prosta, ale bardzo funkcjonalna fajka wodna, kt\u00f3ra w pe\u0142ni spe\u0142nia wszystkie standardy jako\u015bci i stwarza powa\u017cn\u0105 konkurencj\u0119 dla innych podobnych produkt\u00f3w. Do\u015b\u0107 masywny wa\u0142 z wygrawerowanymi laserowo r\u00f3\u017cnymi z\u0119batkami. Wykonany jest z najwy\u017cszej jako\u015bci stali nierdzewnej. Charakterystyka: Waga fajki wodnej: ~ 1370 gr. Wysoko\u015b\u0107 fajki wodnej: 520 [\u2026]<\/p>","protected":false},"featured_media":20520,"comment_status":"open","ping_status":"closed","template":"","meta":[],"_links":{"self":[{"href":"https:\/\/hookahshop.lt\/pl\/wp-json\/wp\/v2\/product\/20519"}],"collection":[{"href":"https:\/\/hookahshop.lt\/pl\/wp-json\/wp\/v2\/product"}],"about":[{"href":"https:\/\/hookahshop.lt\/pl\/wp-json\/wp\/v2\/types\/product"}],"replies":[{"embeddable":true,"href":"https:\/\/hookahshop.lt\/pl\/wp-json\/wp\/v2\/comments?post=20519"}],"version-history":[{"count":2,"href":"https:\/\/hookahshop.lt\/pl\/wp-json\/wp\/v2\/product\/20519\/revisions"}],"predecessor-version":[{"id":20522,"href":"https:\/\/hookahshop.lt\/pl\/wp-json\/wp\/v2\/product\/20519\/revisions\/20522"}],"wp:featuredmedia":[{"embeddable":true,"href":"https:\/\/hookahshop.lt\/pl\/wp-json\/wp\/v2\/media\/20520"}],"wp:attachment":[{"href":"https:\/\/hookahshop.lt\/pl\/wp-json\/wp\/v2\/media?parent=20519"}],"curies":[{"name":"wp","href":"https:\/\/api.w.org\/{rel}","templated":true}]}}