{"id":20523,"date":"2021-03-18T23:09:59","date_gmt":"2021-03-18T21:09:59","guid":{"rendered":"https:\/\/hookahshop.lt\/?post_type=product&#038;p=20523"},"modified":"2026-04-18T23:28:47","modified_gmt":"2026-04-18T20:28:47","slug":"kaljanas-mexanika-smoke-steam-machine-geometric-lines","status":"publish","type":"product","link":"https:\/\/hookahshop.lt\/pl\/produkt\/szisza-meksanika-dym-maszyna-parowa-geometryczne-linie\/","title":{"rendered":"Szisza MEXANIKA Maszyna do dymu parowego Linie geometryczne"},"content":{"rendered":"<h2>Szisza MEXANIKA Maszyna do dymu parowego Linie geometryczne<\/h2>\n<p>Fajka wodna (STM A) spe\u0142nia wszelkie standardy jako\u015bciowe i posiada najlepsze parametry, kt\u00f3re zapewni\u0105 Ci wy\u0142\u0105cznie najlepsze doznania podczas jej u\u017cywania. Urz\u0105dzenie wykonane jest z wysokiej jako\u015bci stali nierdzewnej, kt\u00f3ra pos\u0142u\u017cy wiele lat nie trac\u0105c na jako\u015bci i w\u0142a\u015bciwo\u015bciach zewn\u0119trznych. Wygl\u0105d fajki wodnej jest bardzo atrakcyjny.<\/p>\n<p><strong>Charakterystyka:<\/strong><br \/>\nWaga fajki wodnej: ~ 1450 gr.<br \/>\nWysoko\u015b\u0107 fajki wodnej: 520 mm.<br \/>\nZastosowany materia\u0142: stal nierdzewna.<br \/>\nDyfuzor: wyjmowany gwintowany.<br \/>\nUstnik: stal nierdzewna.<br \/>\nD\u0142ugo\u015b\u0107 t\u0142umika: 363 mm.<\/p>\n<p>Czy masz jakie\u015b pytania? Skontaktuj si\u0119 z nami\u00a0<a href=\"https:\/\/hookahshop.lt\/pl\/lacznosc\/\">strona z kontaktami<\/a>\u00a0lub napisz do nas na adres\u00a0<a href=\"https:\/\/facebook.com\/HookahShop.lt\/\" target=\"_blank\" rel=\"noopener noreferrer\">konto na Facebooku<\/a>\u00a0a my odpowiemy na Twoj\u0105 pro\u015bb\u0119 tego samego dnia.<\/p>","protected":false},"excerpt":{"rendered":"<p>Fajka wodna MEXANIKA Maszyna do dymu parowego Linie geometryczne Fajka wodna (STM A) spe\u0142nia wszelkie standardy jako\u015bciowe i posiada najlepsze parametry, kt\u00f3re zapewni\u0105 tylko najlepsze doznania podczas u\u017cytkowania. Urz\u0105dzenie wykonane jest z wysokiej jako\u015bci stali nierdzewnej, kt\u00f3ra pos\u0142u\u017cy wiele lat nie trac\u0105c na jako\u015bci i w\u0142a\u015bciwo\u015bciach zewn\u0119trznych. Wygl\u0105d fajki wodnej jest bardzo atrakcyjny. Charakterystyka: Waga fajki wodnej: ~ 1450 gr. Wysoko\u015b\u0107 fajki wodnej: 520 [\u2026]<\/p>","protected":false},"featured_media":20524,"comment_status":"open","ping_status":"closed","template":"","meta":[],"_links":{"self":[{"href":"https:\/\/hookahshop.lt\/pl\/wp-json\/wp\/v2\/product\/20523"}],"collection":[{"href":"https:\/\/hookahshop.lt\/pl\/wp-json\/wp\/v2\/product"}],"about":[{"href":"https:\/\/hookahshop.lt\/pl\/wp-json\/wp\/v2\/types\/product"}],"replies":[{"embeddable":true,"href":"https:\/\/hookahshop.lt\/pl\/wp-json\/wp\/v2\/comments?post=20523"}],"version-history":[{"count":2,"href":"https:\/\/hookahshop.lt\/pl\/wp-json\/wp\/v2\/product\/20523\/revisions"}],"predecessor-version":[{"id":20526,"href":"https:\/\/hookahshop.lt\/pl\/wp-json\/wp\/v2\/product\/20523\/revisions\/20526"}],"wp:featuredmedia":[{"embeddable":true,"href":"https:\/\/hookahshop.lt\/pl\/wp-json\/wp\/v2\/media\/20524"}],"wp:attachment":[{"href":"https:\/\/hookahshop.lt\/pl\/wp-json\/wp\/v2\/media?parent=20523"}],"curies":[{"name":"wp","href":"https:\/\/api.w.org\/{rel}","templated":true}]}}