{"id":20531,"date":"2021-03-18T23:37:19","date_gmt":"2021-03-18T21:37:19","guid":{"rendered":"https:\/\/hookahshop.lt\/?post_type=product&#038;p=20531"},"modified":"2026-04-15T12:29:14","modified_gmt":"2026-04-15T09:29:14","slug":"taurele-kaljanui-bigmaks-king","status":"publish","type":"product","link":"https:\/\/hookahshop.lt\/pl\/produkt\/puchar-do-szisza-bigmaks-krol\/","title":{"rendered":"Kubek do fajki wodnej BIGMAKS King"},"content":{"rendered":"<h2>Kubek do fajki wodnej BigMaks King<\/h2>\n<p>Kubek wykonany jest z czerwonej gliny. Mistrzowska r\u0119ka na kole garncarskim tworzy niepowtarzalne kubki z jednego kawa\u0142ka gliny. Przygotowywany jest wed\u0142ug klasycznej receptury, poprzez namaczanie w mleku i dalsze podgrzewanie w piekarniku. Dlatego te\u017c tak wykonany kubek pos\u0142u\u017cy znacznie d\u0142u\u017cej ni\u017c jakikolwiek inny odpowiednik. Nagrzewa si\u0119 r\u00f3wnomiernie i d\u0142ugo utrzymuje ciep\u0142o, nie przegrzewaj\u0105c mieszanki. Pojemno\u015b\u0107: 16-19 gram\u00f3w.<\/p>\n<p><strong>Charakterystyka:<\/strong><br \/>\nWysoko\u015b\u0107: 101 mm.<br \/>\n\u015arednica (zewn\u0119trzna): 68 mm.<br \/>\n\u015arednica (wewn\u0119trzna): 61 mm.<br \/>\nG\u0142\u0119boko\u015b\u0107: 16 mm.<br \/>\n\u015arednica otworu: 12mm.<br \/>\nIlo\u015b\u0107 otwor\u00f3w: 1 szt.<br \/>\nWaga: ok. 220g.<\/p>\n<p>Czy masz jakie\u015b pytania? Skontaktuj si\u0119 z nami\u00a0<a href=\"https:\/\/hookahshop.lt\/pl\/lacznosc\/\">strona z kontaktami<\/a>\u00a0lub napisz do nas na adres\u00a0<a href=\"https:\/\/facebook.com\/HookahShop.lt\/\" target=\"_blank\" rel=\"noopener noreferrer\">konto na Facebooku<\/a>\u00a0a my odpowiemy na Twoj\u0105 pro\u015bb\u0119 tego samego dnia.<\/p>","protected":false},"excerpt":{"rendered":"<p>Miska na fajk\u0119 wodn\u0105 BigMaks King Miska wykonana z czerwonej gliny. Mistrzowska r\u0119ka na kole garncarskim tworzy niepowtarzalne kubki z jednego kawa\u0142ka gliny. Przygotowywany jest wed\u0142ug klasycznej receptury, poprzez namaczanie w mleku i dalsze podgrzewanie w piekarniku. Dlatego te\u017c tak wykonany kubek pos\u0142u\u017cy znacznie d\u0142u\u017cej ni\u017c jakikolwiek inny odpowiednik. Nagrzewa si\u0119 r\u00f3wnomiernie i d\u0142ugo utrzymuje ciep\u0142o, nie przegrzewaj\u0105c mieszanki. [\u2026]<\/p>","protected":false},"featured_media":20540,"comment_status":"open","ping_status":"closed","template":"","meta":[],"_links":{"self":[{"href":"https:\/\/hookahshop.lt\/pl\/wp-json\/wp\/v2\/product\/20531"}],"collection":[{"href":"https:\/\/hookahshop.lt\/pl\/wp-json\/wp\/v2\/product"}],"about":[{"href":"https:\/\/hookahshop.lt\/pl\/wp-json\/wp\/v2\/types\/product"}],"replies":[{"embeddable":true,"href":"https:\/\/hookahshop.lt\/pl\/wp-json\/wp\/v2\/comments?post=20531"}],"version-history":[{"count":7,"href":"https:\/\/hookahshop.lt\/pl\/wp-json\/wp\/v2\/product\/20531\/revisions"}],"predecessor-version":[{"id":29161,"href":"https:\/\/hookahshop.lt\/pl\/wp-json\/wp\/v2\/product\/20531\/revisions\/29161"}],"wp:featuredmedia":[{"embeddable":true,"href":"https:\/\/hookahshop.lt\/pl\/wp-json\/wp\/v2\/media\/20540"}],"wp:attachment":[{"href":"https:\/\/hookahshop.lt\/pl\/wp-json\/wp\/v2\/media?parent=20531"}],"curies":[{"name":"wp","href":"https:\/\/api.w.org\/{rel}","templated":true}]}}