{"id":20535,"date":"2021-03-18T23:47:14","date_gmt":"2021-03-18T21:47:14","guid":{"rendered":"https:\/\/hookahshop.lt\/?post_type=product&#038;p=20535"},"modified":"2026-04-14T23:29:13","modified_gmt":"2026-04-14T20:29:13","slug":"taurele-kaljanui-conceptic-3d-11-juoda","status":"publish","type":"product","link":"https:\/\/hookahshop.lt\/pl\/produkt\/kubek-na-szisze-koncepcyjna-3d-11-czarna\/","title":{"rendered":"Kubek do fajki wodnej CONCEPTIC 3D-11 Czarny"},"content":{"rendered":"<h2>Kubek do fajki wodnej CONCEPTIC 3D-11 Czarny<\/h2>\n<p>Jest to przedstawiciel typu phunnel od marki Concept Design. Produkt drukowany jest w technologii FDM przy pomocy drukarki 3D z u\u017cyciem mas ceramicznych, nak\u0142adaj\u0105c warstwowo materia\u0142. Wyj\u0105tkowo\u015b\u0107 tego produktu polega na tym, \u017ce projektu tego produktu nie mo\u017cna odtworzy\u0107 \u017cadn\u0105 inn\u0105 metod\u0105 produkcji. Nadaje si\u0119 zar\u00f3wno dla lekkich, jak i ci\u0119\u017ckich palaczy. Pojemno\u015b\u0107 wynosi oko\u0142o 11 gram\u00f3w.<\/p>\n<p><strong>Charakterystyka:<\/strong><br \/>\nWysoko\u015b\u0107: 86 mm.<br \/>\n\u015arednica (zewn\u0119trzna): 71 mm.<br \/>\n\u015arednica (wewn\u0119trzna): 62 mm.<br \/>\nG\u0142\u0119boko\u015b\u0107: 12 mm.<br \/>\n\u015arednica otworu: 15mm.<br \/>\nIlo\u015b\u0107 otwor\u00f3w: 1 szt.<br \/>\nWaga: oko\u0142o 150 gram\u00f3w.<\/p>\n<p>Czy masz jakie\u015b pytania? Skontaktuj si\u0119 z nami\u00a0<a href=\"https:\/\/hookahshop.lt\/pl\/lacznosc\/\">strona z kontaktami<\/a>\u00a0lub napisz do nas na adres\u00a0<a href=\"https:\/\/facebook.com\/HookahShop.lt\/\" target=\"_blank\" rel=\"noopener noreferrer\">konto na Facebooku<\/a>\u00a0a my odpowiemy na Twoj\u0105 pro\u015bb\u0119 tego samego dnia.<\/p>","protected":false},"excerpt":{"rendered":"<p>Miseczka na fajki wodne CONCEPTIC 3D-11 Czarna Jest to przedstawiciel typu phunnel od marki Concept Design. Produkt drukowany jest w technologii FDM na drukarce 3D z masami ceramicznymi, nak\u0142adaj\u0105c warstwowo materia\u0142. Wyj\u0105tkowo\u015b\u0107 tego produktu polega na tym, \u017ce projektu tego produktu nie mo\u017cna odtworzy\u0107 \u017cadn\u0105 inn\u0105 metod\u0105 produkcji. Nadaje si\u0119 zar\u00f3wno dla lekkich, jak i ci\u0119\u017ckich palaczy. Pojemno\u015b\u0107 wynosi oko\u0142o 11 gram\u00f3w. Charakterystyka: Wzrost: 86 [\u2026]<\/p>","protected":false},"featured_media":20536,"comment_status":"open","ping_status":"closed","template":"","meta":[],"_links":{"self":[{"href":"https:\/\/hookahshop.lt\/pl\/wp-json\/wp\/v2\/product\/20535"}],"collection":[{"href":"https:\/\/hookahshop.lt\/pl\/wp-json\/wp\/v2\/product"}],"about":[{"href":"https:\/\/hookahshop.lt\/pl\/wp-json\/wp\/v2\/types\/product"}],"replies":[{"embeddable":true,"href":"https:\/\/hookahshop.lt\/pl\/wp-json\/wp\/v2\/comments?post=20535"}],"version-history":[{"count":4,"href":"https:\/\/hookahshop.lt\/pl\/wp-json\/wp\/v2\/product\/20535\/revisions"}],"predecessor-version":[{"id":23088,"href":"https:\/\/hookahshop.lt\/pl\/wp-json\/wp\/v2\/product\/20535\/revisions\/23088"}],"wp:featuredmedia":[{"embeddable":true,"href":"https:\/\/hookahshop.lt\/pl\/wp-json\/wp\/v2\/media\/20536"}],"wp:attachment":[{"href":"https:\/\/hookahshop.lt\/pl\/wp-json\/wp\/v2\/media?parent=20535"}],"curies":[{"name":"wp","href":"https:\/\/api.w.org\/{rel}","templated":true}]}}