{"id":20664,"date":"2021-03-23T16:54:39","date_gmt":"2021-03-23T14:54:39","guid":{"rendered":"https:\/\/hookahshop.lt\/?post_type=product&#038;p=20664"},"modified":"2026-04-15T12:29:15","modified_gmt":"2026-04-15T09:29:15","slug":"taurele-kaljanui-japona-hookah-mummy-green","status":"publish","type":"product","link":"https:\/\/hookahshop.lt\/pl\/produkt\/kubek-do-sziszy-japonskiej-sziszy-mumii-zielony\/","title":{"rendered":"Kubek do fajki wodnej JAPONA HOOKAH Mumia Zielona"},"content":{"rendered":"<h2>Fili\u017canka do fajki wodnej JAPONA Mummy Green<\/h2>\n<p>To po prostu arcydzie\u0142o ceramiki. Sznurek na n\u00f3\u017cce kubka niczym r\u0119koje\u015b\u0107 samurajskiej katany podkre\u015bla niezr\u00f3wnany styl marki.<br \/>\nKubek jest wykonany z czerwonej gliny i wykonany r\u0119cznie przez rzemie\u015blnik\u00f3w na kole garnkowym.<br \/>\nJapan Hookah Mummy ma maksymalne przenoszenie smaku, \u0142atwe przeci\u0105ganie i czyst\u0105 kolb\u0119. Kubek posiada kraw\u0119d\u017a do bezpiecznego mocowania komory grzewczej. Obj\u0119to\u015b\u0107 tytoniu 15 g<br \/>\nMi\u0142o mie\u0107 ten kubek w Twojej kolekcji!<\/p>\n<p><strong>Specyfikacje:<\/strong><br \/>\nWysoko\u015b\u0107: 104 mm<br \/>\n\u015arednica (zewn\u0119trzna): 84 mm<br \/>\n\u015arednica (wewn\u0119trzna): 77 mm<br \/>\nG\u0142\u0119boko\u015b\u0107: 15 mm<br \/>\n\u015arednica otworu: 15 mm<br \/>\nIlo\u015b\u0107 otwor\u00f3w: 1 szt.<br \/>\nWaga: ok. 175g.<\/p>\n<p>Czy masz jakie\u015b pytania? Skontaktuj si\u0119 z nami\u00a0<a href=\"https:\/\/hookahshop.lt\/pl\/lacznosc\/\">strona z kontaktami<\/a>\u00a0lub napisz do nas na adres\u00a0<a href=\"https:\/\/facebook.com\/HookahShop.lt\/\" target=\"_blank\" rel=\"noopener noreferrer\">konto na Facebooku<\/a>\u00a0a my odpowiemy na Twoj\u0105 pro\u015bb\u0119 tego samego dnia.<\/p>","protected":false},"excerpt":{"rendered":"<p>Fili\u017canka do fajki wodnej JAPAN Mummy Green To po prostu ceramiczne arcydzie\u0142o. Sznurek na n\u00f3\u017cce kubka przypomina r\u0119koje\u015b\u0107 samurajskiej katany, podkre\u015blaj\u0105c niezr\u00f3wnany styl marki. Kubek wykonany jest z czerwonej gliny i wykonany zosta\u0142 r\u0119kami mistrz\u00f3w na kole garncarskim. Japona Hookah Mummy charakteryzuje si\u0119 maksymalnym dostarczaniem smaku, lekkim poborem i czyst\u0105 kolb\u0105. Kubek posiada p\u00f3\u0142k\u0119 umo\u017cliwiaj\u0105c\u0105 bezpieczne przymocowanie podgrzewacza [...]<\/p>","protected":false},"featured_media":20699,"comment_status":"open","ping_status":"closed","template":"","meta":[],"_links":{"self":[{"href":"https:\/\/hookahshop.lt\/pl\/wp-json\/wp\/v2\/product\/20664"}],"collection":[{"href":"https:\/\/hookahshop.lt\/pl\/wp-json\/wp\/v2\/product"}],"about":[{"href":"https:\/\/hookahshop.lt\/pl\/wp-json\/wp\/v2\/types\/product"}],"replies":[{"embeddable":true,"href":"https:\/\/hookahshop.lt\/pl\/wp-json\/wp\/v2\/comments?post=20664"}],"version-history":[{"count":5,"href":"https:\/\/hookahshop.lt\/pl\/wp-json\/wp\/v2\/product\/20664\/revisions"}],"predecessor-version":[{"id":33475,"href":"https:\/\/hookahshop.lt\/pl\/wp-json\/wp\/v2\/product\/20664\/revisions\/33475"}],"wp:featuredmedia":[{"embeddable":true,"href":"https:\/\/hookahshop.lt\/pl\/wp-json\/wp\/v2\/media\/20699"}],"wp:attachment":[{"href":"https:\/\/hookahshop.lt\/pl\/wp-json\/wp\/v2\/media?parent=20664"}],"curies":[{"name":"wp","href":"https:\/\/api.w.org\/{rel}","templated":true}]}}