{"id":20830,"date":"2021-03-25T14:10:09","date_gmt":"2021-03-25T12:10:09","guid":{"rendered":"https:\/\/hookahshop.lt\/?post_type=product&#038;p=20830"},"modified":"2026-05-03T23:29:46","modified_gmt":"2026-05-03T20:29:46","slug":"karscio-kamera-na-grani","status":"publish","type":"product","link":"https:\/\/hookahshop.lt\/pl\/produkt\/kamera-ciepla-na-grani\/","title":{"rendered":"Komora grzewcza NA GRANI"},"content":{"rendered":"<h2>Komora grzewcza NA GRANI<\/h2>\n<p>Stosowany zamiast folii na kubku i u\u0142atwia kontrol\u0119 ciep\u0142a.<\/p>\n<p><strong>Specyfikacje:<\/strong><br \/>\nWykonane ze stali nierdzewnej<br \/>\nNadaje si\u0119 do wszystkich kubk\u00f3w (okr\u0105g\u0142ych)<br \/>\n\u015arednica zewn\u0119trzna: 74mm<br \/>\n\u015arednica wewn\u0119trzna: 56 mm<br \/>\nG\u0142\u0119boko\u015b\u0107: 24 mm<br \/>\nWaga: 120g.<\/p>\n<p><strong>Zalety:<\/strong><br \/>\nStylowy i wysokiej jako\u015bci;<br \/>\nTrwa\u0142e i niezawodne;<br \/>\nZapewnia wygodne palenie fajki wodnej;<br \/>\nZapakowany w markowe drewniane pude\u0142ko.<\/p>\n<p>Czy masz jakie\u015b pytania? Skontaktuj si\u0119 z nami\u00a0<a href=\"https:\/\/hookahshop.lt\/pl\/lacznosc\/\">strona z kontaktami<\/a>\u00a0lub napisz do nas na adres\u00a0<a href=\"https:\/\/facebook.com\/HookahShop.lt\/\" target=\"_blank\" rel=\"noopener noreferrer\">konto na Facebooku<\/a>\u00a0a my odpowiemy na Twoj\u0105 pro\u015bb\u0119 tego samego dnia.<\/p>","protected":false},"excerpt":{"rendered":"<p>Kar\u0161\u010dio kamera NA GRANI Naudojama vietoj folijos ant taurel\u0117s ir palengvina kar\u0161\u010dio kontrol\u0119. Specifikacijos: Pagamintas i\u0161 ner\u016bdijan\u010dio plieno Tinka visoms taurel\u0117ms (apvalioms) I\u0161orinis skersmuo: 74mm Vidinis skersmuo: 56mm Gylis: 24mm Svoris: 120g. Privalumai: Stilingas ir kokybi\u0161kas; Patvarus ir patikimas; U\u017etikrina patog\u0173 kaljano r\u016bkym\u0105; Supakuotas \u012f firmin\u0119 medin\u0119 d\u0117\u017e\u0119. Turite klausim\u0173? Susisiekite su mumis\u00a0kontakt\u0173 puslapyje\u00a0arba para\u0161ykite [&hellip;]<\/p>","protected":false},"featured_media":20845,"comment_status":"open","ping_status":"closed","template":"","meta":[],"_links":{"self":[{"href":"https:\/\/hookahshop.lt\/pl\/wp-json\/wp\/v2\/product\/20830"}],"collection":[{"href":"https:\/\/hookahshop.lt\/pl\/wp-json\/wp\/v2\/product"}],"about":[{"href":"https:\/\/hookahshop.lt\/pl\/wp-json\/wp\/v2\/types\/product"}],"replies":[{"embeddable":true,"href":"https:\/\/hookahshop.lt\/pl\/wp-json\/wp\/v2\/comments?post=20830"}],"version-history":[{"count":7,"href":"https:\/\/hookahshop.lt\/pl\/wp-json\/wp\/v2\/product\/20830\/revisions"}],"predecessor-version":[{"id":32453,"href":"https:\/\/hookahshop.lt\/pl\/wp-json\/wp\/v2\/product\/20830\/revisions\/32453"}],"wp:featuredmedia":[{"embeddable":true,"href":"https:\/\/hookahshop.lt\/pl\/wp-json\/wp\/v2\/media\/20845"}],"wp:attachment":[{"href":"https:\/\/hookahshop.lt\/pl\/wp-json\/wp\/v2\/media?parent=20830"}],"curies":[{"name":"wp","href":"https:\/\/api.w.org\/{rel}","templated":true}]}}