{"id":20846,"date":"2021-03-25T15:48:20","date_gmt":"2021-03-25T13:48:20","guid":{"rendered":"https:\/\/hookahshop.lt\/?post_type=product&#038;p=20846"},"modified":"2026-04-19T23:29:27","modified_gmt":"2026-04-19T20:29:27","slug":"znyples-kaljano-anglims-target-venom-xl","status":"publish","type":"product","link":"https:\/\/hookahshop.lt\/pl\/produkt\/szisza-wegiel-target-venom-xl\/","title":{"rendered":"Szczypce do w\u0119gla TARGET Venom XL"},"content":{"rendered":"<h2>Szczypce do w\u0119gla TARGET Venom XL<\/h2>\n<p>Egzotyczny i innowacyjny design zapewnia r\u00f3\u017cnorodno\u015b\u0107 szczypiec w domu. Grubo\u015b\u0107 i materia\u0142 szczypiec zosta\u0142y r\u00f3wnie\u017c celowo dobrane, aby zapewni\u0107 maksymaln\u0105 stabilno\u015b\u0107. Jest to r\u00f3wnie\u017c zauwa\u017calne podczas obs\u0142ugi szczypiec, kt\u00f3re musz\u0105 by\u0107 obs\u0142ugiwane z wi\u0119ksz\u0105 si\u0142\u0105 ni\u017c konwencjonalne szczypce do w\u0119gla.<\/p>\n<p><strong>Specyfikacje:<\/strong><br \/>\nD\u0142ugo\u015b\u0107: 30 cm<br \/>\nMateria\u0142: Stal nierdzewna<\/p>\n<p>&nbsp;<\/p>\n<p>Czy masz jakie\u015b pytania? Skontaktuj si\u0119 z nami\u00a0<a href=\"https:\/\/hookahshop.lt\/pl\/lacznosc\/\">strona z kontaktami<\/a>\u00a0lub napisz do nas na adres\u00a0<a href=\"https:\/\/facebook.com\/HookahShop.lt\/\" target=\"_blank\" rel=\"noopener noreferrer\">konto na Facebooku<\/a>\u00a0a my odpowiemy na Twoj\u0105 pro\u015bb\u0119 tego samego dnia.<\/p>","protected":false},"excerpt":{"rendered":"<p>Szczypce do w\u0119gla drzewnego do fajki wodnej TARGET Venom XL Egzotyczny i innowacyjny design zapewnia r\u00f3\u017cnorodno\u015b\u0107 w asortymencie szczypiec do u\u017cytku domowego. Grubo\u015b\u0107 i materia\u0142 szczypiec zosta\u0142y r\u00f3wnie\u017c celowo dobrane, aby zapewni\u0107 maksymaln\u0105 stabilno\u015b\u0107. Jest to r\u00f3wnie\u017c zauwa\u017calne podczas kontrolowania szczypiec, kt\u00f3re nale\u017cy kontrolowa\u0107 z wi\u0119ksz\u0105 si\u0142\u0105 ni\u017c w przypadku konwencjonalnych szczypiec do w\u0119gla drzewnego. Specyfikacje: D\u0142ugo\u015b\u0107: 30 cm Materia\u0142: Stal nierdzewna Masz jakie\u015b pytania? [\u2026]<\/p>","protected":false},"featured_media":21693,"comment_status":"open","ping_status":"closed","template":"","meta":[],"_links":{"self":[{"href":"https:\/\/hookahshop.lt\/pl\/wp-json\/wp\/v2\/product\/20846"}],"collection":[{"href":"https:\/\/hookahshop.lt\/pl\/wp-json\/wp\/v2\/product"}],"about":[{"href":"https:\/\/hookahshop.lt\/pl\/wp-json\/wp\/v2\/types\/product"}],"replies":[{"embeddable":true,"href":"https:\/\/hookahshop.lt\/pl\/wp-json\/wp\/v2\/comments?post=20846"}],"version-history":[{"count":4,"href":"https:\/\/hookahshop.lt\/pl\/wp-json\/wp\/v2\/product\/20846\/revisions"}],"predecessor-version":[{"id":29415,"href":"https:\/\/hookahshop.lt\/pl\/wp-json\/wp\/v2\/product\/20846\/revisions\/29415"}],"wp:featuredmedia":[{"embeddable":true,"href":"https:\/\/hookahshop.lt\/pl\/wp-json\/wp\/v2\/media\/21693"}],"wp:attachment":[{"href":"https:\/\/hookahshop.lt\/pl\/wp-json\/wp\/v2\/media?parent=20846"}],"curies":[{"name":"wp","href":"https:\/\/api.w.org\/{rel}","templated":true}]}}