{"id":20855,"date":"2021-03-25T18:43:44","date_gmt":"2021-03-25T16:43:44","guid":{"rendered":"https:\/\/hookahshop.lt\/?post_type=product&#038;p=20855"},"modified":"2026-04-15T23:28:40","modified_gmt":"2026-04-15T20:28:40","slug":"anglys-kaljanui-wugil-25mm-1kg","status":"publish","type":"product","link":"https:\/\/hookahshop.lt\/pl\/produkt\/wegiel-do-fajki-wodnej-wugil-25mm-1kg\/","title":{"rendered":"W\u0119giel drzewny do fajki wodnej WUGIL 25mm 1kg"},"content":{"rendered":"<h2>W\u0119giel drzewny do fajki wodnej WUGIL 25mm 1kg<\/h2>\n<p>Wykonany z \u0142upiny orzecha w\u0142oskiego. To nowy, organiczny produkt w \u015bwiecie hookah. Wugil. W\u0119giel drzewny produkowany jest z \u0142upin orzecha w\u0142oskiego bez \u017cadnych chemicznych dodatk\u00f3w, co pozwala ca\u0142kowicie pozby\u0107 si\u0119 zapachu i smaku w\u0119gla drzewnego. Ten w\u0119giel dobrze trzyma ciep\u0142o. W\u0119giel orzechowy jest uwa\u017cany za bezpieczniejszy ni\u017c klasyczny pod ka\u017cdym wzgl\u0119dem. Mo\u017cna powiedzie\u0107, \u017ce jest to nowy krok w przyjaznej dla \u015brodowiska produkcji w\u0119gla drzewnego do fajki wodnej.<\/p>\n<p><strong>Specyfikacja:<\/strong><br \/>\nWymiary jednego w\u0119gla: 25x25x25mm.<br \/>\nDok\u0142adna waga: 1.100kg<br \/>\nW pude\u0142ku jest 80 w\u0119glowodan\u00f3w.<br \/>\nNie zawiera dodatk\u00f3w chemicznych.<br \/>\nPodczas palenia nie zmienia si\u0119 zapach ani smak.<br \/>\nAby spali\u0107 w\u0119giel, potrzebujesz elektrycznej p\u0142yty grzejnej do fajki wodnej, turystycznej kuchenki gazowej lub podobnej.<\/p>\n<p><strong>Nasza osobista opinia na temat tych w\u0119gli: <\/strong>Podczas ich opalania nie ma zapachu, co jest du\u017cym plusem przy opalaniu w\u0119glem drzewnym w domu. Ilo\u015b\u0107 popio\u0142u jest nieco wi\u0119ksza w por\u00f3wnaniu do zwyk\u0142ych w\u0119gli, dlatego nale\u017cy je cz\u0119\u015bciej ni\u017c zwykle wstrz\u0105sa\u0107. Zawarto\u015b\u0107 ciep\u0142a w tych w\u0119glach jest nieco ni\u017csza, je\u015bli popi\u00f3\u0142 jest wstrz\u0105sany rzadziej.<\/p>\n<p>Czy masz jakie\u015b pytania? Skontaktuj si\u0119 z nami <a href=\"https:\/\/hookahshop.lt\/pl\/lacznosc\/\">strona z kontaktami<\/a> lub napisz do nas na adres <a href=\"https:\/\/facebook.com\/HookahShop.lt\/\" target=\"_blank\" rel=\"noopener noreferrer\">konto na Facebooku<\/a> a my odpowiemy na Twoj\u0105 pro\u015bb\u0119 tego samego dnia.<\/p>","protected":false},"excerpt":{"rendered":"<p>W\u0119giel do fajki wodnej WUGIL 25mm 1kg Wykonany z \u0142upiny orzecha w\u0142oskiego. To nowy, organiczny produkt w \u015bwiecie fajek wodnych. Wugil. W\u0119giel drzewny wytwarzany jest z \u0142upin orzecha w\u0142oskiego bez \u017cadnych dodatk\u00f3w chemicznych, co pozwala ca\u0142kowicie pozby\u0107 si\u0119 zapachu i smaku w\u0119gla drzewnego. W\u0119giel ten dobrze trzyma ciep\u0142o. W\u0119giel orzechowy uwa\u017cany jest za bezpieczniejszy od klasycznego pod ka\u017cdym wzgl\u0119dem. Mo\u017cna powiedzie\u0107, \u017ce jest to nowo\u015b\u0107 dla \u015brodowiska [...]<\/p>","protected":false},"featured_media":20856,"comment_status":"open","ping_status":"closed","template":"","meta":[],"_links":{"self":[{"href":"https:\/\/hookahshop.lt\/pl\/wp-json\/wp\/v2\/product\/20855"}],"collection":[{"href":"https:\/\/hookahshop.lt\/pl\/wp-json\/wp\/v2\/product"}],"about":[{"href":"https:\/\/hookahshop.lt\/pl\/wp-json\/wp\/v2\/types\/product"}],"replies":[{"embeddable":true,"href":"https:\/\/hookahshop.lt\/pl\/wp-json\/wp\/v2\/comments?post=20855"}],"version-history":[{"count":12,"href":"https:\/\/hookahshop.lt\/pl\/wp-json\/wp\/v2\/product\/20855\/revisions"}],"predecessor-version":[{"id":31147,"href":"https:\/\/hookahshop.lt\/pl\/wp-json\/wp\/v2\/product\/20855\/revisions\/31147"}],"wp:featuredmedia":[{"embeddable":true,"href":"https:\/\/hookahshop.lt\/pl\/wp-json\/wp\/v2\/media\/20856"}],"wp:attachment":[{"href":"https:\/\/hookahshop.lt\/pl\/wp-json\/wp\/v2\/media?parent=20855"}],"curies":[{"name":"wp","href":"https:\/\/api.w.org\/{rel}","templated":true}]}}