{"id":20937,"date":"2021-03-26T18:55:58","date_gmt":"2021-03-26T16:55:58","guid":{"rendered":"https:\/\/hookahshop.lt\/?post_type=product&#038;p=20937"},"modified":"2026-04-08T13:49:48","modified_gmt":"2026-04-08T10:49:48","slug":"taurele-kaljanui-oblako-phunnel-l-glazed-orange-cosmo","status":"publish","type":"product","link":"https:\/\/hookahshop.lt\/pl\/produkt\/kubek-szisza-chmurka-lejek-l-glazurowany-pomaranczowo-cosmo\/","title":{"rendered":"Kubek do fajki wodnej OBLAKO Phunnel L Glazed Orange Cosmo"},"content":{"rendered":"<h2>Kubek do fajki wodnej OBLAKO Phunnel L Glazed Orange Cosmo<\/h2>\n<p>Jest szkliwiony do codziennego palenia, idealny do lekkiego i ci\u0119\u017ckiego tytoniu!<\/p>\n<p>Kubek pokryty jest szkliwem, dzi\u0119ki czemu zachowuje swoje pierwotne w\u0142a\u015bciwo\u015bci i wygl\u0105d przez d\u0142ugi czas. OBLAKO u\u017cywa wy\u0142\u0105cznie przyjaznej dla cz\u0142owieka glazury spo\u017cywczej opracowanej przez partner\u00f3w w wyspecjalizowanych laboratoriach zlokalizowanych w Gzhelskoye, jednym z tradycyjnych o\u015brodk\u00f3w produkcji ceramiki w Rosji.<\/p>\n<p>Kubek tytoniu mie\u015bci 20\u201323 g.<\/p>\n<p><strong>Specyfikacje:<\/strong><br \/>\nWysoko\u015b\u0107: 118mm<br \/>\n\u015arednica (zewn\u0119trzna): 74 mm<br \/>\n\u015arednica (wewn\u0119trzna): 68 mm<br \/>\nG\u0142\u0119boko\u015b\u0107: 12 mm<br \/>\n\u015arednica otworu: 12 mm<br \/>\nLiczba otwor\u00f3w: 1<br \/>\nWaga: oko\u0142o 182g.<\/p>\n<p>Czy masz jakie\u015b pytania? Skontaktuj si\u0119 z nami\u00a0<a href=\"https:\/\/hookahshop.lt\/pl\/lacznosc\/\">strona z kontaktami<\/a>\u00a0lub napisz do nas na adres\u00a0<a href=\"https:\/\/facebook.com\/HookahShop.lt\/\" target=\"_blank\" rel=\"noopener noreferrer\">konto na Facebooku<\/a>\u00a0a my odpowiemy na Twoj\u0105 pro\u015bb\u0119 tego samego dnia.<\/p>\n<p>&nbsp;<\/p>\n<p>&nbsp;<\/p>","protected":false},"excerpt":{"rendered":"<p>Fili\u017canka do fajki wodnej OBLAKO Phunnel L Glazed Orange Cosmo Jest szkliwiona do codziennego palenia, idealna do lekkich i ci\u0119\u017ckich tytoni! Fili\u017canka pokryta jest szkliwem, dzi\u0119ki czemu przez d\u0142ugi czas zachowuje swoje pierwotne w\u0142a\u015bciwo\u015bci i wygl\u0105d. OBLAKO wykorzystuje wy\u0142\u0105cznie jadalne szkliwo bezpieczne dla cz\u0142owieka, opracowane przez partner\u00f3w w wyspecjalizowanych laboratoriach zlokalizowanych w G\u017celskoje, jednym z tradycyjnych o\u015brodk\u00f3w rosyjskiej produkcji ceramiki. [\u2026]<\/p>","protected":false},"featured_media":20938,"comment_status":"open","ping_status":"closed","template":"","meta":[],"_links":{"self":[{"href":"https:\/\/hookahshop.lt\/pl\/wp-json\/wp\/v2\/product\/20937"}],"collection":[{"href":"https:\/\/hookahshop.lt\/pl\/wp-json\/wp\/v2\/product"}],"about":[{"href":"https:\/\/hookahshop.lt\/pl\/wp-json\/wp\/v2\/types\/product"}],"replies":[{"embeddable":true,"href":"https:\/\/hookahshop.lt\/pl\/wp-json\/wp\/v2\/comments?post=20937"}],"version-history":[{"count":3,"href":"https:\/\/hookahshop.lt\/pl\/wp-json\/wp\/v2\/product\/20937\/revisions"}],"predecessor-version":[{"id":29548,"href":"https:\/\/hookahshop.lt\/pl\/wp-json\/wp\/v2\/product\/20937\/revisions\/29548"}],"wp:featuredmedia":[{"embeddable":true,"href":"https:\/\/hookahshop.lt\/pl\/wp-json\/wp\/v2\/media\/20938"}],"wp:attachment":[{"href":"https:\/\/hookahshop.lt\/pl\/wp-json\/wp\/v2\/media?parent=20937"}],"curies":[{"name":"wp","href":"https:\/\/api.w.org\/{rel}","templated":true}]}}