{"id":20972,"date":"2021-03-29T18:31:09","date_gmt":"2021-03-29T15:31:09","guid":{"rendered":"https:\/\/hookahshop.lt\/?post_type=product&#038;p=20972"},"modified":"2026-04-13T23:29:12","modified_gmt":"2026-04-13T20:29:12","slug":"lekste-kaljanui-alpha-hookah-tiger","status":"publish","type":"product","link":"https:\/\/hookahshop.lt\/pl\/produkt\/lekste-hookah-alpha-hookah-tiger\/","title":{"rendered":"Talerz do fajki wodnej ALPHA HOOKAH Tiger"},"content":{"rendered":"<h2>Talerz do fajki wodnej ALPHA HOOKAH Tiger<\/h2>\n<p>Ten produkt nadaje si\u0119 do r\u00f3\u017cnych fajek wodnych nie tylko od producenta Alpha Hookah, przed zakupem produktu na fajk\u0119 wodn\u0105 sprawd\u017a, czy specyfikacje fajki wodnej odpowiadaj\u0105 specyfikacjom tego produktu.<\/p>\n<p>Specyfikacje:<br \/>\n\u015arednica: ok. 19,7 cm,<br \/>\n\u015arednica otworu: ok. 2,1 cm,<br \/>\nGrubo\u015b\u0107: oko\u0142o 1,3 cm<\/p>\n<p>Czy masz jakie\u015b pytania? Skontaktuj si\u0119 z nami\u00a0<a href=\"https:\/\/hookahshop.lt\/pl\/lacznosc\/\">strona z kontaktami<\/a>\u00a0lub napisz do nas na adres\u00a0<a href=\"https:\/\/facebook.com\/HookahShop.lt\/\" target=\"_blank\" rel=\"noopener noreferrer\">konto na Facebooku<\/a>\u00a0a my odpowiemy na Twoj\u0105 pro\u015bb\u0119 tego samego dnia.<\/p>","protected":false},"excerpt":{"rendered":"<p>Talerz do fajki wodnej ALPHA HOOKAH Tiger Produkt ten nadaje si\u0119 do r\u00f3\u017cnych fajek wodnych nie tylko od producenta Alpha Hookah, przed zakupem talerza do fajki wodnej sprawd\u017a, czy specyfikacje fajki wodnej odpowiadaj\u0105 specyfikacjom tego produktu. Dane techniczne: \u015arednica: oko\u0142o 19,7 cm, \u015arednica otworu: oko\u0142o 2,1 cm, Grubo\u015b\u0107: oko\u0142o 1,3 cm, Jakie\u015b pytania? Skontaktuj si\u0119 z nami na stronie kontaktowej lub napisz do nas na naszym koncie na Facebooku, a my odpowiemy na Twoje [\u2026]<\/p>","protected":false},"featured_media":21727,"comment_status":"open","ping_status":"closed","template":"","meta":[],"_links":{"self":[{"href":"https:\/\/hookahshop.lt\/pl\/wp-json\/wp\/v2\/product\/20972"}],"collection":[{"href":"https:\/\/hookahshop.lt\/pl\/wp-json\/wp\/v2\/product"}],"about":[{"href":"https:\/\/hookahshop.lt\/pl\/wp-json\/wp\/v2\/types\/product"}],"replies":[{"embeddable":true,"href":"https:\/\/hookahshop.lt\/pl\/wp-json\/wp\/v2\/comments?post=20972"}],"version-history":[{"count":5,"href":"https:\/\/hookahshop.lt\/pl\/wp-json\/wp\/v2\/product\/20972\/revisions"}],"predecessor-version":[{"id":36948,"href":"https:\/\/hookahshop.lt\/pl\/wp-json\/wp\/v2\/product\/20972\/revisions\/36948"}],"wp:featuredmedia":[{"embeddable":true,"href":"https:\/\/hookahshop.lt\/pl\/wp-json\/wp\/v2\/media\/21727"}],"wp:attachment":[{"href":"https:\/\/hookahshop.lt\/pl\/wp-json\/wp\/v2\/media?parent=20972"}],"curies":[{"name":"wp","href":"https:\/\/api.w.org\/{rel}","templated":true}]}}