{"id":21011,"date":"2021-03-29T19:05:42","date_gmt":"2021-03-29T16:05:42","guid":{"rendered":"https:\/\/hookahshop.lt\/?post_type=product&#038;p=21011"},"modified":"2026-04-15T23:29:07","modified_gmt":"2026-04-15T20:29:07","slug":"lekste-kaljanui-edelstahl-classic","status":"publish","type":"product","link":"https:\/\/hookahshop.lt\/pl\/produkt\/lekste-hookah-edelstahl-classic\/","title":{"rendered":"Talerz do fajki wodnej EDELSTAHL Classic"},"content":{"rendered":"<h2>Talerz do fajki wodnej EDELSTAHL Classic<\/h2>\n<p>Przed zakupem p\u0142yty do fajki wodnej sprawd\u017a, czy specyfikacje fajki wodnej odpowiadaj\u0105 specyfikacjom tego produktu.<\/p>\n<p>Specyfikacje:<br \/>\n\u015arednica: ok. 20,5 cm,<br \/>\n\u015arednica otworu: ok. 2,1 cm,<\/p>\n<p>Czy masz jakie\u015b pytania? Skontaktuj si\u0119 z nami\u00a0<a href=\"https:\/\/hookahshop.lt\/pl\/lacznosc\/\">strona z kontaktami<\/a>\u00a0lub napisz do nas na adres\u00a0<a href=\"https:\/\/facebook.com\/HookahShop.lt\/\" target=\"_blank\" rel=\"noopener noreferrer\">konto na Facebooku<\/a>\u00a0a my odpowiemy na Twoj\u0105 pro\u015bb\u0119 tego samego dnia.<\/p>","protected":false},"excerpt":{"rendered":"<p>Talerz do fajki wodnej EDELSTAHL Classic Przed zakupem talerza do fajki wodnej sprawd\u017a, czy specyfikacja fajki wodnej jest zgodna ze specyfikacj\u0105 tego produktu. Dane techniczne: \u015arednica: oko\u0142o 20,5 cm, \u015arednica otworu: oko\u0142o 2,1 cm, Pytania? Skontaktuj si\u0119 z nami na stronie kontaktowej lub napisz do nas na naszym koncie na Facebooku, a my odpowiemy na Twoj\u0105 pro\u015bb\u0119 jeszcze tego samego dnia.<\/p>","protected":false},"featured_media":21708,"comment_status":"open","ping_status":"closed","template":"","meta":[],"_links":{"self":[{"href":"https:\/\/hookahshop.lt\/pl\/wp-json\/wp\/v2\/product\/21011"}],"collection":[{"href":"https:\/\/hookahshop.lt\/pl\/wp-json\/wp\/v2\/product"}],"about":[{"href":"https:\/\/hookahshop.lt\/pl\/wp-json\/wp\/v2\/types\/product"}],"replies":[{"embeddable":true,"href":"https:\/\/hookahshop.lt\/pl\/wp-json\/wp\/v2\/comments?post=21011"}],"version-history":[{"count":4,"href":"https:\/\/hookahshop.lt\/pl\/wp-json\/wp\/v2\/product\/21011\/revisions"}],"predecessor-version":[{"id":43107,"href":"https:\/\/hookahshop.lt\/pl\/wp-json\/wp\/v2\/product\/21011\/revisions\/43107"}],"wp:featuredmedia":[{"embeddable":true,"href":"https:\/\/hookahshop.lt\/pl\/wp-json\/wp\/v2\/media\/21708"}],"wp:attachment":[{"href":"https:\/\/hookahshop.lt\/pl\/wp-json\/wp\/v2\/media?parent=21011"}],"curies":[{"name":"wp","href":"https:\/\/api.w.org\/{rel}","templated":true}]}}