{"id":21030,"date":"2021-03-30T20:48:27","date_gmt":"2021-03-30T17:48:27","guid":{"rendered":"https:\/\/hookahshop.lt\/?post_type=product&#038;p=21030"},"modified":"2026-04-16T10:21:12","modified_gmt":"2026-04-16T07:21:12","slug":"sakute-kaljano-tabakui-nili-hookah-aquaman-3-bronze","status":"publish","type":"product","link":"https:\/\/hookahshop.lt\/pl\/produkt\/sakute-szisza-tyton-nili-szisza-aquaman-3-braz\/","title":{"rendered":"Widelec do fajki wodnej NILI HOOKAH Aquaman 3 Bronze"},"content":{"rendered":"<h2>Widelec do fajki wodnej NILI HOOKAH Aquaman 3 Bronze<\/h2>\n<p>Widelec do tytoniu wykonany jest ze stali w kszta\u0142cie \u201etr\u00f3jz\u0119bu Posejdona\u201d i pomalowany na kolor br\u0105zowy. Widelec do tytoniu u\u0142atwia przygotowanie fajki wodnej. Za pomoc\u0105 widelca wygodnie jest wyj\u0105\u0107 tyto\u0144 z opakowania, potrz\u0105\u015bnij nim i w\u0142\u00f3\u017c do kubka, nie brudz\u0105c sobie r\u0105k.<\/p>\n<p><strong>Specyfikacje:<\/strong><br \/>\nD\u0142ugo\u015b\u0107: 130 mm.<br \/>\nWaga: oko\u0142o 15 gram\u00f3w.<\/p>\n<p>Czy masz jakie\u015b pytania? Skontaktuj si\u0119 z nami\u00a0<a href=\"https:\/\/hookahshop.lt\/pl\/lacznosc\/\">strona z kontaktami<\/a>\u00a0lub napisz do nas na adres\u00a0<a href=\"https:\/\/facebook.com\/HookahShop.lt\/\" target=\"_blank\" rel=\"noopener noreferrer\">konto na Facebooku<\/a>\u00a0a my odpowiemy na Twoj\u0105 pro\u015bb\u0119 tego samego dnia.<\/p>","protected":false},"excerpt":{"rendered":"<p>Widelec do tytoniu do fajki wodnej NILI HOOKAH Aquaman 3 Bronze Widelec do fajki wodnej wykonany jest ze stali \u201eTr\u00f3jz\u0105b Poseidon\u201d i pomalowany na kolor br\u0105zowy. Widelec do tytoniu u\u0142atwia przygotowanie fajki wodnej. Za pomoc\u0105 widelca wygodnie jest wyj\u0105\u0107 tyto\u0144 z opakowania, potrz\u0105\u015bnij nim i w\u0142\u00f3\u017c do kubka, nie brudz\u0105c sobie r\u0105k. Dane techniczne: D\u0142ugo\u015b\u0107: 130 mm. Waga: oko\u0142o 15 gram\u00f3w. Czy masz jakie\u015b pytania? Skontaktuj si\u0119 z nami na stronie kontaktowej lub napisz do nas [...]<\/p>","protected":false},"featured_media":21031,"comment_status":"open","ping_status":"closed","template":"","meta":[],"_links":{"self":[{"href":"https:\/\/hookahshop.lt\/pl\/wp-json\/wp\/v2\/product\/21030"}],"collection":[{"href":"https:\/\/hookahshop.lt\/pl\/wp-json\/wp\/v2\/product"}],"about":[{"href":"https:\/\/hookahshop.lt\/pl\/wp-json\/wp\/v2\/types\/product"}],"replies":[{"embeddable":true,"href":"https:\/\/hookahshop.lt\/pl\/wp-json\/wp\/v2\/comments?post=21030"}],"version-history":[{"count":5,"href":"https:\/\/hookahshop.lt\/pl\/wp-json\/wp\/v2\/product\/21030\/revisions"}],"predecessor-version":[{"id":23472,"href":"https:\/\/hookahshop.lt\/pl\/wp-json\/wp\/v2\/product\/21030\/revisions\/23472"}],"wp:featuredmedia":[{"embeddable":true,"href":"https:\/\/hookahshop.lt\/pl\/wp-json\/wp\/v2\/media\/21031"}],"wp:attachment":[{"href":"https:\/\/hookahshop.lt\/pl\/wp-json\/wp\/v2\/media?parent=21030"}],"curies":[{"name":"wp","href":"https:\/\/api.w.org\/{rel}","templated":true}]}}