{"id":21034,"date":"2021-03-30T20:57:33","date_gmt":"2021-03-30T17:57:33","guid":{"rendered":"https:\/\/hookahshop.lt\/?post_type=product&#038;p=21034"},"modified":"2026-04-14T23:28:40","modified_gmt":"2026-04-14T20:28:40","slug":"apsauginis-sietelis-kaljanui-blade-hookah","status":"publish","type":"product","link":"https:\/\/hookahshop.lt\/pl\/produkt\/sitko-ochronne-do-sziszy-sziszy\/","title":{"rendered":"Sito ochronne do fajki wodnej BLADE HOOKAH"},"content":{"rendered":"<h2>Sito ochronne do fajki wodnej BLADE HOOKAH<\/h2>\n<p>Sitko wykonane jest ze stali nierdzewnej z mocn\u0105 siatk\u0105. Jego wysoko\u015b\u0107 sprawia, \u017ce wygodnie pasuje do wi\u0119kszo\u015bci fajek wodnych dost\u0119pnych na rynku. Zapobiega przypadkowemu spaleniu Twoich cennych rzeczy podczas palenia w domu.<\/p>\n<p>Czy masz jakie\u015b pytania? Skontaktuj si\u0119 z nami\u00a0<a href=\"https:\/\/hookahshop.lt\/pl\/lacznosc\/\">strona z kontaktami<\/a>\u00a0lub napisz do nas na adres\u00a0<a href=\"https:\/\/facebook.com\/HookahShop.lt\/\" target=\"_blank\" rel=\"noopener noreferrer\">konto na Facebooku<\/a>\u00a0a my odpowiemy na Twoj\u0105 pro\u015bb\u0119 tego samego dnia.<\/p>","protected":false},"excerpt":{"rendered":"<p>Sitko ochronne do fajki wodnej BLADE HOOKAH Sitko wykonane jest ze stali nierdzewnej o mocnej siatce. Jego wysoko\u015b\u0107 sprawia, \u017ce wygodnie pasuje do wi\u0119kszo\u015bci fajek wodnych dost\u0119pnych na rynku. Zapobiega przypadkowemu spaleniu przez w\u0119giel drzewny cennych rzeczy podczas palenia w domu. Czy masz jakie\u015b pytania? Skontaktuj si\u0119 z nami na stronie kontaktowej lub napisz do nas na Facebooku, a my odpowiemy na Twoj\u0105 pro\u015bb\u0119 jeszcze tego samego dnia.<\/p>","protected":false},"featured_media":21036,"comment_status":"open","ping_status":"closed","template":"","meta":[],"_links":{"self":[{"href":"https:\/\/hookahshop.lt\/pl\/wp-json\/wp\/v2\/product\/21034"}],"collection":[{"href":"https:\/\/hookahshop.lt\/pl\/wp-json\/wp\/v2\/product"}],"about":[{"href":"https:\/\/hookahshop.lt\/pl\/wp-json\/wp\/v2\/types\/product"}],"replies":[{"embeddable":true,"href":"https:\/\/hookahshop.lt\/pl\/wp-json\/wp\/v2\/comments?post=21034"}],"version-history":[{"count":4,"href":"https:\/\/hookahshop.lt\/pl\/wp-json\/wp\/v2\/product\/21034\/revisions"}],"predecessor-version":[{"id":29488,"href":"https:\/\/hookahshop.lt\/pl\/wp-json\/wp\/v2\/product\/21034\/revisions\/29488"}],"wp:featuredmedia":[{"embeddable":true,"href":"https:\/\/hookahshop.lt\/pl\/wp-json\/wp\/v2\/media\/21036"}],"wp:attachment":[{"href":"https:\/\/hookahshop.lt\/pl\/wp-json\/wp\/v2\/media?parent=21034"}],"curies":[{"name":"wp","href":"https:\/\/api.w.org\/{rel}","templated":true}]}}