{"id":21043,"date":"2021-03-30T21:18:25","date_gmt":"2021-03-30T18:18:25","guid":{"rendered":"https:\/\/hookahshop.lt\/?post_type=product&#038;p=21043"},"modified":"2026-04-14T23:29:18","modified_gmt":"2026-04-14T20:29:18","slug":"taurele-kaljanui-smokelab-classic","status":"publish","type":"product","link":"https:\/\/hookahshop.lt\/pl\/produkt\/szklana-fajka-wodna-smokelab-classic\/","title":{"rendered":"Kubek do fajki wodnej SMOKELAB Classic"},"content":{"rendered":"<h2>Kubek do fajki wodnej SMOKELAB Classic<\/h2>\n<p>Kubek jest wystarczaj\u0105co gruby, aby zapewni\u0107 dobry wsp\u00f3\u0142czynnik ciep\u0142a, dobrze si\u0119 nagrzewa i oddaje ciep\u0142o bez przegrzania, \u015bredniej wielko\u015bci i doskona\u0142ego przenoszenia smaku. Konsumpcja tytoniu wynosi oko\u0142o 20-25 gram\u00f3w.<\/p>\n<p>Specyfikacje:<br \/>\nWysoko\u015b\u0107: 91 mm<br \/>\n\u015arednica (zewn\u0119trzna): 77 mm<br \/>\n\u015arednica (wewn\u0119trzna): 67 mm<br \/>\nG\u0142\u0119boko\u015b\u0107: 22 mm<br \/>\n\u015arednica otworu: 6mm<br \/>\nIlo\u015b\u0107 otwor\u00f3w: 6 szt<br \/>\nWaga: oko\u0142o 262 gram\u00f3w<\/p>\n<p>Czy masz jakie\u015b pytania? Skontaktuj si\u0119 z nami\u00a0<a href=\"https:\/\/hookahshop.lt\/pl\/lacznosc\/\">strona z kontaktami<\/a>\u00a0lub napisz do nas na adres\u00a0<a href=\"https:\/\/facebook.com\/HookahShop.lt\/\" target=\"_blank\" rel=\"noopener noreferrer\">konto na Facebooku<\/a>\u00a0a my odpowiemy na Twoj\u0105 pro\u015bb\u0119 tego samego dnia.<\/p>","protected":false},"excerpt":{"rendered":"<p>Kubek do fajki wodnej SMOKELAB Classic Kubek jest wystarczaj\u0105co gruby, aby zapewni\u0107 dobry wsp\u00f3\u0142czynnik ciep\u0142a, dobrze si\u0119 nagrzewa i oddaje ciep\u0142o bez przegrzania, \u015bredniej wielko\u015bci i doskonale przekazuje smak. Konsumpcja tytoniu wynosi oko\u0142o 20-25 gram\u00f3w. Dane techniczne: Wysoko\u015b\u0107: 91 mm \u015arednica (zewn\u0119trzna): 77 mm \u015arednica (wewn\u0119trzna): 67 mm G\u0142\u0119boko\u015b\u0107: 22 mm \u015arednica otworu: 6 mm Ilo\u015b\u0107 otwor\u00f3w: 6 szt Waga: [\u2026]<\/p>","protected":false},"featured_media":21044,"comment_status":"open","ping_status":"closed","template":"","meta":[],"_links":{"self":[{"href":"https:\/\/hookahshop.lt\/pl\/wp-json\/wp\/v2\/product\/21043"}],"collection":[{"href":"https:\/\/hookahshop.lt\/pl\/wp-json\/wp\/v2\/product"}],"about":[{"href":"https:\/\/hookahshop.lt\/pl\/wp-json\/wp\/v2\/types\/product"}],"replies":[{"embeddable":true,"href":"https:\/\/hookahshop.lt\/pl\/wp-json\/wp\/v2\/comments?post=21043"}],"version-history":[{"count":3,"href":"https:\/\/hookahshop.lt\/pl\/wp-json\/wp\/v2\/product\/21043\/revisions"}],"predecessor-version":[{"id":21660,"href":"https:\/\/hookahshop.lt\/pl\/wp-json\/wp\/v2\/product\/21043\/revisions\/21660"}],"wp:featuredmedia":[{"embeddable":true,"href":"https:\/\/hookahshop.lt\/pl\/wp-json\/wp\/v2\/media\/21044"}],"wp:attachment":[{"href":"https:\/\/hookahshop.lt\/pl\/wp-json\/wp\/v2\/media?parent=21043"}],"curies":[{"name":"wp","href":"https:\/\/api.w.org\/{rel}","templated":true}]}}