{"id":21054,"date":"2021-03-30T21:33:43","date_gmt":"2021-03-30T18:33:43","guid":{"rendered":"https:\/\/hookahshop.lt\/?post_type=product&#038;p=21054"},"modified":"2026-04-15T23:29:18","modified_gmt":"2026-04-15T20:29:18","slug":"znyples-kaljano-anglims-japona-hookah","status":"publish","type":"product","link":"https:\/\/hookahshop.lt\/pl\/produkt\/fajka-wodna-szisza-wegiel-japonska-szisza\/","title":{"rendered":"Szczypce do w\u0119gla drzewnego do fajki wodnej JAPONA HOOKAH"},"content":{"rendered":"<h2>Szczypce do w\u0119gla drzewnego do fajki wodnej JAPONA HOOKAH<\/h2>\n<p>Szczypce do fajki wodnej Japona - ostrze z grawerem fajki wodnej Japona na r\u0119koje\u015bci. Model wykonany jest tradycyjnie w duchu japo\u0144skim. Stylizowany na n\u00f3\u017c bojowy. Zapakowane w drewniane pude\u0142ko upominkowe, kt\u00f3re idealnie pasuje do tematu. B\u0119dziesz mia\u0142 du\u017c\u0105 p\u0142aszczyzn\u0119 docisku w\u0119gla, bardzo wygodn\u0105.<\/p>\n<p><strong>Specyfikacje:<\/strong><br \/>\nD\u0142ugo\u015b\u0107: 230 mm<br \/>\nWaga: oko\u0142o 90 gram\u00f3w<\/p>\n<p>Czy masz jakie\u015b pytania? Skontaktuj si\u0119 z nami\u00a0<a href=\"https:\/\/hookahshop.lt\/pl\/lacznosc\/\">strona z kontaktami<\/a>\u00a0lub napisz do nas na adres\u00a0<a href=\"https:\/\/facebook.com\/HookahShop.lt\/\" target=\"_blank\" rel=\"noopener noreferrer\">konto na Facebooku<\/a>\u00a0a my odpowiemy na Twoj\u0105 pro\u015bb\u0119 tego samego dnia.<\/p>","protected":false},"excerpt":{"rendered":"<p>Szczypce do w\u0119gla do fajki wodnej JAPAN HOOKAH Szczypce do fajki wodnej Japan - ostrze z japo\u0144skim grawerem fajki wodnej na r\u0119koje\u015bci. Model wykonany jest tradycyjnie w duchu japo\u0144skim. Stylizowany na n\u00f3\u017c bojowy. Zapakowane w drewniane pude\u0142ko upominkowe, kt\u00f3re idealnie pasuje do tematu. B\u0119dziesz mia\u0142 du\u017c\u0105 p\u0142aszczyzn\u0119 docisku w\u0119gla, bardzo wygodn\u0105. Dane techniczne: D\u0142ugo\u015b\u0107: 230 mm Waga: oko\u0142o 90 gram\u00f3w Pytania? Skontaktuj si\u0119 z nami na stronie kontaktowej lub [\u2026]<\/p>","protected":false},"featured_media":21055,"comment_status":"open","ping_status":"closed","template":"","meta":[],"_links":{"self":[{"href":"https:\/\/hookahshop.lt\/pl\/wp-json\/wp\/v2\/product\/21054"}],"collection":[{"href":"https:\/\/hookahshop.lt\/pl\/wp-json\/wp\/v2\/product"}],"about":[{"href":"https:\/\/hookahshop.lt\/pl\/wp-json\/wp\/v2\/types\/product"}],"replies":[{"embeddable":true,"href":"https:\/\/hookahshop.lt\/pl\/wp-json\/wp\/v2\/comments?post=21054"}],"version-history":[{"count":4,"href":"https:\/\/hookahshop.lt\/pl\/wp-json\/wp\/v2\/product\/21054\/revisions"}],"predecessor-version":[{"id":31830,"href":"https:\/\/hookahshop.lt\/pl\/wp-json\/wp\/v2\/product\/21054\/revisions\/31830"}],"wp:featuredmedia":[{"embeddable":true,"href":"https:\/\/hookahshop.lt\/pl\/wp-json\/wp\/v2\/media\/21055"}],"wp:attachment":[{"href":"https:\/\/hookahshop.lt\/pl\/wp-json\/wp\/v2\/media?parent=21054"}],"curies":[{"name":"wp","href":"https:\/\/api.w.org\/{rel}","templated":true}]}}